{"id":2862,"date":"2024-04-04T12:19:27","date_gmt":"2024-04-04T10:19:27","guid":{"rendered":"https:\/\/www.jackguichard.fr\/?page_id=2862"},"modified":"2024-04-04T12:27:46","modified_gmt":"2024-04-04T10:27:46","slug":"livre-50-experiences-faciles-et-surprenantes","status":"publish","type":"page","link":"https:\/\/www.jackguichard.fr\/?page_id=2862","title":{"rendered":"\u00a0livre \u00ab\u00a050 exp\u00e9riences faciles et surprenantes\u00a0\u00bb"},"content":{"rendered":"\n<p><a href=\"https:\/\/site.nathan.fr\/livres\/la-science-cest-magique-50-experiences-des-6-ans-9782095032760.html\">La science c&rsquo;est magique ! 50 exp\u00e9riences &#8211; D\u00e8s 6 ans chez Nathan<\/a><\/p>\n\n\n\n<div class=\"wp-block-columns is-layout-flex wp-container-core-columns-is-layout-9d6595d7 wp-block-columns-is-layout-flex\">\n<div class=\"wp-block-column is-layout-flow wp-block-column-is-layout-flow\" style=\"flex-basis:100%\">\n<figure class=\"wp-block-image size-full\"><img loading=\"lazy\" decoding=\"async\" width=\"400\" height=\"451\" src=\"https:\/\/www.jackguichard.fr\/wp-content\/uploads\/2024\/04\/9782095032760-2.jpg\" alt=\"\" class=\"wp-image-2870\" srcset=\"https:\/\/www.jackguichard.fr\/wp-content\/uploads\/2024\/04\/9782095032760-2.jpg 400w, https:\/\/www.jackguichard.fr\/wp-content\/uploads\/2024\/04\/9782095032760-2-266x300.jpg 266w\" sizes=\"auto, (max-width: 400px) 100vw, 400px\" \/><\/figure>\n<\/div>\n<\/div>\n\n\n\n<p>D\u00e8s 6 ans<\/p>\n\n\n\n<h1 class=\"wp-block-heading\">La science c&rsquo;est magique ! 50 exp\u00e9riences &#8211; D\u00e8s 6 ans<\/h1>\n\n\n\n<p>de&nbsp;<a href=\"https:\/\/site.nathan.fr\/auteurs\/jack-guichard.html\">Jack Guichard<\/a>,&nbsp;&nbsp;<a href=\"https:\/\/site.nathan.fr\/auteurs\/cecile-jugla.html\">C\u00e9cile Jugla<\/a>,&nbsp;&nbsp;<a href=\"https:\/\/site.nathan.fr\/auteurs\/laurent-simon.html\">Laurent Simon<\/a><\/p>\n\n\n\n<h2 class=\"wp-block-heading\" id=\"read-more\">Quand la science rend magicien !\u00a0Des exp\u00e9riences spectaculaires, rapides \u00e0 r\u00e9aliser et tr\u00e8s facile avec du mat\u00e9riel disponible \u00e0 la maison !<\/h2>\n\n\n\n<p>Fais flotter un citron, devine quel \u00e2ge \u00e0 ton \u0153uf, fabrique un message secret, colle des ballons au plafond&#8230;<\/p>\n\n\n\n<p><strong>50 exp\u00e9riences tr\u00e8s impressionnantes pour s&rsquo;amuser en famille et d\u00e9velopper la curiosit\u00e9 scientifique<\/strong>&nbsp;avec du mat\u00e9riel qu&rsquo;on a tous \u00e0 la maison : eau, citrons, \u0153ufs, feuille de papier, ballons de baudruche, sel ou huile&#8230; des activit\u00e9s tr\u00e8s rapides et faciles&nbsp;<strong>pour un effet WAOUH !<\/strong><\/p>\n","protected":false},"excerpt":{"rendered":"<p>La science c&rsquo;est magique ! 50 exp\u00e9riences &#8211; D\u00e8s 6 ans chez Nathan D\u00e8s 6 ans La science c&rsquo;est magique ! 50 exp\u00e9riences &#8211; D\u00e8s 6 ans de&nbsp;Jack Guichard,&nbsp;&nbsp;C\u00e9cile Jugla,&nbsp;&nbsp;Laurent Simon Quand la science rend magicien !\u00a0Des exp\u00e9riences spectaculaires, rapides \u00e0 r\u00e9aliser et tr\u00e8s facile avec du mat\u00e9riel disponible \u00e0 la maison ! Fais flotter &hellip;<br \/><a href=\"https:\/\/www.jackguichard.fr\/?page_id=2862\">Read more <span class=\"meta-nav\">&rarr;<\/span><\/a><\/p>\n","protected":false},"author":8,"featured_media":0,"parent":33,"menu_order":1,"comment_status":"closed","ping_status":"closed","template":"","meta":{"footnotes":""},"class_list":["post-2862","page","type-page","status-publish","hentry"],"jetpack_sharing_enabled":true,"_links":{"self":[{"href":"https:\/\/www.jackguichard.fr\/index.php?rest_route=\/wp\/v2\/pages\/2862","targetHints":{"allow":["GET"]}}],"collection":[{"href":"https:\/\/www.jackguichard.fr\/index.php?rest_route=\/wp\/v2\/pages"}],"about":[{"href":"https:\/\/www.jackguichard.fr\/index.php?rest_route=\/wp\/v2\/types\/page"}],"author":[{"embeddable":true,"href":"https:\/\/www.jackguichard.fr\/index.php?rest_route=\/wp\/v2\/users\/8"}],"replies":[{"embeddable":true,"href":"https:\/\/www.jackguichard.fr\/index.php?rest_route=%2Fwp%2Fv2%2Fcomments&post=2862"}],"version-history":[{"count":3,"href":"https:\/\/www.jackguichard.fr\/index.php?rest_route=\/wp\/v2\/pages\/2862\/revisions"}],"predecessor-version":[{"id":2871,"href":"https:\/\/www.jackguichard.fr\/index.php?rest_route=\/wp\/v2\/pages\/2862\/revisions\/2871"}],"up":[{"embeddable":true,"href":"https:\/\/www.jackguichard.fr\/index.php?rest_route=\/wp\/v2\/pages\/33"}],"wp:attachment":[{"href":"https:\/\/www.jackguichard.fr\/index.php?rest_route=%2Fwp%2Fv2%2Fmedia&parent=2862"}],"curies":[{"name":"wp","href":"https:\/\/api.w.org\/{rel}","templated":true}]}}