{"id":2881,"date":"2024-11-09T13:50:10","date_gmt":"2024-11-09T12:50:10","guid":{"rendered":"https:\/\/www.jackguichard.fr\/?page_id=2881"},"modified":"2024-11-09T13:51:34","modified_gmt":"2024-11-09T12:51:34","slug":"lhistoire-du-numerique-cest-pas-sorcier","status":"publish","type":"page","link":"https:\/\/www.jackguichard.fr\/?page_id=2881","title":{"rendered":"l&rsquo;histoire du num\u00e9rique c&rsquo;est pas sorcier"},"content":{"rendered":"\n<p>livre parution 04\/09\/24<br>\u00e9diteur \u00ab\u00a02 coqs d&rsquo;or\u00a0\u00bb<\/p>\n\n\n\n<figure class=\"wp-block-image size-full\"><img loading=\"lazy\" decoding=\"async\" width=\"340\" height=\"340\" src=\"https:\/\/www.jackguichard.fr\/wp-content\/uploads\/2024\/11\/C-est-pas-sorcier-L-histoire-du-numerique.jpg\" alt=\"\" class=\"wp-image-2882\" srcset=\"https:\/\/www.jackguichard.fr\/wp-content\/uploads\/2024\/11\/C-est-pas-sorcier-L-histoire-du-numerique.jpg 340w, https:\/\/www.jackguichard.fr\/wp-content\/uploads\/2024\/11\/C-est-pas-sorcier-L-histoire-du-numerique-300x300.jpg 300w, https:\/\/www.jackguichard.fr\/wp-content\/uploads\/2024\/11\/C-est-pas-sorcier-L-histoire-du-numerique-150x150.jpg 150w\" sizes=\"auto, (max-width: 340px) 100vw, 340px\" \/><\/figure>\n\n\n\n<p>Un mix d&rsquo;informations, de quiz, de chiffres cl\u00e9s, d&rsquo;activit\u00e9s, de photos et d&rsquo;illustrations sur l&rsquo;Histoire du num\u00e9rique et des nouvelles technologies dans le monde au fil des si\u00e8cles jusqu&rsquo;\u00e0 nos jours. 96 pages structur\u00e9es en 5 grandes parties qui explorent les \u00e9v\u00e9nements-cl\u00e9s, les personnages marquants, les d\u00e9couvertes, les inventions et les \u00e9volutions de soci\u00e9t\u00e9. De nombreuses rubriques animent les doubles pages : Vrai ou faux ; Le sais-tu ? ; Incroyable mais vrai&#8230; \u00c0 la fin de chaque chapitre, un quiz permet de tester&#8230;<\/p>\n","protected":false},"excerpt":{"rendered":"<p>livre parution 04\/09\/24\u00e9diteur \u00ab\u00a02 coqs d&rsquo;or\u00a0\u00bb Un mix d&rsquo;informations, de quiz, de chiffres cl\u00e9s, d&rsquo;activit\u00e9s, de photos et d&rsquo;illustrations sur l&rsquo;Histoire du num\u00e9rique et des nouvelles technologies dans le monde au fil des si\u00e8cles jusqu&rsquo;\u00e0 nos jours. 96 pages structur\u00e9es en 5 grandes parties qui explorent les \u00e9v\u00e9nements-cl\u00e9s, les personnages marquants, les d\u00e9couvertes, les inventions &hellip;<br \/><a href=\"https:\/\/www.jackguichard.fr\/?page_id=2881\">Read more <span class=\"meta-nav\">&rarr;<\/span><\/a><\/p>\n","protected":false},"author":8,"featured_media":0,"parent":33,"menu_order":0,"comment_status":"closed","ping_status":"closed","template":"","meta":{"footnotes":""},"class_list":["post-2881","page","type-page","status-publish","hentry"],"jetpack_sharing_enabled":true,"_links":{"self":[{"href":"https:\/\/www.jackguichard.fr\/index.php?rest_route=\/wp\/v2\/pages\/2881","targetHints":{"allow":["GET"]}}],"collection":[{"href":"https:\/\/www.jackguichard.fr\/index.php?rest_route=\/wp\/v2\/pages"}],"about":[{"href":"https:\/\/www.jackguichard.fr\/index.php?rest_route=\/wp\/v2\/types\/page"}],"author":[{"embeddable":true,"href":"https:\/\/www.jackguichard.fr\/index.php?rest_route=\/wp\/v2\/users\/8"}],"replies":[{"embeddable":true,"href":"https:\/\/www.jackguichard.fr\/index.php?rest_route=%2Fwp%2Fv2%2Fcomments&post=2881"}],"version-history":[{"count":2,"href":"https:\/\/www.jackguichard.fr\/index.php?rest_route=\/wp\/v2\/pages\/2881\/revisions"}],"predecessor-version":[{"id":2884,"href":"https:\/\/www.jackguichard.fr\/index.php?rest_route=\/wp\/v2\/pages\/2881\/revisions\/2884"}],"up":[{"embeddable":true,"href":"https:\/\/www.jackguichard.fr\/index.php?rest_route=\/wp\/v2\/pages\/33"}],"wp:attachment":[{"href":"https:\/\/www.jackguichard.fr\/index.php?rest_route=%2Fwp%2Fv2%2Fmedia&parent=2881"}],"curies":[{"name":"wp","href":"https:\/\/api.w.org\/{rel}","templated":true}]}}