{"id":289,"date":"2011-03-24T09:02:27","date_gmt":"2011-03-24T09:02:27","guid":{"rendered":"http:\/\/jackguichard.wordpress.com\/?page_id=289"},"modified":"2020-01-27T18:16:58","modified_gmt":"2020-01-27T17:16:58","slug":"quelle-place-des-nouvelles-technologies-dans-leducation-de-demain","status":"publish","type":"page","link":"https:\/\/www.jackguichard.fr\/?page_id=289","title":{"rendered":"Nouvelles technologies dans l\u2019\u00e9ducation"},"content":{"rendered":"<p>de nouvelles fa\u00e7ons d\u2019apprendre et de nouvelles comp\u00e9tences \u00e0 acqu\u00e9rir, de nouvelles fa\u00e7ons d\u2019enseigner et d\u2019organiser le temps scolaire:<\/p>\n<p><a href=\"http:\/\/www.acteurs-ecoles.fr\/contact\/guichard\/\" target=\"_blank\" rel=\"noopener noreferrer\">conf\u00e9rence \u00a0\u00ab\u00a0les mains dans le r\u00e9el, la t\u00eate dans le virtuel\u00a0\u00bb<\/a> r\u00e9sum\u00e9 de la\u00a0<em>conf\u00e9rence<\/em> faite \u00e0 l&rsquo;invitation de la Haute \u00c9cole Charlemagne de Li\u00e8ge par\u00a0<em>Jack GUICHARD<\/em><\/p>\n<div>\n<p>A l&rsquo;aube du d\u00e9veloppement de l&rsquo;e-Learning, au moment o\u00f9 se multiplient les produits \u00e9ducatifs num\u00e9riques et ou explose la quantit\u00e9 d&rsquo;information disponible sur internet, certains imaginent une \u00e9cole o\u00f9 le terminal num\u00e9rique remplacera l&rsquo;enseignant. Si techniquement cette solution est envisageable peut-elle remplacer l&rsquo;\u00e9cole ?<\/p>\n<p><!--more--><\/p>\n<p><strong>La t\u00eate dans le virtuel<br \/>\n<\/strong>Demain chaque \u00e9l\u00e8ve aura son portable qu&rsquo;il pourra utiliser de fa\u00e7on autonome \u00e0 la maison ou dans les centres de documentation, mais qu&rsquo;il pourra aussi relier au r\u00e9seau de sa classe pour d\u00e9velopper un travail en commun avec ses pairs.<br \/>\nLes programmes \u00e9ducatifs permettront une \u00e9valuation syst\u00e9matique et continue des comp\u00e9tences et des connaissances acquises par les \u00e9l\u00e8ves. Ils commenceront par un test syst\u00e9matique et automatis\u00e9, afin de d\u00e9couvrir les processus d&rsquo;apprentissages les plus performant pour chaque \u00e9l\u00e8ve.<br \/>\nDe nombreux indicateurs inclus dans les logiciels permettront une \u00e9valuation formative personnalis\u00e9e et une rem\u00e9diation adapt\u00e9e. A chaque erreur de l&rsquo;\u00e9l\u00e8ve, ils proposeront des explications et des exercices adapt\u00e9s. Ainsi on aboutira \u00e0 un enseignement diff\u00e9renci\u00e9 et individualis\u00e9.<br \/>\nLe parcours dans les apprentissages pourra \u00eatre adapt\u00e9 \u00e0 chaque \u00e9l\u00e8ve gr\u00e2ce \u00e0 des programmes multim\u00e9dias multipliant les types d&rsquo;approche de chaque question. Les apprentissages seront construits \u00e0 partir de situations probl\u00e8mes permettant de construire un cheminement dans le savoir \u00e0 partir de questionnements diff\u00e9rents. L&rsquo;enfant aura un v\u00e9ritable t\u00e2tonnement exp\u00e9rimental face \u00e0 la machine, pouvant ainsi remettre en cause ses conceptions, mobilisant ses connaissances ant\u00e9rieures afin de les mettre en relation avec les nouvelles. Gr\u00e2ce aux r\u00e9ponses en temps r\u00e9el de la machine, il pourra avoir une correction imm\u00e9diate de ses erreurs, alors qu&rsquo;il a encore bien en t\u00eate son raisonnement.<br \/>\nL&rsquo;apprenant n&rsquo;ayant pas peur du jugement de la machine, l&rsquo;erreur retrouvera alors toute sa valeur p\u00e9dagogique.<br \/>\nA un syst\u00e8me d&rsquo;\u00e9ducation fond\u00e9 sur la m\u00e9morisation, la g\u00e9n\u00e9ralisation du multim\u00e9dia et des r\u00e9seaux aura conduit \u00e0 un syst\u00e8me de construction de d\u00e9marches et de connaissances fonctionnelles et une strat\u00e9gie de navigation dans l&rsquo;information.<br \/>\nAlors, devant ce tableau idyllique, l&rsquo;enseignant aura t-il disparu ? et l&rsquo;\u00e9cole elle-m\u00eame ? Le corps professoral sera- t&rsquo;il r\u00e9duit \u00e0 quelques concepteurs de produits ?<\/p>\n<p><strong>Apprendre ensemble<\/strong><\/p>\n<p>Une interaction intellectuelle via le r\u00e9seau peut-elle \u00eatre suffisante ? Les chercheurs ont d\u00e9montr\u00e9 depuis longtemps le r\u00f4le de la co\u00e9ducation dans les apprentissages et en particulier l&rsquo;importance des interactions physiques et des \u00e9changes en direct, ainsi que l&rsquo;importance du r\u00f4le de m\u00e9diation directe de l&rsquo;enseignant. Le syst\u00e8me \u00e9ducatif aura int\u00e9gr\u00e9 que l&rsquo;apprentissage le plus f\u00e9cond s&rsquo;effectue par accompagnement tutoriel de l&rsquo;adulte et des confrontations entre les apprenants.<\/p>\n<p>L&rsquo;utilisation du multim\u00e9dia ne conduira d&rsquo;ailleurs pas \u00e0 un apprentissage isol\u00e9, les enfants \u00e9prouvant le besoin de communiquer et d&rsquo;agir ensemble, ce qui correspond d&rsquo;ailleurs \u00e0 une r\u00e9alit\u00e9 sociale. Ainsi, l&rsquo;\u00e9cole aura toujours un r\u00f4le essentiel et incontournable dans la socialisation et l&rsquo;\u00e9ducation citoyenne des enfants.<\/p>\n<p><strong>La t\u00eate et les mains dans le r\u00e9el<\/strong><\/p>\n<p>L&rsquo;apprentissage s&rsquo;est effectu\u00e9 pendant des si\u00e8cles par la confrontation avec les faits, la mise \u00e0 l&rsquo;\u00e9preuve, la r\u00e9f\u00e9rence au concret et au v\u00e9cu, dans l&rsquo;action sur le r\u00e9el avec son p\u00e8re dans les champs ou avec son ma\u00eetre artisan. Le jeune enfant apprend avec ses mains, par le contact avec l&rsquo;objet, par l&rsquo;implication dans l&rsquo;action comme l&rsquo;ont bien d\u00e9montr\u00e9 les exp\u00e9riences \u00ab hands on \u00bb des quartiers d\u00e9sh\u00e9rit\u00e9s de Chicago et celles effectu\u00e9es chez nous dans les ZEP.<\/p>\n<p>L&rsquo;\u00e9ducation scientifique \u00e0 l&rsquo;\u00e9cole repose sur l&rsquo;exp\u00e9rimentation et l&rsquo;investigation directe sur des objets r\u00e9els. Les <a href=\"http:\/\/www.larecherche.fr\/content\/recherche\/article?id=3496\" target=\"_blank\" rel=\"noopener noreferrer\">recherches effectu\u00e9es lors de la r\u00e9alisation des espaces de d\u00e9couverte pour les enfants dans les mus\u00e9es<\/a> ont montr\u00e9 \u00e0 la fois l&rsquo;int\u00e9r\u00eat et l&rsquo;impact p\u00e9dagogiques d&rsquo;une telle d\u00e9marche, mais aussi l&rsquo;attractivit\u00e9 pour les enfants. Le rapport au savoir est favoris\u00e9 par une approche du r\u00e9el et ces lieux d&rsquo;exp\u00e9rimentations interactives ont d\u00e9montr\u00e9 leur int\u00e9r\u00eat pour les jeunes.<\/p>\n<p><strong>Mais ne pourrait-on pas remplacer ces exp\u00e9riences directes par la m\u00eame d\u00e9marche effectu\u00e9e via l&rsquo;ordinateur ?<\/strong><br \/>\nLes recherches men\u00e9es actuellement par mon \u00e9quipe sur l&rsquo;\u00e9ducation scientifique permettent de relativiser le tout multim\u00e9dia. En effet nous testons le rapport au savoir et l&rsquo;impact sur la <a href=\"http:\/\/doc.ocim.fr\/LO\/LO091\/LO.91(1)-pp.04-10.pdf\" target=\"_blank\" rel=\"noopener noreferrer\">compr\u00e9hension de ph\u00e9nom\u00e8nes scientifiques \u00e0 partir de manipulations r\u00e9elles et d&rsquo;exp\u00e9riences scientifiques recr\u00e9\u00e9es sur \u00e9cran<\/a>. Nous comparons l&rsquo;int\u00e9r\u00eat pour les \u00e9l\u00e8ves, leur rapport au savoir et l&rsquo;impact sur leur compr\u00e9hension d&rsquo;exp\u00e9riences en physique et en biologie. Ils peuvent les r\u00e9aliser en manipulant des objets r\u00e9els ou en pilotant des simulations informatiques.<br \/>\nM\u00eame si elle est favoris\u00e9e par une exp\u00e9rience assist\u00e9e sur \u00e9cran qui inclue des explications et des r\u00e9flexions adapt\u00e9es aux essais et aux erreurs des \u00e9l\u00e8ves, dans tous les cas la compr\u00e9hension est meilleure avec l&rsquo;exp\u00e9rimentation r\u00e9elle sur les objets.<\/p>\n<p>Cette premi\u00e8re approche de la question renforce l&rsquo;importance donn\u00e9e \u00e0 une \u00e9ducation scientifique \u00e0 l&rsquo;\u00e9cole par exp\u00e9rimentation directe, comme le pr\u00e9conisent les nouveaux programmes, et en particulier pour les \u00e9l\u00e8ves les plus en difficult\u00e9. On peut ainsi penser que cette forme d&rsquo;\u00e9ducation se poursuivra en face du multim\u00e9dia \u00e0 cause de l&rsquo;apport compl\u00e9mentaire, par un rapport au savoir diff\u00e9rent, que peut jouer le multim\u00e9dia pour structurer et renforcer les apprentissages.<\/p>\n<p><strong>Donner envie d&rsquo;apprendre<br \/>\n<\/strong>Mais ces \u00e9coles du futur, ces \u00e9coles de la r\u00e9ussite reposeront encore sur des enseignants qui auront d&rsquo;abord pour mission de mettre en place les conditions indispensables aux apprentissages, en transmettant leur passion, en d\u00e9veloppant le plaisir de la d\u00e9couverte, en construisant avec chaque \u00e9l\u00e8ve un projet d&rsquo;apprentissage, en favorisant les relations aux autres.<\/p>\n<p>D\u00e9gag\u00e9s d&rsquo;un face \u00e0 face permanent avec le groupe classe, ils auront le temps de mettre en place des situations p\u00e9dagogiques adapt\u00e9es et d&rsquo;effectuer une aide personnalis\u00e9e au moment o\u00f9 l&rsquo;\u00e9l\u00e8ve en a besoin, aid\u00e9 en cela par des marqueurs sur les produits d&rsquo;apprentissages multim\u00e9dia.<\/p>\n<p><strong>Ainsi l&rsquo;\u00e9cole du futur sera celle d&rsquo;une aventure guid\u00e9e par des enseignants dans les savoirs.<br \/>\n<\/strong><strong>Jack GUICHARD, <\/strong>Professeur des universit\u00e9s<\/p>\n<\/div>\n","protected":false},"excerpt":{"rendered":"<p>de nouvelles fa\u00e7ons d\u2019apprendre et de nouvelles comp\u00e9tences \u00e0 acqu\u00e9rir, de nouvelles fa\u00e7ons d\u2019enseigner et d\u2019organiser le temps scolaire: conf\u00e9rence \u00a0\u00ab\u00a0les mains dans le r\u00e9el, la t\u00eate dans le virtuel\u00a0\u00bb r\u00e9sum\u00e9 de la\u00a0conf\u00e9rence faite \u00e0 l&rsquo;invitation de la Haute \u00c9cole Charlemagne de Li\u00e8ge par\u00a0Jack GUICHARD A l&rsquo;aube du d\u00e9veloppement de l&rsquo;e-Learning, au moment o\u00f9 se &hellip;<br \/><a href=\"https:\/\/www.jackguichard.fr\/?page_id=289\">Read more <span class=\"meta-nav\">&rarr;<\/span><\/a><\/p>\n","protected":false},"author":8,"featured_media":0,"parent":27,"menu_order":12,"comment_status":"open","ping_status":"open","template":"template-full.php","meta":{"footnotes":""},"class_list":["post-289","page","type-page","status-publish","hentry"],"jetpack_sharing_enabled":true,"_links":{"self":[{"href":"https:\/\/www.jackguichard.fr\/index.php?rest_route=\/wp\/v2\/pages\/289","targetHints":{"allow":["GET"]}}],"collection":[{"href":"https:\/\/www.jackguichard.fr\/index.php?rest_route=\/wp\/v2\/pages"}],"about":[{"href":"https:\/\/www.jackguichard.fr\/index.php?rest_route=\/wp\/v2\/types\/page"}],"author":[{"embeddable":true,"href":"https:\/\/www.jackguichard.fr\/index.php?rest_route=\/wp\/v2\/users\/8"}],"replies":[{"embeddable":true,"href":"https:\/\/www.jackguichard.fr\/index.php?rest_route=%2Fwp%2Fv2%2Fcomments&post=289"}],"version-history":[{"count":11,"href":"https:\/\/www.jackguichard.fr\/index.php?rest_route=\/wp\/v2\/pages\/289\/revisions"}],"predecessor-version":[{"id":2051,"href":"https:\/\/www.jackguichard.fr\/index.php?rest_route=\/wp\/v2\/pages\/289\/revisions\/2051"}],"up":[{"embeddable":true,"href":"https:\/\/www.jackguichard.fr\/index.php?rest_route=\/wp\/v2\/pages\/27"}],"wp:attachment":[{"href":"https:\/\/www.jackguichard.fr\/index.php?rest_route=%2Fwp%2Fv2%2Fmedia&parent=289"}],"curies":[{"name":"wp","href":"https:\/\/api.w.org\/{rel}","templated":true}]}}