{"id":2945,"date":"2024-11-15T11:40:50","date_gmt":"2024-11-15T10:40:50","guid":{"rendered":"https:\/\/www.jackguichard.fr\/?page_id=2945"},"modified":"2025-03-19T17:15:27","modified_gmt":"2025-03-19T16:15:27","slug":"conference-ia-lintelligence-artificielle","status":"publish","type":"page","link":"https:\/\/www.jackguichard.fr\/?page_id=2945","title":{"rendered":"Conf\u00e9rence : IA, l&rsquo;intelligence artificielle"},"content":{"rendered":"\n<p>L&rsquo;IA : historique, applications dans tous les domaines, IA g\u00e9n\u00e9rative et ChatGPT, r\u00e9flexion sur les avantages et les risques<\/p>\n\n\n\n<p>12 novembre 2024 <em>conf\u00e9rence d&rsquo;une heure effectu\u00e9e en novembre 2024 pour les administrateurs du CMO \u00e0 Talmont<\/em><\/p>\n\n\n\n<p>23 janvier 2025 : visio conf\u00e9rence pour les v\u00e9t\u00e9rinaires du GNVR<\/p>\n\n\n\n<p>6 f\u00e9vrier 2025 : conf\u00e9rence pour l&rsquo;ANMONM (ordre du m\u00e9rite) 16 H 30 \u00e0 Maison du Combattant, 49 rue Benjamin Franklin La Roche-sur-Yon<\/p>\n\n\n\n<p>14 mars 2025 : conf\u00e9rence pour le Rotary aux Sables d&rsquo;Olonne \u00e0 la salle des conf\u00e9rences du mus\u00e9e de l&rsquo;abbaye Sainte Croix ( MASC)<\/p>\n\n\n\n<p>20 mars 2025 : conf\u00e9rence \u00e0 l&rsquo;ECSV<\/p>\n\n\n\n<p>Jeudi 3 avril 18h : conf\u00e9rence au cin\u00e9ma Le Manoir \u00e0 Talmont-Saint-Hilaire<\/p>\n\n\n\n<p><\/p>\n\n\n\n<figure class=\"wp-block-image size-large\"><img loading=\"lazy\" decoding=\"async\" width=\"1024\" height=\"1024\" src=\"https:\/\/www.jackguichard.fr\/wp-content\/uploads\/2024\/11\/3.2024.11.12_DSF8052-1024x1024.jpg\" alt=\"\" class=\"wp-image-2946\" srcset=\"https:\/\/www.jackguichard.fr\/wp-content\/uploads\/2024\/11\/3.2024.11.12_DSF8052-1024x1024.jpg 1024w, https:\/\/www.jackguichard.fr\/wp-content\/uploads\/2024\/11\/3.2024.11.12_DSF8052-300x300.jpg 300w, https:\/\/www.jackguichard.fr\/wp-content\/uploads\/2024\/11\/3.2024.11.12_DSF8052-150x150.jpg 150w, https:\/\/www.jackguichard.fr\/wp-content\/uploads\/2024\/11\/3.2024.11.12_DSF8052-768x768.jpg 768w, https:\/\/www.jackguichard.fr\/wp-content\/uploads\/2024\/11\/3.2024.11.12_DSF8052.jpg 1080w\" sizes=\"auto, (max-width: 1024px) 100vw, 1024px\" \/><\/figure>\n\n\n\n<figure class=\"wp-block-image size-large\"><img loading=\"lazy\" decoding=\"async\" width=\"1024\" height=\"451\" src=\"https:\/\/www.jackguichard.fr\/wp-content\/uploads\/2025\/01\/Capture-decran-2025-01-19-a-09.57.15-1024x451.png\" alt=\"\" class=\"wp-image-3001\" srcset=\"https:\/\/www.jackguichard.fr\/wp-content\/uploads\/2025\/01\/Capture-decran-2025-01-19-a-09.57.15-1024x451.png 1024w, https:\/\/www.jackguichard.fr\/wp-content\/uploads\/2025\/01\/Capture-decran-2025-01-19-a-09.57.15-300x132.png 300w, https:\/\/www.jackguichard.fr\/wp-content\/uploads\/2025\/01\/Capture-decran-2025-01-19-a-09.57.15-768x338.png 768w, https:\/\/www.jackguichard.fr\/wp-content\/uploads\/2025\/01\/Capture-decran-2025-01-19-a-09.57.15.png 1376w\" sizes=\"auto, (max-width: 1024px) 100vw, 1024px\" \/><\/figure>\n\n\n\n<p>Un passionnant voyage pour comprendre l&rsquo;intelligence artificielle et son d\u00e9veloppement qui suscite tant de d\u00e9bats, ainsi que tous les outils utilisant l\u2019IA qui prennent de plus en plus de place dans notre quotidien.<\/p>\n\n\n\n<p>Apr\u00e8s avoir d\u00e9fini ce qu\u2019est l\u2019IA, Jack Guichard fait revivre l\u2019histoire de son d\u00e9veloppement \u00e0 partir de ses \u00e9tudes sur les r\u00e9seaux de neurones et explique comment on fait apprendre les machines.&nbsp;<\/p>\n\n\n\n<p>Il nous fait ensuite d\u00e9couvrir tous les objets du quotidien qui utilisent l\u2019IA, sans qu\u2019on le sache, \u00e0 la maison, au travail et dans tous les domaines&nbsp;: m\u00e9dical, industriel, spatial, sportif, finance, transports&#8230;&nbsp;<\/p>\n\n\n\n<p>Il montre ce que l\u2019IA g\u00e9n\u00e9rative permet de r\u00e9aliser en un clic et comment d\u00e9tecter les fake-news produites avec ces moyens.<\/p>\n\n\n\n<p>Il explique comment utiliser chatGPT et comment l\u2019\u00e9cole peut utiliser l\u2019IA. Il r\u00e9v\u00e8le aussi tous les dangers que ce fabuleux outil peut g\u00e9n\u00e9rer et comment les \u00e9viter.<\/p>\n\n\n\n<p>Vous pourrez ainsi d\u00e9couvrir les \u00e9normes potentialit\u00e9s de ce formidable outil, qu\u2019il faut bien connaitre pour apprendre \u00e0 le ma\u00eetriser afin de construire notre avenir.<\/p>\n\n\n\n<p><em>&nbsp;Jack GUICHARD a \u00e9t\u00e9 Directeur du Palais de la D\u00e9couverte. Apr\u00e8s avoir \u00e9t\u00e9 chercheur sur les r\u00e9seaux de neurones, il a \u00e9t\u00e9 responsable du Centre d\u2019Enseignement et de Recherche sur les Technologies Multim\u00e9dia \u00e0 Paris. Ancien professeur des Universit\u00e9s et chercheur, il est \u00e0 la fois scientifique et sp\u00e9cialiste d&rsquo;\u00e9ducation et de communication. Il est l&rsquo;auteur d&rsquo;une centaine de livres d&rsquo;\u00e9ducation et de vulgarisation scientifique, dont le dernier livre de la collection \u00ab&nbsp;C\u2019est pas sorcier&nbsp;\u00bb explique l\u2019histoire du num\u00e9rique qui a conduit au d\u00e9veloppement de l\u2019intelligence artificielle.<\/em><\/p>\n\n\n\n<figure class=\"wp-block-image size-full\"><img loading=\"lazy\" decoding=\"async\" width=\"908\" height=\"936\" src=\"https:\/\/www.jackguichard.fr\/wp-content\/uploads\/2025\/03\/image.png\" alt=\"\" class=\"wp-image-3033\" srcset=\"https:\/\/www.jackguichard.fr\/wp-content\/uploads\/2025\/03\/image.png 908w, https:\/\/www.jackguichard.fr\/wp-content\/uploads\/2025\/03\/image-291x300.png 291w, https:\/\/www.jackguichard.fr\/wp-content\/uploads\/2025\/03\/image-768x792.png 768w\" sizes=\"auto, (max-width: 908px) 100vw, 908px\" \/><\/figure>\n","protected":false},"excerpt":{"rendered":"<p>L&rsquo;IA : historique, applications dans tous les domaines, IA g\u00e9n\u00e9rative et ChatGPT, r\u00e9flexion sur les avantages et les risques 12 novembre 2024 conf\u00e9rence d&rsquo;une heure effectu\u00e9e en novembre 2024 pour les administrateurs du CMO \u00e0 Talmont 23 janvier 2025 : visio conf\u00e9rence pour les v\u00e9t\u00e9rinaires du GNVR 6 f\u00e9vrier 2025 : conf\u00e9rence pour l&rsquo;ANMONM (ordre &hellip;<br \/><a href=\"https:\/\/www.jackguichard.fr\/?page_id=2945\">Read more <span class=\"meta-nav\">&rarr;<\/span><\/a><\/p>\n","protected":false},"author":8,"featured_media":0,"parent":27,"menu_order":0,"comment_status":"closed","ping_status":"closed","template":"","meta":{"footnotes":""},"class_list":["post-2945","page","type-page","status-publish","hentry"],"jetpack_sharing_enabled":true,"_links":{"self":[{"href":"https:\/\/www.jackguichard.fr\/index.php?rest_route=\/wp\/v2\/pages\/2945","targetHints":{"allow":["GET"]}}],"collection":[{"href":"https:\/\/www.jackguichard.fr\/index.php?rest_route=\/wp\/v2\/pages"}],"about":[{"href":"https:\/\/www.jackguichard.fr\/index.php?rest_route=\/wp\/v2\/types\/page"}],"author":[{"embeddable":true,"href":"https:\/\/www.jackguichard.fr\/index.php?rest_route=\/wp\/v2\/users\/8"}],"replies":[{"embeddable":true,"href":"https:\/\/www.jackguichard.fr\/index.php?rest_route=%2Fwp%2Fv2%2Fcomments&post=2945"}],"version-history":[{"count":6,"href":"https:\/\/www.jackguichard.fr\/index.php?rest_route=\/wp\/v2\/pages\/2945\/revisions"}],"predecessor-version":[{"id":3035,"href":"https:\/\/www.jackguichard.fr\/index.php?rest_route=\/wp\/v2\/pages\/2945\/revisions\/3035"}],"up":[{"embeddable":true,"href":"https:\/\/www.jackguichard.fr\/index.php?rest_route=\/wp\/v2\/pages\/27"}],"wp:attachment":[{"href":"https:\/\/www.jackguichard.fr\/index.php?rest_route=%2Fwp%2Fv2%2Fmedia&parent=2945"}],"curies":[{"name":"wp","href":"https:\/\/api.w.org\/{rel}","templated":true}]}}