{"id":295,"date":"2011-03-24T09:09:31","date_gmt":"2011-03-24T09:09:31","guid":{"rendered":"http:\/\/jackguichard.wordpress.com\/?page_id=295"},"modified":"2011-08-17T08:48:04","modified_gmt":"2011-08-17T06:48:04","slug":"la-revolution-de-la-museologie-des-sciences","status":"publish","type":"page","link":"https:\/\/www.jackguichard.fr\/?page_id=295","title":{"rendered":"La r\u00e9volution de la mus\u00e9ologie des sciences"},"content":{"rendered":"<table id=\"product_table\">\n<tbody>\n<tr>\n<td colspan=\"2\"><span style=\"color: #444444;\"><a href=\"http:\/\/presses.univ-lyon2.fr\/index.php?q=node\/68&amp;id_product=149\"><img decoding=\"async\" class=\"alignleft\" src=\"http:\/\/presses.univ-lyon2.fr\/files\/cache\/150_0000000149_MEDIAFILE_1253.jpg\" alt=\"\" width=\"99\" height=\"150px\" \/><\/a><\/span>LA R\u00c9VOLUTION DE LA MUS\u00c9OLOGIE DES SCIENCES :\u00a0Vers les mus\u00e9es du XXIe si\u00e8cle ?(ss la direction de\u00a0SCHIELE\u00a0Bernard,\u00a0KOSTER\u00a0Emlyn H.)<br \/>\nISBN13 : 978-2-7297-0599-2<\/p>\n<p><em>existe en version anglaise et chinoise<\/em><\/p>\n<p><span style=\"color: #444444;\">R\u00e9sum\u00e9: <\/span><\/p>\n<p id=\"summary\">Afin d&rsquo;initier les visiteurs au fondement des disciplines, de les familiariser avec les techniques, de les sensibiliser \u00e0 la recherche, de les informer des applications industrielles et plus g\u00e9n\u00e9ralement de leur faire prendre conscience du poids des sciences et des technologies dans notre devenir collectif et individuel, les mus\u00e9es scientifiques sont constamment \u00e0 l&rsquo;aff\u00fbt d&rsquo;id\u00e9es nouvelles. Il leur faut sans cesse renouveler les expositions, les d\u00e9monstrations, les animations, les ateliers, les \u00e9v\u00e8nements, bref, toutes ces activit\u00e9s offertes quotidiennement \u00e0 ceux qui franchissent leurs portes. Ils fourmillent de projets et sont ainsi le lieu d&rsquo;une perp\u00e9tuelle inventivit\u00e9. Mais cette inventivit\u00e9 est aujourd&rsquo;hui encore exacerb\u00e9e. La pouss\u00e9e des nouvelles technologies de communication, le souci constant des besoins du public, la tendance au d\u00e9sengagement de l&rsquo;\u00c9tat, la crise des valeurs forcent ces mus\u00e9es \u00e0 s&rsquo;adapter \u00e0 un environnement soci\u00e9tal mouvant et \u00e0 des attentes contradictoires. Il leur faut non seulement repenser leurs strat\u00e9gies et transformer leurs fa\u00e7ons de faire, mais ils se doivent de remettre en cause l&rsquo;id\u00e9e m\u00eame qu&rsquo;ils se font de leur mission. Cet ouvrage se veut dresser un \u00e9tat des lieux qui respecte l&rsquo;h\u00e9t\u00e9rog\u00e9n\u00e9it\u00e9 du champ mus\u00e9al sans d\u00e9fendre ni mettre en valeur une \u00e9cole de pens\u00e9e particuli\u00e8re. Les perspectives r\u00e9unies ici contribueront, sans aucun doute, \u00e0 mettre au jour les mouvements de fond qui se dessinent, l&rsquo;\u00e9volution de l&rsquo;institution elle-m\u00eame et le poids de ces changements dans la mus\u00e9ologie des sciences et des technologies. Dans cet esprit, il rassemble des contributions des meilleurs sp\u00e9cialistes du champ\u00a0: Steven Allison-Bunnell, James Bradburne, Christopher Bryant, Marie-Jeanne Choffel-Mailfert, Jean Davallon, Go\u00e9ry Delac\u00f4te, Dominique Ferriot, Alan J. Friedman, Andr\u00e9 Giordan, Michael Gore, Jack Guichard, Paul M. Helfrich, Daniel Jacobi, Bruno Jacomy, Jo\u00eblle Le Marec, Bruce V. Lewenstein, Roger Miles, John D. Miller, Raymond Montpetit.<\/p>\n<p><a href=\"http:\/\/books.google.com\/books?id=_90HP8SKNWQC&amp;printsec=frontcover&amp;hl=fr#v=onepage&amp;q&amp;f=false\" target=\"_blank\">lire la version num\u00e9rique sur google<\/a><\/td>\n<\/tr>\n<\/tbody>\n<\/table>\n","protected":false},"excerpt":{"rendered":"<p>LA R\u00c9VOLUTION DE LA MUS\u00c9OLOGIE DES SCIENCES :\u00a0Vers les mus\u00e9es du XXIe si\u00e8cle ?(ss la direction de\u00a0SCHIELE\u00a0Bernard,\u00a0KOSTER\u00a0Emlyn H.) ISBN13 : 978-2-7297-0599-2 existe en version anglaise et chinoise R\u00e9sum\u00e9: Afin d&rsquo;initier les visiteurs au fondement des disciplines, de les familiariser avec les techniques, de les sensibiliser \u00e0 la recherche, de les informer des applications industrielles et &hellip;<br \/><a href=\"https:\/\/www.jackguichard.fr\/?page_id=295\">Read more <span class=\"meta-nav\">&rarr;<\/span><\/a><\/p>\n","protected":false},"author":8,"featured_media":0,"parent":33,"menu_order":12,"comment_status":"open","ping_status":"open","template":"template-full.php","meta":{"footnotes":""},"class_list":["post-295","page","type-page","status-publish","hentry"],"jetpack_sharing_enabled":true,"_links":{"self":[{"href":"https:\/\/www.jackguichard.fr\/index.php?rest_route=\/wp\/v2\/pages\/295","targetHints":{"allow":["GET"]}}],"collection":[{"href":"https:\/\/www.jackguichard.fr\/index.php?rest_route=\/wp\/v2\/pages"}],"about":[{"href":"https:\/\/www.jackguichard.fr\/index.php?rest_route=\/wp\/v2\/types\/page"}],"author":[{"embeddable":true,"href":"https:\/\/www.jackguichard.fr\/index.php?rest_route=\/wp\/v2\/users\/8"}],"replies":[{"embeddable":true,"href":"https:\/\/www.jackguichard.fr\/index.php?rest_route=%2Fwp%2Fv2%2Fcomments&post=295"}],"version-history":[{"count":2,"href":"https:\/\/www.jackguichard.fr\/index.php?rest_route=\/wp\/v2\/pages\/295\/revisions"}],"predecessor-version":[{"id":516,"href":"https:\/\/www.jackguichard.fr\/index.php?rest_route=\/wp\/v2\/pages\/295\/revisions\/516"}],"up":[{"embeddable":true,"href":"https:\/\/www.jackguichard.fr\/index.php?rest_route=\/wp\/v2\/pages\/33"}],"wp:attachment":[{"href":"https:\/\/www.jackguichard.fr\/index.php?rest_route=%2Fwp%2Fv2%2Fmedia&parent=295"}],"curies":[{"name":"wp","href":"https:\/\/api.w.org\/{rel}","templated":true}]}}