{"id":3063,"date":"2025-12-08T12:34:29","date_gmt":"2025-12-08T11:34:29","guid":{"rendered":"https:\/\/www.jackguichard.fr\/?page_id=3063"},"modified":"2025-12-08T12:34:30","modified_gmt":"2025-12-08T11:34:30","slug":"conference-sur-li-a","status":"publish","type":"page","link":"https:\/\/www.jackguichard.fr\/?page_id=3063","title":{"rendered":"Conf\u00e9rence sur l&rsquo;I.A."},"content":{"rendered":"\n<figure class=\"wp-block-image size-large\"><img loading=\"lazy\" decoding=\"async\" width=\"1024\" height=\"576\" src=\"https:\/\/www.jackguichard.fr\/wp-content\/uploads\/2025\/12\/image-1024x576.png\" alt=\"\" class=\"wp-image-3064\" srcset=\"https:\/\/www.jackguichard.fr\/wp-content\/uploads\/2025\/12\/image-1024x576.png 1024w, https:\/\/www.jackguichard.fr\/wp-content\/uploads\/2025\/12\/image-300x169.png 300w, https:\/\/www.jackguichard.fr\/wp-content\/uploads\/2025\/12\/image-768x432.png 768w, https:\/\/www.jackguichard.fr\/wp-content\/uploads\/2025\/12\/image.png 1385w\" sizes=\"auto, (max-width: 1024px) 100vw, 1024px\" \/><\/figure>\n\n\n\n<p><strong>Conf\u00e9rence sur l\u2019Intelligence Artificielle<\/strong><\/p>\n\n\n\n<p>Un passionnant voyage pour comprendre l&rsquo;intelligence artificielle et son d\u00e9veloppement qui suscite tant de d\u00e9bats, ainsi que tous les outils utilisant l\u2019IA qui prennent de plus en plus de place dans notre quotidien.<\/p>\n\n\n\n<p>Apr\u00e8s avoir d\u00e9fini ce qu\u2019est l\u2019IA, Jack Guichard fait revivre l\u2019histoire de son d\u00e9veloppement \u00e0 partir de ses \u00e9tudes sur les r\u00e9seaux de neurones et explique comment on fait apprendre les machines.&nbsp;<\/p>\n\n\n\n<p>Il nous fait ensuite d\u00e9couvrir tous les objets du quotidien qui utilisent l\u2019IA, sans qu\u2019on le sache, \u00e0 la maison, au travail et dans tous les domaines&nbsp;: m\u00e9dical, industriel, spatial, sportif, finance, transports&#8230;&nbsp;<\/p>\n\n\n\n<p>Il montre ce que l\u2019IA g\u00e9n\u00e9rative permet de r\u00e9aliser en un clic et comment d\u00e9tecter les fake-news produites avec ces moyens.<\/p>\n\n\n\n<p>Il explique comment utiliser chatGPT et comment l\u2019\u00e9cole peut utiliser l\u2019IA. Il r\u00e9v\u00e8le aussi tous les dangers que ce fabuleux outil peut g\u00e9n\u00e9rer et comment les \u00e9viter.<\/p>\n\n\n\n<p>Vous pourrez ainsi d\u00e9couvrir les \u00e9normes potentialit\u00e9s de ce formidable outil, qu\u2019il faut bien connaitre pour apprendre \u00e0 le ma\u00eetriser afin de construire notre avenir.<\/p>\n\n\n\n<p><em>&nbsp;Jack GUICHARD a \u00e9t\u00e9 Directeur du Palais de la D\u00e9couverte. Apr\u00e8s avoir \u00e9t\u00e9 chercheur sur les r\u00e9seaux de neurones, il a \u00e9t\u00e9 responsable du Centre d\u2019Enseignement et de Recherche sur les Technologies Multim\u00e9dia \u00e0 Paris. Ancien professeur des Universit\u00e9s et chercheur, il est \u00e0 la fois scientifique et sp\u00e9cialiste d&rsquo;\u00e9ducation et de communication. Il est l&rsquo;auteur d&rsquo;une centaine de livres d&rsquo;\u00e9ducation et de vulgarisation scientifique, dont le dernier livre de la collection \u00ab&nbsp;C\u2019est pas sorcier&nbsp;\u00bb explique l\u2019histoire du num\u00e9rique qui a conduit au d\u00e9veloppement de l\u2019intelligence artificielle.<\/em><\/p>\n","protected":false},"excerpt":{"rendered":"<p>Conf\u00e9rence sur l\u2019Intelligence Artificielle Un passionnant voyage pour comprendre l&rsquo;intelligence artificielle et son d\u00e9veloppement qui suscite tant de d\u00e9bats, ainsi que tous les outils utilisant l\u2019IA qui prennent de plus en plus de place dans notre quotidien. Apr\u00e8s avoir d\u00e9fini ce qu\u2019est l\u2019IA, Jack Guichard fait revivre l\u2019histoire de son d\u00e9veloppement \u00e0 partir de ses &hellip;<br \/><a href=\"https:\/\/www.jackguichard.fr\/?page_id=3063\">Read more <span class=\"meta-nav\">&rarr;<\/span><\/a><\/p>\n","protected":false},"author":8,"featured_media":0,"parent":27,"menu_order":0,"comment_status":"closed","ping_status":"closed","template":"","meta":{"footnotes":""},"class_list":["post-3063","page","type-page","status-publish","hentry"],"jetpack_sharing_enabled":true,"_links":{"self":[{"href":"https:\/\/www.jackguichard.fr\/index.php?rest_route=\/wp\/v2\/pages\/3063","targetHints":{"allow":["GET"]}}],"collection":[{"href":"https:\/\/www.jackguichard.fr\/index.php?rest_route=\/wp\/v2\/pages"}],"about":[{"href":"https:\/\/www.jackguichard.fr\/index.php?rest_route=\/wp\/v2\/types\/page"}],"author":[{"embeddable":true,"href":"https:\/\/www.jackguichard.fr\/index.php?rest_route=\/wp\/v2\/users\/8"}],"replies":[{"embeddable":true,"href":"https:\/\/www.jackguichard.fr\/index.php?rest_route=%2Fwp%2Fv2%2Fcomments&post=3063"}],"version-history":[{"count":1,"href":"https:\/\/www.jackguichard.fr\/index.php?rest_route=\/wp\/v2\/pages\/3063\/revisions"}],"predecessor-version":[{"id":3065,"href":"https:\/\/www.jackguichard.fr\/index.php?rest_route=\/wp\/v2\/pages\/3063\/revisions\/3065"}],"up":[{"embeddable":true,"href":"https:\/\/www.jackguichard.fr\/index.php?rest_route=\/wp\/v2\/pages\/27"}],"wp:attachment":[{"href":"https:\/\/www.jackguichard.fr\/index.php?rest_route=%2Fwp%2Fv2%2Fmedia&parent=3063"}],"curies":[{"name":"wp","href":"https:\/\/api.w.org\/{rel}","templated":true}]}}