{"id":33,"date":"2011-03-16T15:16:22","date_gmt":"2011-03-16T15:16:22","guid":{"rendered":"http:\/\/jackguichard.wordpress.com\/?page_id=33"},"modified":"2025-11-07T15:35:01","modified_gmt":"2025-11-07T14:35:01","slug":"publications-recentes","status":"publish","type":"page","link":"https:\/\/www.jackguichard.fr\/?page_id=33","title":{"rendered":"Publications"},"content":{"rendered":"<p><b>Livres de vulgarisation scientifique grand public et jeunesse r\u00e9cents:<\/b><\/p>\n<p>Tome 2 du<a href=\"https:\/\/site.nathan.fr\/livres\/50-experiences-faciles-et-surprenantes-guide-de-sciences-amusant-pour-enfants-des-6-ans-9782095044022.html\"> livre \u00ab 50 exp\u00e9riences faciles et surprenantes \u00bb <\/a>chez Nathan, 20 mars 2025\u00a0<\/p>\n<p>livre <a href=\"https:\/\/www.jackguichard.fr\/?page_id=3048\">\u00ab\u00a0c&rsquo;est pas sorcier: histoire du num\u00e9rique\u00a0\u00bb<\/a> chez Hachette \u00e9dition des 2 coqs d&rsquo;or<\/p>\n<p><a href=\"https:\/\/site.nathan.fr\/livres\/la-science-cest-magique-50-experiences-des-6-ans-9782095032760.html\">livre \u00ab\u00a050 exp\u00e9riences faciles et surprenantes\u00a0\u00bb<\/a> chez Nathan, tome 1 avril 2024<\/p>\n<p><a href=\"https:\/\/www.jackguichard.fr\/?page_id=2888\">\u00e9dition am\u00e9ricaine \u00a0\u00ab\u00a0There\u2019s Science in\u00a0\u00bb (6 livres) <\/a>chez Kane Miller, EDC Publishing, OK, 2024<\/p>\n<p><a href=\"https:\/\/www.jackguichard.fr\/?page_id=2881\">livre \u00ab\u00a0c\u2019est pas sorcier: histoire du num\u00e9rique\u00a0\u00bb <\/a>chez Les 2 coqs d&rsquo;or, oct 2024<\/p>\n<p><a href=\"https:\/\/www.jackguichard.fr\/?page_id=2791\">\u00ab\u00a0Histoire des sciences\u00a0\u00bb dans la collection \u00ab\u00a0c&rsquo;est pas sorcier\u00a0\u00bb<\/a> chez Les 2 coqs d&rsquo;or<\/p>\n<p><a href=\"https:\/\/www.jackguichard.fr\/?page_id=2752\">Enigmes pour grands g\u00e9nies<\/a>, \u00e9ditions Larousse, juin 2023<\/p>\n<p><a href=\"https:\/\/www.jackguichard.fr\/?page_id=2720\">D\u00e9fiez votre cerveau et votre m\u00e9moire<\/a>, \u00e9dition Larousse, mars 2023<\/p>\n<p><a href=\"http:\/\/jackguichard.fr\/?page_id=2487\">La science est dans le sable<\/a> Nathan jeunesse, avril 2022<\/p>\n<p><a href=\"http:\/\/jackguichard.fr\/?page_id=2494\">La science est dans le lait<\/a> Nathan jeunesse, avril 2022<\/p>\n<p><a href=\"http:\/\/jackguichard.fr\/?page_id=2562\">La science est dans le trombone<\/a>, Nathan jeunesse, sept 2021<\/p>\n<p><a href=\"http:\/\/jackguichard.fr\/?page_id=2559\">La science est dans le sel<\/a>, Nathan jeunesse, sept 2021<\/p>\n<p><a href=\"http:\/\/jackguichard.fr\/wp-admin\/post.php?post=2231&amp;action=edit\"><strong>La science est dans la pomme de terre <\/strong><\/a>Nathan jeunesse, Avril 2021 (traduit en\u00a0<span style=\"color: #000000;\">allemand)\u00a0<\/span><\/p>\n<p><a href=\"http:\/\/jackguichard.fr\/?page_id=2237\"><strong>La science est dans le verre <\/strong><\/a>Avril 2021<\/p>\n<p><strong><a href=\"http:\/\/jackguichard.fr\/?page_id=2148\">La science est dans le ballon <\/a><\/strong><span style=\"color: #000000;\"><a style=\"color: #000000;\" href=\"http:\/\/jackguichard.fr\/?page_id=2148\">N<\/a>athan sept 2020 \u00a0(traduit en 3 langues :\u00a0chinois, hollandais, allemand)<\/span><\/p>\n<p><strong><a href=\"http:\/\/jackguichard.fr\/?page_id=2148\">la science est dans le sucre, <\/a><\/strong>Nathan septembre 2020 \u00a0(traduit en 3 langues : <span style=\"color: #000000;\">allemand,\u00a0<\/span>chinois,\u00a0<span style=\"color: #000000;\">hollandais<\/span> )<\/p>\n<p><a href=\"http:\/\/jackguichard.fr\/?page_id=2156\">\u00ab\u00a0\u00c9nigmes coriaces pour esprits sagaces\u00a0\u00bb, Larousse, Octobre 2020<\/a><\/p>\n<p><i><a href=\"https:\/\/www.editions-larousse.fr\/livre\/apero-cartes-enigmes-logiques-9782035990204\">Les Ap\u00e9ro cartes, sp\u00e9cial \u00e9nigmes logiques<\/a>, Larousse<\/i> (2021)<\/p>\n<p><strong><a href=\"http:\/\/jackguichard.fr\/?page_id=2148\">La science est dans le papier\u00a0 <\/a><\/strong>Nathan jeunesse, juillet 2020 (traduit en anglais, <span style=\"color: #000000;\">allemand,\u00a0<\/span><span style=\"color: #000000;\">allemand,\u00a0<\/span>chinois, arabe,\u00a0<span style=\"color: #000000;\">hollandais<\/span> )<\/p>\n<p><strong><a href=\"http:\/\/jackguichard.fr\/?page_id=2148\">la science est dans l&rsquo;eau, Nathan jeunesse, juillet 2020 <\/a><\/strong>(traduit en chinois, anglais, arabe, <span style=\"color: #000000;\">hollandais<\/span>)<\/p>\n<p><b>&#8211; <a href=\"http:\/\/jackguichard.fr\/?page_id=1999\">La science est dans l&rsquo;oeuf,<\/a><a href=\"http:\/\/jackguichard.fr\/?page_id=1987\"><span style=\"font-weight: 600;\">Nathan, <\/span><\/a><\/b>10\/2019 (traduit en 8 langues : anglais, <span style=\"color: #000000;\">allemand,\u00a0<\/span>chinois, arabe, grec, italien, espagnol,\u00a0<span style=\"color: #000000;\">hollandais<\/span>)<\/p>\n<p><b><a href=\"http:\/\/jackguichard.fr\/?page_id=1987\">La\u00a0<\/a><\/b><a href=\"http:\/\/jackguichard.fr\/?page_id=1987\"><span style=\"font-weight: 600;\">science<\/span><b>\u00a0est dans le citron,\u00a0<\/b><span style=\"font-weight: 600;\">Nathan, <\/span><\/a><strong><em>10\/2019 <\/em><\/strong>(traduit en 8 langues : anglais, <span style=\"color: #000000;\">allemand,\u00a0<\/span>chinois, arabe, grec, italien, espagnol,\u00a0<span style=\"color: #000000;\">hollandais<\/span>)<\/p>\n<p><strong><a href=\"http:\/\/jackguichard.fr\/?page_id=1691\">&#8211; D\u00e9fier votre cerveau, Larousse, 2017<\/a><\/strong><\/p>\n<p><a href=\"http:\/\/jackguichard.fr\/wp-admin\/post.php?post=1737&amp;action=edit\"><strong>&#8211; 300 inventions auxquelles vous avez \u00e9chapp\u00e9&#8230; ou pas, Larousse, 2017<\/strong><\/a><\/p>\n<p>&#8211;<a href=\"http:\/\/jackguichard.fr\/?page_id=1896\">je fais des sciences, Nathan (traduit en 5 langues)<\/a><\/p>\n<p>&#8211; <a href=\"http:\/\/jackguichard.fr\/?page_id=1646\">Le littoral Talmondais, une longue et passionnante histoire, Amis du chateau et du patrimoine talmondais, 2017<\/a><br \/><a href=\"https:\/\/www.jackguichard.fr\/?s=5000+ans+d%27histoire&amp;op.x=0&amp;op.y=0\">&#8211; Le Talmondais, plus de 5000 ans d&rsquo;histoire, Amis du chateau et du patrimoine talmondais, 2018<\/a><br \/><a href=\"http:\/\/www.jackguichard.fr\/?page_id=2344\">&#8211; Talmont, Guide du visiteur, Amis du chateau et du patrimoine talmondais, 2021<\/a><\/p>\n<p><a href=\"http:\/\/jackguichard.fr\/?page_id=1652\">&#8211; Schwimmende N\u00e4hnadeln oder warum schreien zw\u00f6lf Affen gleichzeitig? &#8211; 500 R\u00e4tsel, verbl\u00fcffende Experimente, optische Illusionen und logische Herausforderungen f\u00fcr die grauen Zellen, Moses,2017<\/a><\/p>\n<p>&#8211; <strong><a href=\"http:\/\/jackguichard.fr\/?page_id=1621\">ANATOMIA, \u00e9ditions Milan, 2016<\/a><\/strong><\/p>\n<p><strong>&#8211;\u00a0<a href=\"http:\/\/jackguichard.fr\/?page_id=1497\">Soir\u00e9e Magie : 50 exp\u00e9riences,,Le Pommier, 2015<\/a><\/strong><\/p>\n<p><a href=\"http:\/\/jackguichard.fr\/?page_id=1365\">&#8211; <\/a><strong><a href=\"http:\/\/jackguichard.fr\/?page_id=1365\">Logicomaniac, le grand livre des d\u00e9fis logiques et\u00a0math\u00e9matiques<\/a>, <\/strong>Larousse, 2014<\/p>\n<p><a href=\"http:\/\/jackguichard.fr\/?page_id=1359\"><strong>&#8211; Tout savoir sur l&rsquo;abeille, <\/strong>Le Pommier, 2014<\/a><\/p>\n<p><strong>&#8211; <a href=\"http:\/\/wp.me\/P1LMt2-jv\">50 exp\u00e9riences pour \u00e9pater vos amis&#8230; au jardin<\/a>, Le Pommier, 2013<br \/><strong><a href=\"http:\/\/wp.me\/P1LMt2-7M\">&#8211; 50 exp\u00e9riences pour \u00e9pater vos amis&#8230; \u00a0\u00e0 table<\/a>,<\/strong> Le Pommier, 2011<br \/><\/strong><span style=\"color: #ff6600;\"><em><a href=\"http:\/\/jackguichard.fr\/?page_id=1750\"><strong><span style=\"color: #3366ff;\">avec leurs \u00e9ditions\u00a0<\/span><span style=\"color: #ff0000;\"><span style=\"color: #3366ff;\">chinoises, russe, polonaise, allemande<\/span><\/span><\/strong><\/a><\/em><\/span><\/p>\n<p><strong><a href=\"http:\/\/jackguichard.fr\/?page_id=1896\">Je fais des sciences<\/a><\/strong>, Nathan collection Dok\u00e9o 4-8ans, 2018<\/p>\n<p><strong><a href=\"http:\/\/jackguichard.fr\/?page_id=1400\">&#8211; Exp\u00e9riences \u00e0 No\u00ebl,<\/a>\u00a0\u00a0Le Pommier, 2014<br \/><\/strong><strong><a href=\"http:\/\/jackguichard.fr\/?page_id=1313\">&#8211; Exp\u00e9riences&#8230; \u00e0 la plage<\/a>,<\/strong> Le Pommier, 2014<\/p>\n<p><a href=\"http:\/\/livre.fnac.com\/a2773932\/Jack-Guichard-Le-corps-humain\" target=\"_blank\" rel=\"noopener noreferrer\">&#8211; \u00a0Incroyable corps humain<\/a><a href=\"http:\/\/www.editions-larousse.fr\/Recherche\/Resultat.asp\" target=\"_blank\" rel=\"noopener noreferrer\">,<\/a> Incroyable encyclop\u00e9die, Larousse, 2009<br \/><a href=\"http:\/\/livre.fnac.com\/a2937281\/Kamil-Fadel-Incroyables-inventions\" target=\"_blank\" rel=\"noopener noreferrer\"> &#8211; \u00a0Incroyables inventions,<\/a><span style=\"color: #444444;\"> Incroyable encyclop\u00e9die, Larousse, 2010 (conseiller scientifique)<br \/><\/span><a href=\"http:\/\/livre.fnac.com\/a2709576\/Florence-Guichard-Les-animaux-tout-sauf-idiots\" target=\"_blank\" rel=\"noopener noreferrer\">&#8211; \u00a0Les Animaux, tout sauf idiots!,<\/a><span style=\"color: #444444;\"> Incroyable encyclop\u00e9die, Larousse, 2009 (conseiller scientifique)<br \/><\/span><a href=\"http:\/\/livre.fnac.com\/a2937284\/Florence-Guichard-Seismes-et-cataclysmes\">&#8211;\u00a0S\u00e9ismes et cataclysmes<\/a><a href=\"http:\/\/www.editions-larousse.fr\/Recherche\/Resultat.asp\" target=\"_blank\" rel=\"noopener noreferrer\">, <\/a>Incroyable encyclop\u00e9die, Larousse, 2010 (conseiller scientifique)<br \/><a href=\"http:\/\/livre.fnac.com\/a2773931\/Delphine-Grinberg-Les-grands-travaux-des-animaux\" target=\"_blank\" rel=\"noopener noreferrer\"> &#8211; Les Grands travaux des animaux<\/a><a href=\"http:\/\/www.editions-larousse.fr\/Recherche\/Resultat.asp\" target=\"_blank\" rel=\"noopener noreferrer\">, <\/a><span style=\"color: #444444;\"> Incroyable encyclop\u00e9die, Larousse, 2009 (conseiller scientifique)<br \/><\/span><a href=\"http:\/\/livre.fnac.com\/a2811968\/Jack-Guichard-Incroyables-creatures-des-oceans\" target=\"_blank\" rel=\"noopener noreferrer\">&#8211;\u00a0Incroyables cr\u00e9atures des oc\u00e9ans<\/a>, Incroyable encyclop\u00e9die, Larousse, 2010 (conseiller scientifique)<\/p>\n<p><strong>Livres de r\u00e9flexion sur la place des sciences dans la soci\u00e9t\u00e9 :<a href=\"http:\/\/jackguichard.fr\/?attachment_id=362\" rel=\"attachment wp-att-362\"><img loading=\"lazy\" decoding=\"async\" class=\"alignright size-medium wp-image-362\" title=\"jguichard\" src=\"http:\/\/jackguichard.fr\/wp-content\/uploads\/2011\/03\/jguichard-188x300.jpg\" alt=\"\" width=\"188\" height=\"300\" \/><\/a><br \/><\/strong>&#8211; <strong><a title=\"La Science ? un plaisir ! Que faire de l\u2019irrationnel\" href=\"http:\/\/jackguichard.fr\/?page_id=45\" target=\"_blank\" rel=\"noopener noreferrer\">La science ? Un plaisir\u00a0!<\/a><\/strong> \u00e9dition Ovadia, 2010<br \/>&#8211; <a title=\"M\u00e9diatique des sciences\" href=\"http:\/\/jackguichard.fr\/?page_id=159\" target=\"_blank\" rel=\"noopener noreferrer\">M\u00e9diatique des sciences<\/a>, PUF, 2000<\/p>\n<p><strong>Livres de p\u00e9dagogie des sciences:<br \/><a href=\"http:\/\/jackguichard.fr\/?page_id=1868\">&#8211; collection citadelle, Hachette 2018, CE2, CM<\/a><\/strong><\/p>\n<p><a title=\"Observer pour comprendre\" href=\"http:\/\/jackguichard.fr\/?page_id=167\" target=\"_blank\" rel=\"noopener noreferrer\">&#8211; <\/a><strong><a title=\"Observer pour comprendre\" href=\"http:\/\/jackguichard.fr\/?page_id=167\" target=\"_blank\" rel=\"noopener noreferrer\">Observer pour comprendre les sciences<\/a><\/strong>, Hachette, 1998<br \/><a title=\"Les Ateliers Hachette Sciences exp\u00e9rimentales et Technologie\" href=\"http:\/\/jackguichard.fr\/?page_id=106\" target=\"_blank\" rel=\"noopener noreferrer\"> &#8211; <\/a><strong><a title=\"Les Ateliers Hachette Sciences exp\u00e9rimentales et Technologie\" href=\"http:\/\/jackguichard.fr\/?page_id=106\" target=\"_blank\" rel=\"noopener noreferrer\">Collection \u00ab\u00a0ateliers sciences\u00a0\u00bb<\/a>,<\/strong> (manuels CE2 et CM, carnet de chercheur CE2, CM1, CM2, guide p\u00e9dagogique), Hachette, 2011<br \/><a title=\"Dossiers Hachette\" href=\"http:\/\/jackguichard.fr\/?page_id=153\" target=\"_blank\" rel=\"noopener noreferrer\"> &#8211; <\/a><strong><a title=\"Dossiers Hachette\" href=\"http:\/\/jackguichard.fr\/?page_id=153\" target=\"_blank\" rel=\"noopener noreferrer\">Dossiers hachette<\/a><\/strong> : les plantes et les animaux (cycle2), l\u2019eau (cycle 3), corps et sant\u00e9 (cycle 3), mon corps, ma sant\u00e9 (cycle 2), le temps (cycle 2)<\/p>\n<p><strong><a href=\"http:\/\/jackguichard.fr\/?page_id=1335\">&#8211; collection parascolaire \u00ab\u00a0pour comprendre toutes les mati\u00e8res\u00a0\u00bb<\/a> <\/strong>chez Hachette, 2014<\/p>\n<p><a title=\"Guides de pr\u00e9paration concours\" href=\"http:\/\/jackguichard.fr\/?page_id=176\" target=\"_blank\" rel=\"noopener noreferrer\"> &#8211; <\/a><strong><a title=\"Guides de pr\u00e9paration concours\" href=\"http:\/\/jackguichard.fr\/?page_id=176\" target=\"_blank\" rel=\"noopener noreferrer\">Guide concours CRPE<\/a><\/strong>, Hachette, 2011<br \/><a title=\"Les sciences et technologies du PE\" href=\"http:\/\/jackguichard.fr\/?page_id=172\" target=\"_blank\" rel=\"noopener noreferrer\"> &#8211; Les sciences et technologies du PE,<\/a> Hachette, 2010<br \/><a title=\"Guides de pr\u00e9paration concours\" href=\"http:\/\/jackguichard.fr\/?page_id=176\" target=\"_blank\" rel=\"noopener noreferrer\"> &#8211; le nouveau CRPE en fiches, Sciences et technologie<\/a>, Hachette, 2010<br \/><a title=\"mallettes et guides p\u00e9dagogiques JEULIN\" href=\"http:\/\/jackguichard.fr\/?page_id=184\" target=\"_blank\" rel=\"noopener noreferrer\"> &#8211; Mallettes et guides p\u00e9dagogiques :<\/a> \u00ab les sens \u00bb et \u00ab squelette et mouvement \u00bb, Jeulin\u2028, 2003<br \/><a title=\"Collection \u00ab\u00a0les ateliers Hachette\u00a0\u00bb: les maths \u00e0 la d\u00e9couverte des sciences\" href=\"http:\/\/jackguichard.fr\/?page_id=197\" target=\"_blank\" rel=\"noopener noreferrer\"> &#8211; <\/a><a title=\"Collection \u00ab\u00a0les ateliers Hachette\u00a0\u00bb: les maths \u00e0 la d\u00e9couverte des sciences\" href=\"http:\/\/jackguichard.fr\/?page_id=197\" target=\"_blank\" rel=\"noopener noreferrer\">Collection \u00ab\u00a0les ateliers Hachette\u00a0\u00bb: les maths \u00e0 la d\u00e9couverte des sciences<\/a><br \/><a title=\"Les savoirs de l\u2019\u00e9cole : sciences et technologie\" href=\"http:\/\/jackguichard.fr\/?page_id=213\" target=\"_blank\" rel=\"noopener noreferrer\">&#8211;\u00a0Collection \u00ab\u00a0les savoirs de l&rsquo;\u00e9cole : sciences et technologie\u00a0\u00bb<\/a><br \/><a title=\"Des id\u00e9es pour apprendre\" href=\"http:\/\/jackguichard.fr\/?page_id=191\" target=\"_blank\" rel=\"noopener noreferrer\"> &#8211; Des id\u00e9es pour apprendre,<\/a> (avec A. Giordan et F. Guichard), Delagrave, 2003<br \/><a title=\"La r\u00e9volution de la mus\u00e9ologie des sciences\" href=\"http:\/\/jackguichard.fr\/?page_id=295\" target=\"_blank\" rel=\"noopener noreferrer\"> &#8211; La r\u00e9volution de la mus\u00e9ologie des science<\/a><a href=\"http:\/\/wp.me\/P1rkeA-4L\" target=\"_blank\" rel=\"noopener noreferrer\">s<\/a> (co-auteur, sous la direction de Bernard Schiele et Emlin Koster)<\/p>\n<h4><span style=\"color: #ff0000;\"><strong><a style=\"color: #ff0000;\" href=\"http:\/\/jackguichard.fr\/?page_id=930\">Publications sur les mus\u00e9es et expositions scientifiques pour les jeunes<\/a><\/strong><\/span><\/h4>\n\n\n<p><a href=\"https:\/\/www.jackguichard.fr\/?page_id=2981\"><strong>Liste des publications fran\u00e7aises avec dates de parution<\/strong><\/a><\/p>\n\n\n\n<p><\/p>\n","protected":false},"excerpt":{"rendered":"<p>Livres de vulgarisation scientifique grand public et jeunesse r\u00e9cents: Tome 2 du livre \u00ab 50 exp\u00e9riences faciles et surprenantes \u00bb chez Nathan, 20 mars 2025\u00a0 livre \u00ab\u00a0c&rsquo;est pas sorcier: histoire du num\u00e9rique\u00a0\u00bb chez Hachette \u00e9dition des 2 coqs d&rsquo;or livre \u00ab\u00a050 exp\u00e9riences faciles et surprenantes\u00a0\u00bb chez Nathan, tome 1 avril 2024 \u00e9dition am\u00e9ricaine \u00a0\u00ab\u00a0There\u2019s Science &hellip;<br \/><a href=\"https:\/\/www.jackguichard.fr\/?page_id=33\">Read more <span class=\"meta-nav\">&rarr;<\/span><\/a><\/p>\n","protected":false},"author":8,"featured_media":0,"parent":0,"menu_order":2,"comment_status":"closed","ping_status":"closed","template":"template-full.php","meta":{"footnotes":""},"class_list":["post-33","page","type-page","status-publish","hentry"],"jetpack_sharing_enabled":true,"_links":{"self":[{"href":"https:\/\/www.jackguichard.fr\/index.php?rest_route=\/wp\/v2\/pages\/33","targetHints":{"allow":["GET"]}}],"collection":[{"href":"https:\/\/www.jackguichard.fr\/index.php?rest_route=\/wp\/v2\/pages"}],"about":[{"href":"https:\/\/www.jackguichard.fr\/index.php?rest_route=\/wp\/v2\/types\/page"}],"author":[{"embeddable":true,"href":"https:\/\/www.jackguichard.fr\/index.php?rest_route=\/wp\/v2\/users\/8"}],"replies":[{"embeddable":true,"href":"https:\/\/www.jackguichard.fr\/index.php?rest_route=%2Fwp%2Fv2%2Fcomments&post=33"}],"version-history":[{"count":134,"href":"https:\/\/www.jackguichard.fr\/index.php?rest_route=\/wp\/v2\/pages\/33\/revisions"}],"predecessor-version":[{"id":3051,"href":"https:\/\/www.jackguichard.fr\/index.php?rest_route=\/wp\/v2\/pages\/33\/revisions\/3051"}],"wp:attachment":[{"href":"https:\/\/www.jackguichard.fr\/index.php?rest_route=%2Fwp%2Fv2%2Fmedia&parent=33"}],"curies":[{"name":"wp","href":"https:\/\/api.w.org\/{rel}","templated":true}]}}