{"id":369,"date":"2011-04-02T00:57:37","date_gmt":"2011-04-01T22:57:37","guid":{"rendered":"http:\/\/jackguichard.fr\/?page_id=369"},"modified":"2018-06-09T17:07:59","modified_gmt":"2018-06-09T15:07:59","slug":"environnement","status":"publish","type":"page","link":"https:\/\/www.jackguichard.fr\/?page_id=369","title":{"rendered":"Environnement"},"content":{"rendered":"<p style=\"text-align: center;\"><span style=\"font-size: 19px; font-weight: bold;\">Environnement et d\u00e9veloppement durable<\/span><\/p>\n<h3><a href=\"http:\/\/jackguichard.fr\/?page_id=1431\">Sentinelle de l&rsquo;estuaire<\/a><\/h3>\n<p>Jack Guichard est responsable de l\u2019action \u00ab\u00a0<a title=\"sentinelle\" href=\"http:\/\/sentinelledelestuaire.fr\/\">sentinelle de l\u2019estuaire\u00a0\u00bb<\/a>\u00a0mise en place dans le cadre de la \u00ab\u00a0maison de l\u2019estuaire\u00a0\u00bb, situ\u00e9e sur l\u2019estuaire du Payr\u00e9 sur le canton de Talmont-Saint-Hilaire en Vend\u00e9e.<\/p>\n<p><a href=\"https:\/\/vimeo.com\/user83746441\"><strong>Sentiers du littoral : chaine vid\u00e9o de pr\u00e9sentation du patrimoine historique et naturel de la r\u00e9gion du talmondais<\/strong><\/a><\/p>\n<p><a href=\"http:\/\/www.tvvendee.fr\/chemin-de-traverse\/veillon_19052017\">Pr\u00e9sentation du bois du Veillon<\/a><\/p>\n<h3><a href=\"http:\/\/jackguichard.fr\/?page_id=119\" target=\"_blank\" rel=\"noopener noreferrer\">L&rsquo;observatoire des bourdons des jardins<\/a> :<span style=\"font-weight: normal; font-size: 13px;\"><img loading=\"lazy\" decoding=\"async\" class=\"alignright\" style=\"border: 0px initial initial;\" src=\"http:\/\/www.tela-insecta.net\/wikini\/wiki_Observatoire_des_bourdons\/images\/bourdon.gif\" alt=\"bourdons\" width=\"133\" height=\"83\" border=\"0\" \/><br \/>\nLa biodiversit\u00e9 sur notre plan\u00e8te est aussi en danger dans nos campagnes, dans votre ville et sur le pallier m\u00eame de votre maison.\u00a0Agissez !\u00a0Cet observatoire nous aidera \u00e0 mieux mesurer la biodiversit\u00e9 dans les jardins, \u00e0 la ville comme \u00e0 la campagne. L&rsquo;aventure recommence en 2011 (partout en France) en esp\u00e9rant que vous serez nombreux au rendez-vous !<\/span><\/h3>\n<h3><\/h3>\n<p>et bient\u00f4t <a href=\"http:\/\/www.observatoire-asterella.fr\/OVL1.html\" target=\"_blank\" rel=\"noopener noreferrer\"><strong>l&rsquo;observatoire des Vers Luisants<\/strong><\/a><\/p>\n<h3><a href=\"http:\/\/jackguichard.fr\/?attachment_id=535\" target=\"_blank\" rel=\"attachment wp-att-535 noopener noreferrer\"><img loading=\"lazy\" decoding=\"async\" class=\"size-full wp-image-535 alignleft\" title=\"logo_estuaire\" src=\"http:\/\/jackguichard.fr\/wp-content\/uploads\/2011\/04\/logo_estuaire.jpg\" alt=\"\" width=\"380\" height=\"130\" srcset=\"https:\/\/www.jackguichard.fr\/wp-content\/uploads\/2011\/04\/logo_estuaire.jpg 380w, https:\/\/www.jackguichard.fr\/wp-content\/uploads\/2011\/04\/logo_estuaire-300x102.jpg 300w\" sizes=\"auto, (max-width: 380px) 100vw, 380px\" \/><\/a><a href=\"http:\/\/estuaire.net\/\" target=\"_blank\" rel=\"noopener noreferrer\">l&rsquo;association ESTUAIRE<\/a><br \/>\n<span style=\"font-weight: normal; font-size: 13px;\">Jack Guichard dirige le conseil scientifique du groupe associatif \u00ab\u00a0ESTUAIRE\u00a0\u00bb, un ensemble d&rsquo;actions en faveur de l&rsquo;\u00e9ducation \u00e0 l&rsquo;environnement, de la protection des milieux et du d\u00e9veloppement int\u00e9gr\u00e9 d&rsquo;activit\u00e9s locales.<br \/>\n<\/span><span style=\"font-weight: normal; font-size: 13px;\">\u00ab\u00a0ESTUAIRE\u00a0\u00bb, c&rsquo;est aussi des expositions, des animations, des publications&#8230; <\/span><\/h3>\n<h3><span style=\"font-weight: normal; font-size: 13px;\">Jack GUICHARD pr\u00e9side <a title=\"label\" href=\"http:\/\/http:\/\/estuaire.net\/nous-decouvrir\/label\">LABEL, le bureau d&rsquo;\u00e9tude Littoral <\/a>qui effectue des \u00e9tudes sur l&rsquo;environnement dans le cadre de l&rsquo;association (<a href=\"http:\/\/estuaire.net\/dossiers\">exemple de r\u00e9sultats d&rsquo;\u00e9tudes<\/a>). Il est aussi responsable de l&rsquo;action <a title=\"sentinelle\" href=\"http:\/\/sentinelledelestuaire.fr\">sentinelle de l&rsquo;estuaire<\/a>.<\/span><\/h3>\n<p>&nbsp;<\/p>\n<h3><a href=\"http:\/\/www.avancement-sciences.org\">AFAS (Association Fran\u00e7aise pour l&rsquo;Avancement des sciences)<\/a><\/h3>\n<p>Jack Guichard est membre du conseil d&rsquo;administration de l&rsquo;AFAS, l&rsquo;une des plus anciennes association scientifique fran\u00e7aise, fond\u00e9e en 1872 par Claude Bernard et reconnue d&rsquo;utilit\u00e9 publique depuis 1876.\u00a0A l&rsquo;aube du troisi\u00e8me mill\u00e9naire, les progr\u00e8s de la science, de la m\u00e9decine, et de la technique dominent l&rsquo;\u00e9volution de notre soci\u00e9t\u00e9. Les scientifiques se doivent aujourd&rsquo;hui de r\u00e9pondre aux interrogations de leurs concitoyens car la perception du progr\u00e8s se teinte parfois d&rsquo;inqui\u00e9tude devant certaines cons\u00e9quences du d\u00e9veloppement scientifique.\u00a0L&rsquo;AFAS organise une v\u00e9ritable\u00a0dialogue entre la communaut\u00e9 scientifique et le public, dans le cadre des grands d\u00e9bats sur l&rsquo;\u00e9volution de la soci\u00e9t\u00e9 d&rsquo;aujourd&rsquo;hui.<\/p>\n<h3><a title=\"exploradome\" href=\"http:\/\/www.exploradome.fr\/\" target=\"_blank\" rel=\"noopener noreferrer\">Explorad\u00f4me<img loading=\"lazy\" decoding=\"async\" class=\"alignright size-full wp-image-530\" title=\"Capture d\u2019\u00e9cran 2011-08-20 \u00e0 21.53.15\" src=\"http:\/\/jackguichard.fr\/wp-content\/uploads\/2011\/04\/Capture-d\u2019\u00e9cran-2011-08-20-\u00e0-21.53.15.jpg\" alt=\"\" width=\"303\" height=\"105\" srcset=\"https:\/\/www.jackguichard.fr\/wp-content\/uploads\/2011\/04\/Capture-d\u2019\u00e9cran-2011-08-20-\u00e0-21.53.15.jpg 303w, https:\/\/www.jackguichard.fr\/wp-content\/uploads\/2011\/04\/Capture-d\u2019\u00e9cran-2011-08-20-\u00e0-21.53.15-300x103.jpg 300w\" sizes=\"auto, (max-width: 303px) 100vw, 303px\" \/> <\/a><span style=\"font-weight: normal; font-size: 13px;\"><br \/>\nJack Guichard est pr\u00e9sident du conseil scientifique et p\u00e9dagogique de l&rsquo;Explorad\u00f4me, mus\u00e9e de d\u00e9couverte des sciences, du multim\u00e9dia et de l&rsquo;\u00e9ducation au d\u00e9veloppement durable. \u00a0 \u00a0 \u00a0 \u00a0 \u00a0 \u00a0 \u00a0 \u00a0 \u00a0 \u00a0 \u00a0 \u00a0 \u00a0 \u00a0 \u00a0 \u00a0 \u00a0 \u00a0 \u00a0 \u00a0 \u00a0 \u00a0 \u00a0 \u00a0 \u00a0 \u00a0 \u00a0 \u00a0 \u00a0 \u00a0 \u00a0 \u00a0 \u00a0 \u00a0 \u00a0 \u00a0 \u00a0 \u00a0 \u00a0<\/span><\/h3>\n<p>&nbsp;<\/p>\n<p>&nbsp;<\/p>\n<p>&nbsp;<\/p>\n<p>&nbsp;<\/p>\n<p>&nbsp;<\/p>\n<p>&nbsp;<\/p>\n<p>&nbsp;<\/p>\n<p>&nbsp;<\/p>\n<p>&nbsp;<\/p>\n<p>&nbsp;<\/p>\n<p>&nbsp;<\/p>\n","protected":false},"excerpt":{"rendered":"<p>Environnement et d\u00e9veloppement durable Sentinelle de l&rsquo;estuaire Jack Guichard est responsable de l\u2019action \u00ab\u00a0sentinelle de l\u2019estuaire\u00a0\u00bb\u00a0mise en place dans le cadre de la \u00ab\u00a0maison de l\u2019estuaire\u00a0\u00bb, situ\u00e9e sur l\u2019estuaire du Payr\u00e9 sur le canton de Talmont-Saint-Hilaire en Vend\u00e9e. Sentiers du littoral : chaine vid\u00e9o de pr\u00e9sentation du patrimoine historique et naturel de la r\u00e9gion du &hellip;<br \/><a href=\"https:\/\/www.jackguichard.fr\/?page_id=369\">Read more <span class=\"meta-nav\">&rarr;<\/span><\/a><\/p>\n","protected":false},"author":8,"featured_media":0,"parent":0,"menu_order":5,"comment_status":"closed","ping_status":"closed","template":"template-full.php","meta":{"footnotes":""},"class_list":["post-369","page","type-page","status-publish","hentry"],"jetpack_sharing_enabled":true,"_links":{"self":[{"href":"https:\/\/www.jackguichard.fr\/index.php?rest_route=\/wp\/v2\/pages\/369","targetHints":{"allow":["GET"]}}],"collection":[{"href":"https:\/\/www.jackguichard.fr\/index.php?rest_route=\/wp\/v2\/pages"}],"about":[{"href":"https:\/\/www.jackguichard.fr\/index.php?rest_route=\/wp\/v2\/types\/page"}],"author":[{"embeddable":true,"href":"https:\/\/www.jackguichard.fr\/index.php?rest_route=\/wp\/v2\/users\/8"}],"replies":[{"embeddable":true,"href":"https:\/\/www.jackguichard.fr\/index.php?rest_route=%2Fwp%2Fv2%2Fcomments&post=369"}],"version-history":[{"count":53,"href":"https:\/\/www.jackguichard.fr\/index.php?rest_route=\/wp\/v2\/pages\/369\/revisions"}],"predecessor-version":[{"id":1889,"href":"https:\/\/www.jackguichard.fr\/index.php?rest_route=\/wp\/v2\/pages\/369\/revisions\/1889"}],"wp:attachment":[{"href":"https:\/\/www.jackguichard.fr\/index.php?rest_route=%2Fwp%2Fv2%2Fmedia&parent=369"}],"curies":[{"name":"wp","href":"https:\/\/api.w.org\/{rel}","templated":true}]}}