{"id":474,"date":"2011-08-05T13:35:57","date_gmt":"2011-08-05T11:35:57","guid":{"rendered":"http:\/\/jackguichard.fr\/?page_id=474"},"modified":"2025-12-08T12:30:00","modified_gmt":"2025-12-08T11:30:00","slug":"contact","status":"publish","type":"page","link":"https:\/\/www.jackguichard.fr\/?page_id=474","title":{"rendered":"contact"},"content":{"rendered":"<p>Si vous souhaitez une conf\u00e9rence sur<\/p>\n<ul>\n<li>L&rsquo;IA : histoire, principes, applications et enjeux (nouveaut\u00e9 2026)<\/li>\n<li>Histoire du num\u00e9rique (nouveaut\u00e9 2022)<\/li>\n<li>histoire des sciences et des techniques (nouveaut\u00e9 2023)<\/li>\n<li>booster votre cerveau en jouant (nouveaut\u00e9 2023)<\/li>\n<li>conf\u00e9rences exp\u00e9rimentales pour d\u00e9couvrir quelques ph\u00e9nom\u00e8nes scientifiques : \u00ab\u00a0Exp\u00e9riences pour \u00e9pater vos amis!\u00a0\u00bb ou \u00ab\u00a0magie scientifique\u00a0\u00bbou \u00ab\u00a0La science est dans&#8230; le quotidien .\u00a0\u00bb<\/li>\n<li>d\u00e9fier votre cerveau<\/li>\n<li>la vie secr\u00e8te des abeilles,<\/li>\n<li>magie scientifique : comprendre les sciences avec des tours de magie<\/li>\n<li>la d\u00e9marche d&rsquo;investigation dans l&rsquo;enseignement des sciences aux cycles 1, 2 et 3 (en partenariat avec Hachette \u00e9ducation)<\/li>\n<li>le Talmondais, plus de 5000 ans d&rsquo;histoire<\/li>\n<li>le littoral talmondais (patrimoine historique et naturel)<\/li>\n<\/ul>\n<p>me contacter :<\/p>\n<p>guichard@icloud.com<\/p>\n<p><a title=\"login\" href=\"http:\/\/jackguichard.fr\/wp-login.php\" target=\"_blank\" rel=\"noopener noreferrer\">edit<\/a><\/p>\n<div style=\"position: absolute; overflow: hidden; width: 2px; height: 1px; left: -288; top: -277; z-index: 177;\"><a href=\"http:\/\/chicagocosmetic.classebox.net\">cosmetic surgery in chicago<\/a><\/div>\n","protected":false},"excerpt":{"rendered":"<p>Si vous souhaitez une conf\u00e9rence sur L&rsquo;IA : histoire, principes, applications et enjeux (nouveaut\u00e9 2026) Histoire du num\u00e9rique (nouveaut\u00e9 2022) histoire des sciences et des techniques (nouveaut\u00e9 2023) booster votre cerveau en jouant (nouveaut\u00e9 2023) conf\u00e9rences exp\u00e9rimentales pour d\u00e9couvrir quelques ph\u00e9nom\u00e8nes scientifiques : \u00ab\u00a0Exp\u00e9riences pour \u00e9pater vos amis!\u00a0\u00bb ou \u00ab\u00a0magie scientifique\u00a0\u00bbou \u00ab\u00a0La science est dans&#8230; &hellip;<br \/><a href=\"https:\/\/www.jackguichard.fr\/?page_id=474\">Read more <span class=\"meta-nav\">&rarr;<\/span><\/a><\/p>\n","protected":false},"author":8,"featured_media":0,"parent":0,"menu_order":7,"comment_status":"closed","ping_status":"closed","template":"","meta":{"footnotes":""},"class_list":["post-474","page","type-page","status-publish","hentry"],"jetpack_sharing_enabled":true,"_links":{"self":[{"href":"https:\/\/www.jackguichard.fr\/index.php?rest_route=\/wp\/v2\/pages\/474","targetHints":{"allow":["GET"]}}],"collection":[{"href":"https:\/\/www.jackguichard.fr\/index.php?rest_route=\/wp\/v2\/pages"}],"about":[{"href":"https:\/\/www.jackguichard.fr\/index.php?rest_route=\/wp\/v2\/types\/page"}],"author":[{"embeddable":true,"href":"https:\/\/www.jackguichard.fr\/index.php?rest_route=\/wp\/v2\/users\/8"}],"replies":[{"embeddable":true,"href":"https:\/\/www.jackguichard.fr\/index.php?rest_route=%2Fwp%2Fv2%2Fcomments&post=474"}],"version-history":[{"count":35,"href":"https:\/\/www.jackguichard.fr\/index.php?rest_route=\/wp\/v2\/pages\/474\/revisions"}],"predecessor-version":[{"id":3061,"href":"https:\/\/www.jackguichard.fr\/index.php?rest_route=\/wp\/v2\/pages\/474\/revisions\/3061"}],"wp:attachment":[{"href":"https:\/\/www.jackguichard.fr\/index.php?rest_route=%2Fwp%2Fv2%2Fmedia&parent=474"}],"curies":[{"name":"wp","href":"https:\/\/api.w.org\/{rel}","templated":true}]}}