{"id":482,"date":"2011-08-14T16:35:56","date_gmt":"2011-08-14T14:35:56","guid":{"rendered":"http:\/\/jackguichard.fr\/?page_id=482"},"modified":"2016-02-28T14:33:12","modified_gmt":"2016-02-28T13:33:12","slug":"50-experiences-pour-epater-vos-amis-a-table","status":"publish","type":"page","link":"https:\/\/www.jackguichard.fr\/?page_id=482","title":{"rendered":"50 exp\u00e9riences pour epater vos amis \u00e0 table"},"content":{"rendered":"<p><strong>R\u00e9ussissez votre d\u00eener et montrez \u00e0 tous combien vous \u00eates savant\u00a0!<\/strong><\/p>\n<p><strong><a href=\"http:\/\/jackguichard.fr\/?attachment_id=483\" rel=\"attachment wp-att-483\"><img loading=\"lazy\" decoding=\"async\" class=\"alignright size-full wp-image-483\" title=\"titre50exp\" src=\"http:\/\/jackguichard.fr\/wp-content\/uploads\/2011\/08\/titre50exp.jpg\" alt=\"\" width=\"236\" height=\"200\" \/><\/a><\/strong>Vous allez surprendre vos amis avec ces exp\u00e9riences plus \u00e9tonnantes les unes que les autres\u00a0: retournez votre verre de vin sans en perdre une goutte, transformez l\u2019eau en vin, cr\u00e9ez un nuage dans une bouteille, mettez une olive en l\u00e9vitation\u00a0!<\/p>\n<p>Vos amis d\u00e9couvriront leur place \u00e0 table dans une fleur en papier qui se d\u00e9plie toute seule\u00a0;\u00a0avant de d\u00e9guster, en ap\u00e9ritif, un cocktail en couchessuperpos\u00e9es\u00a0; en entr\u00e9e, du chou rouge qui change de couleur\u00a0; comme plat de r\u00e9sistance, vous tordrez leurs couteaux\u00a0;\u00a0 au fromage, les bouchons seront r\u00e9calcitrants ou \u00e9quilibristes\u00a0; le dessert mettra leurs sens \u00e0 rude \u00e9preuve devant ce beau trou dans votre main\u00a0; enfin, au caf\u00e9, vous cr\u00e9erez un cyclone dans votre tasse\u2026<\/p>\n<p>Des exp\u00e9riences tr\u00e8s faciles \u00e0 r\u00e9aliser avec les objets pr\u00e9sents sur la table. Pour chacune, une indication du mat\u00e9riel n\u00e9cessaire, ce qu\u2019il faut avoir pr\u00e9par\u00e9 \u00e0 l\u2019avance, de sa dur\u00e9e, le d\u00e9roul\u00e9 pas \u00e0 pas, les gestes pr\u00e9cis, les trucs pour la r\u00e9ussir \u00e0 coup s\u00fbr.<br \/>\nVous \u00e9paterez doublement vos amis car, gr\u00e2ce aux \u00ab\u00a0comment \u00e7a marche\u00a0\u00bb, vous pourrez leur fournir une explication simple et compr\u00e9hensible des ph\u00e9nom\u00e8nes scientifiques en jeu.<br \/>\nEt pour ceux qui veulent en savoir plus, des compl\u00e9ments scientifiques et des indications sur les lieux o\u00f9 l\u2019on peut observer ces ph\u00e9nom\u00e8nes \u00e0 grande \u00e9chelle.<\/p>\n<p><a href=\"http:\/\/www.youtube.com\/watch?v=7kARHeUEl20\" target=\"_blank\">voir une exp\u00e9rience en vid\u00e9o sur youtube<\/a><\/p>\n<p><a href=\"http:\/\/livre.fnac.com\/a3668979\/Jack-Guichard-50-experiences-pour-epater-vos-amis-a-table\" target=\"_blank\">se procurer le livre<\/a><\/p>\n<p><a title=\"M\u00e9dias\" href=\"http:\/\/jackguichard.fr\/?page_id=609\">la revue de presse\u00a0<\/a><\/p>\n<p>le\u00a0<a href=\"http:\/\/wp.me\/P1LMt2-bW\"><span style=\"text-decoration: underline;\">coup de coeur de la FNAC<\/span>\u00a0<\/a>: <em>Habiles \u00e0 vulgariser des ph\u00e9nom\u00e8nes scientifiques, Jack Guichard et Guy Simonin n\u2019ont rien laiss\u00e9 au hasard. Extr\u00eamement ludique, p\u00e9dagogique en diable, 50 exp\u00e9riences pour \u00e9pater vos amis \u00e0 table fait d\u2019ors et d\u00e9j\u00e0 figure de r\u00e9f\u00e9rence<\/em><\/p>\n<p><strong>Edition \u00ab\u00a0Le Pommier\u00a0\u00bb<br \/>\n<\/strong><strong>ISBN\u00a0: 978-2-7465-0544-5<br \/>\n<\/strong>Code Article\u00a0: 090544<br \/>\nPrix\u00a0: 18,90 \u20ac<\/p>\n<p><strong>LES AUTEURS :\u00a0<span class=\"Apple-style-span\" style=\"font-weight: normal;\"><strong>Jack Guichard et Guy Simonin\u00a0avec la collaboration de\u00a0 Kamil Fadel,\u00a0<\/strong>Photos de Josselin Guichard<br \/>\n<\/span><\/strong><strong>Jack Guichard<\/strong>\u00a0a \u00e9t\u00e9 Directeur du Palais de la d\u00e9couverte. Professeur des Universit\u00e9s, il est \u00e0 la fois scientifique et sp\u00e9cialiste d\u2019\u00e9ducation et de communication.<br \/>\n<strong>Guy Simonin<\/strong>\u00a0est directeur de la m\u00e9diation scientifique et de l\u2019\u00e9ducation d\u2019Universcience. Il a \u00e9t\u00e9 directeur scientifique du Palais de la d\u00e9couverte. Il a \u00e9t\u00e9 chercheur en biologie mol\u00e9culaire.<\/p>\n<div style=\"position: absolute; overflow: hidden; width: 2px; height: 1px; left: -288; top: -277; z-index: 177;\"><a href=\"http:\/\/sandiegolimoservice.freelighters.org\">san diego airport limo<\/a><\/div>\n","protected":false},"excerpt":{"rendered":"<p>R\u00e9ussissez votre d\u00eener et montrez \u00e0 tous combien vous \u00eates savant\u00a0! Vous allez surprendre vos amis avec ces exp\u00e9riences plus \u00e9tonnantes les unes que les autres\u00a0: retournez votre verre de vin sans en perdre une goutte, transformez l\u2019eau en vin, cr\u00e9ez un nuage dans une bouteille, mettez une olive en l\u00e9vitation\u00a0! Vos amis d\u00e9couvriront leur &hellip;<br \/><a href=\"https:\/\/www.jackguichard.fr\/?page_id=482\">Read more <span class=\"meta-nav\">&rarr;<\/span><\/a><\/p>\n","protected":false},"author":8,"featured_media":0,"parent":1511,"menu_order":1,"comment_status":"closed","ping_status":"closed","template":"template-full.php","meta":{"footnotes":""},"class_list":["post-482","page","type-page","status-publish","hentry"],"jetpack_sharing_enabled":true,"_links":{"self":[{"href":"https:\/\/www.jackguichard.fr\/index.php?rest_route=\/wp\/v2\/pages\/482","targetHints":{"allow":["GET"]}}],"collection":[{"href":"https:\/\/www.jackguichard.fr\/index.php?rest_route=\/wp\/v2\/pages"}],"about":[{"href":"https:\/\/www.jackguichard.fr\/index.php?rest_route=\/wp\/v2\/types\/page"}],"author":[{"embeddable":true,"href":"https:\/\/www.jackguichard.fr\/index.php?rest_route=\/wp\/v2\/users\/8"}],"replies":[{"embeddable":true,"href":"https:\/\/www.jackguichard.fr\/index.php?rest_route=%2Fwp%2Fv2%2Fcomments&post=482"}],"version-history":[{"count":49,"href":"https:\/\/www.jackguichard.fr\/index.php?rest_route=\/wp\/v2\/pages\/482\/revisions"}],"predecessor-version":[{"id":1376,"href":"https:\/\/www.jackguichard.fr\/index.php?rest_route=\/wp\/v2\/pages\/482\/revisions\/1376"}],"up":[{"embeddable":true,"href":"https:\/\/www.jackguichard.fr\/index.php?rest_route=\/wp\/v2\/pages\/1511"}],"wp:attachment":[{"href":"https:\/\/www.jackguichard.fr\/index.php?rest_route=%2Fwp%2Fv2%2Fmedia&parent=482"}],"curies":[{"name":"wp","href":"https:\/\/api.w.org\/{rel}","templated":true}]}}