{"id":609,"date":"2011-10-20T09:45:23","date_gmt":"2011-10-20T07:45:23","guid":{"rendered":"http:\/\/jackguichard.fr\/?page_id=609"},"modified":"2025-10-03T10:05:35","modified_gmt":"2025-10-03T08:05:35","slug":"medias","status":"publish","type":"page","link":"https:\/\/www.jackguichard.fr\/?page_id=609","title":{"rendered":"Medias"},"content":{"rendered":"\n<p>21 d\u00e9cembre 2024 :&nbsp;<a href=\"https:\/\/www.jackguichard.fr\/?page_id=2968\">Jack pr\u00e9sente les dinosaures et la ria du Payr\u00e9 sur JT de TF1<\/a><\/p>\n\n\n\n<p>11 d\u00e9cembre 2024 :&nbsp;<a href=\"https:\/\/tvvendee.fr\/ya-une-asso-pour-ca\/groupe-associatif-estuaire-ya-une-asso-pour-ca\/\">sur TV Vend\u00e9e, Jack pr\u00e9sente les activit\u00e9s de l\u2019association estuaire dans le domaine maritime<\/a><\/p>\n\n\n\n<p>4 avril 2024 : <a href=\"https:\/\/www.facebook.com\/share\/v\/1Pp6kSQrVd\/?mibextid=wwXIfr\">Sur BFM TV jack pr\u00e9sente les dinosaures du Veillon<\/a><\/p>\n\n\n\n<p>Vendredi 7 juillet 2023 : <a href=\"http:\/\/www.tv-3p.fr\/voir_video.php?id=4209\">\u00ab\u00a0Les Balades de Jack\u00a0\u00bb avec Jack Guichard et Johny Lenormand . Balade sur le remblai des Sables d&rsquo;Olonne et rencontre avec l&rsquo;association du Mus\u00e9e du Sable<\/a><\/p>\n\n\n\n<p>Vendredi 30 juin : <a href=\"http:\/\/www.tv-3p.fr\/voir_video.php?id=4203\">\u00ab\u00a0Les Balades de Jack\u00a0\u00bb avec Jack Guichard et Johny Lenormand . Balade \u00e0 la d\u00e9couverte des villas et maisons aux Sables d&rsquo;Olonne <\/a>. <\/p>\n\n\n\n<p>Vendredi 6 juin 2023 :&nbsp;<a href=\"http:\/\/www.tv-3p.fr\/voir_video.php?id=4193\">Les Balades de Jack sur TV3Provinces : Balade \u00e0 Champ Saint-P\u00e8re<\/a>&nbsp;.<\/p>\n\n\n\n<p>Vendredi 2 juin 2023 \u2013&nbsp;<a href=\"http:\/\/www.tv-3p.fr\/voir_video.php?id=4187\">TV 3 Provinces \u2013 \u2018Les Balades de Jack\u2019 Balade sur la commune du Tablier au chaos de Piquet et \u00e0 la rencontre du sculpteur Gildas Raineau.<\/a><\/p>\n\n\n\n<p>Vendredi 26 mai 2023 \u2013&nbsp;<a href=\"http:\/\/www.tv-3p.fr\/voir_video.php?id=4183\">TV 3 Provinces \u2013 \u2018Les Balades de Jack\u2019 Balade \u00e0 Aubigny et \u00e0 Nesmy (Moulin de Rambourg et vieille poterie)<\/a><\/p>\n\n\n\n<p><\/p>\n\n\n\n<p>14 avril 2023 sur TV 3 Provinces : \u00ab\u00a0Les Balades de Jack\u00a0\u00bb avec Jack Guichard et Johny Lenormand. <a href=\"http:\/\/www.tv-3p.fr\/voir_video.php?id=4168\">Balade au pays des dolmens sur la commune du Bernard et au Pr\u00e9histo&rsquo;site du CAIRN \u00e0 Saint-Hilaire la For\u00eat<\/a>.<\/p>\n\n\n\n<p>7 avril sur TV 3 Provinces : <a href=\"http:\/\/www.tv-3p.fr\/voir_video.php?id=4164\">\u00ab\u00a0Les balades de Jack\u00a0\u00bb au pays des menhirs \u00e0 Avrill\u00e9 <\/a>. <\/p>\n\n\n\n<p>18 f\u00e9vrier 2023 : sur TV3Provinces : <a href=\"http:\/\/www.tv3p.fr\/voir_video.php?id=4127\">Balade de jack sur le port des Sables d&rsquo;Olonne&nbsp;<\/a><\/p>\n\n\n\n<p>20 janvier 2023 : sur TV3Provinces : <a href=\"http:\/\/www.tv-3p.fr\/voir_video.php?id=4109\">Balade de jack \u00e0 Jard-sur-mer avec Pierre Gilbert<\/a><\/p>\n\n\n\n<p>13 janvier 2023 : <a href=\"http:\/\/www.tv3p.fr\/voir_video.php?id=4103\">sur TV3Provinces : Balade de jack \u00e0 La Mine et dans la baie de Cayola<\/a><\/p>\n\n\n\n<p>9 d\u00e9cembre :&nbsp;<a href=\"http:\/\/www.tv-3p.fr\/voir_video.php?id=4085\">sur tv3provinces : Balade de Jack dans la haute-ville de Talmont<\/a><\/p>\n\n\n\n<p>2 d\u00e9cembre 2022 \u2013&nbsp;<a href=\"http:\/\/www.tv-3p.fr\/voir_video.php?id=4073\">sur TV3Provinces : Les Balades de Jack, \u00e0 Moricq et Angles<\/a><\/p>\n\n\n\n<p>1er d\u00e9cembre 2022 : <a href=\"http:\/\/jackguichard.fr\/?page_id=699\">article \u00ab\u00a0journal des sables\u00a0\u00bb : les balades de Jack\u00a0\u00bb<\/a><\/p>\n\n\n\n<p>25 novembre  article de ouest-france : <a href=\"http:\/\/jackguichard.fr\/?page_id=699\">Jack Guichard : apprivoiser les sciences en famille<\/a><\/p>\n\n\n\n<p>7 aout 2022 sur le site de \u00ab\u00a0vendee grand littoral\u00a0\u00bb : <a href=\"https:\/\/fb.watch\/eOqSQhYiOL\/\">Jack pr\u00e9sente le site et l\u2019exposition sur les dinosaures du Veillon<\/a><\/p>\n\n\n\n<p>article dans la revue<a href=\"http:\/\/jackguichard.fr\/?page_id=699\"> \u00ab\u00a0ENVOLEES\u00a0\u00bb de Vend\u00e9e Grand littoral <\/a>de juin 2022<\/p>\n\n\n\n<p>25 mars : TV 3 Provinces &#8211; Vendredi 25 mars 2022 &#8211; \\&rsquo;La Science est dans le Quotidien\\&rsquo; avec Jack Guichard et Jean Robert . <a href=\"http:\/\/www.tv3p.fr\/voir_video.php?id=3919\">La science est dans le sable<\/a><\/p>\n\n\n\n<p>une nouvelle vid\u00e9o r\u00e9alis\u00e9e par Johny Lenormand et Jack Guichard dans la s\u00e9rie \u00ab\u00a0les sentiers du littoral\u00a0\u00bb :&nbsp;<a href=\"https:\/\/youtu.be\/7JEtXm7v4H4\">les p\u00eacheries et les conches de l&rsquo;anse de la R\u00e9publique \u00e0 Talmont<\/a><\/p>\n\n\n\n<p>29 nov : nouvelle vid\u00e9o de la s\u00e9rie \u00ab\u00a0les sentiers du littoral\u00a0\u00bb : <a href=\"https:\/\/vimeo.com\/651032052\">les marais salants de la Guitti\u00e8re<\/a><\/p>\n\n\n\n<p>21 septembre : <a href=\"https:\/\/www.youtube.com\/watch?v=ImxJg9epgaE\">Jack sur France 3 national : m\u00e9t\u00e9o \u00e0 la carte<\/a><\/p>\n\n\n\n<p>2 juin 2021 : &nbsp;<a href=\"https:\/\/www.tf1.fr\/tf1\/jt-20h\/videos\/a-la-decouverte-de-lestuaire-du-payre-en-vendee-87179736.html\">Jack au JT de TF1 au Veillon<\/a><\/p>\n\n\n\n<p><a href=\"http:\/\/jackguichard.fr\/?page_id=2207\">sur TV 3 Provinces tous les 15 jours de janvier juin 2021 : \u00ab&nbsp;La science est dans le quotidien&nbsp;\u00bb :&nbsp;<br>avec Jack Guichard &amp; Jean Robert<\/a><\/p>\n\n\n\n<p><a href=\"http:\/\/www.tv-3p.fr\/voir_video.php?id=3552\">Livre \u00ab\u00a0les Talmondais, plus de 5000  ans d&rsquo;histoire  <\/a>et <a href=\"http:\/\/jackguichard.fr\/?page_id=2181\">les \u00e9missions sur TV 3provinces tous les 15 jours <\/a><\/p>\n\n\n\n<figure class=\"wp-block-image\"><img loading=\"lazy\" decoding=\"async\" width=\"1024\" height=\"722\" src=\"http:\/\/jackguichard.fr\/wp-content\/uploads\/2020\/10\/laminutepositive22082020-1024x722.jpeg\" alt=\"\" class=\"wp-image-2175\" srcset=\"https:\/\/www.jackguichard.fr\/wp-content\/uploads\/2020\/10\/laminutepositive22082020-1024x722.jpeg 1024w, https:\/\/www.jackguichard.fr\/wp-content\/uploads\/2020\/10\/laminutepositive22082020-300x212.jpeg 300w, https:\/\/www.jackguichard.fr\/wp-content\/uploads\/2020\/10\/laminutepositive22082020-768x542.jpeg 768w, https:\/\/www.jackguichard.fr\/wp-content\/uploads\/2020\/10\/laminutepositive22082020.jpeg 1348w\" sizes=\"auto, (max-width: 1024px) 100vw, 1024px\" \/><\/figure>\n\n\n\n<figure class=\"wp-block-image\"><img loading=\"lazy\" decoding=\"async\" width=\"640\" height=\"701\" src=\"http:\/\/jackguichard.fr\/wp-content\/uploads\/2020\/10\/IMG_8539.jpeg\" alt=\"\" class=\"wp-image-2178\" srcset=\"https:\/\/www.jackguichard.fr\/wp-content\/uploads\/2020\/10\/IMG_8539.jpeg 640w, https:\/\/www.jackguichard.fr\/wp-content\/uploads\/2020\/10\/IMG_8539-274x300.jpeg 274w\" sizes=\"auto, (max-width: 640px) 100vw, 640px\" \/><\/figure>\n\n\n\n<figure class=\"wp-block-image\"><img loading=\"lazy\" decoding=\"async\" width=\"1024\" height=\"729\" src=\"http:\/\/jackguichard.fr\/wp-content\/uploads\/2020\/10\/tvvendee082020-1024x729.jpeg\" alt=\"\" class=\"wp-image-2177\" srcset=\"https:\/\/www.jackguichard.fr\/wp-content\/uploads\/2020\/10\/tvvendee082020-1024x729.jpeg 1024w, https:\/\/www.jackguichard.fr\/wp-content\/uploads\/2020\/10\/tvvendee082020-300x213.jpeg 300w, https:\/\/www.jackguichard.fr\/wp-content\/uploads\/2020\/10\/tvvendee082020-768x546.jpeg 768w, https:\/\/www.jackguichard.fr\/wp-content\/uploads\/2020\/10\/tvvendee082020.jpeg 1321w\" sizes=\"auto, (max-width: 1024px) 100vw, 1024px\" \/><\/figure>\n\n\n\n<p><a href=\"https:\/\/tvvendee.fr\/chemins-traverse\/jack-guichard-un-passionne-de-sciences\/\">\u00ab\u00a0Jack Guichard, un passionn\u00e9 de sciences\u00a0\u00bb : \u00e9mission \u00ab\u00a0chemin de traverse\u00a0\u00bb sur TVVend\u00e9e mars 2019<\/a><\/p>\n\n\n\n<figure class=\"wp-block-image\"><img loading=\"lazy\" decoding=\"async\" width=\"1012\" height=\"1024\" src=\"http:\/\/jackguichard.fr\/wp-content\/uploads\/2021\/05\/IMG_2239-1012x1024.jpeg\" alt=\"\" class=\"wp-image-2291\" srcset=\"https:\/\/www.jackguichard.fr\/wp-content\/uploads\/2021\/05\/IMG_2239-1012x1024.jpeg 1012w, https:\/\/www.jackguichard.fr\/wp-content\/uploads\/2021\/05\/IMG_2239-297x300.jpeg 297w, https:\/\/www.jackguichard.fr\/wp-content\/uploads\/2021\/05\/IMG_2239-768x777.jpeg 768w\" sizes=\"auto, (max-width: 1012px) 100vw, 1012px\" \/><\/figure>\n\n\n\n<p>D\u00e9bat sur RFI le 31 d\u00e9cembre 2019 avec Aur\u00e9lien Devernoix : <a href=\"http:\/\/www.rfi.fr\/emission\/20191231-faut-il-innover-progresser\">Faut-il innover pour progresser? <\/a><br><a href=\"http:\/\/www.rfi.fr\/emission\/20191231-faut-il-innover-progresser\">\u00e9couter<\/a><\/p>\n\n\n\n<p>Interview sur France Inter samedi 24 novembre 2019 pour le livre \u00ab\u00a0best off des inventions rat\u00e9es\u00a0\u00bb&nbsp;voir sur facebook<a href=\"https:\/\/eur01.safelinks.protection.outlook.com\/?url=https%3A%2F%2Fwww.facebook.com%2FTalmondais%2Fvideos%2F729075067614945%2F&amp;data=02%7C01%7Ccgirac%40larousse.fr%7C5ee789b949bd4ccdf6c708d7710479f1%7Cf881a2c50a89483181b1c7846c49594d%7C0%7C0%7C637102136350425355&amp;sdata=gOBjrfsVcfxdP8%2FiCHG17PP1ZkttIEF8DY%2FFlJgEwpQ%3D&amp;reserved=0\">https:\/\/www.facebook.com\/Talmondais\/videos\/729075067614945\/<\/a><\/p>\n\n\n\n<figure class=\"wp-block-image\"><img loading=\"lazy\" decoding=\"async\" width=\"618\" height=\"480\" src=\"http:\/\/jackguichard.fr\/wp-content\/uploads\/2019\/12\/image001.jpg\" alt=\"\" class=\"wp-image-2021\" srcset=\"https:\/\/www.jackguichard.fr\/wp-content\/uploads\/2019\/12\/image001.jpg 618w, https:\/\/www.jackguichard.fr\/wp-content\/uploads\/2019\/12\/image001-300x233.jpg 300w\" sizes=\"auto, (max-width: 618px) 100vw, 618px\" \/><\/figure>\n\n\n\n<figure class=\"wp-block-image\"><img loading=\"lazy\" decoding=\"async\" width=\"336\" height=\"526\" src=\"http:\/\/jackguichard.fr\/wp-content\/uploads\/2019\/10\/IMG_5328.jpeg\" alt=\"\" class=\"wp-image-1996\" srcset=\"https:\/\/www.jackguichard.fr\/wp-content\/uploads\/2019\/10\/IMG_5328.jpeg 336w, https:\/\/www.jackguichard.fr\/wp-content\/uploads\/2019\/10\/IMG_5328-192x300.jpeg 192w\" sizes=\"auto, (max-width: 336px) 100vw, 336px\" \/><figcaption class=\"wp-element-caption\">Ouest-france 1 aout 2019<\/figcaption><\/figure>\n\n\n<p><a href=\"http:\/\/jackguichard.fr\/?page_id=839\"><strong>interventions r\u00e9centes \u00e0 la t\u00e9l\u00e9vision<\/strong><\/a><\/p>\n<ul>\n<li><a href=\"https:\/\/vimeo.com\/channels\/sentiers\">\u00e9mission de France 3 \u00ab\u00a0Ensemble c&rsquo;est mieux\u00a0\u00bb<\/a> (23 avril 2019)<\/li>\n<\/ul>\n<p>\u2013 <a href=\"http:\/\/www.tvvendee.fr\/chemin-de-traverse\/veillon_19052017\">\u00e9mission sur le bois du veillon, dans \u00ab\u00a0chemin de traverse\u00a0\u00bb \u00a0sur TVVend\u00e9e<\/a><\/p>\n<p>\u2013 journal de 13 heures sur TF1 (29 septembre 2015): sur les traces des dinosaures du Veillon : <a href=\"http:\/\/www.talmondais.com\/blog\/\">talmondais.com<\/a><\/p>\n<p><a href=\"http:\/\/jackguichard.fr\/?page_id=828\"><strong>interventions r\u00e9centes \u00e0 la radio<\/strong><\/a><\/p>\n<p><a href=\"http:\/\/jackguichard.fr\/?page_id=699\"><strong>article de presse<\/strong><\/a><\/p>\n<p><a href=\"http:\/\/www.futura-sciences.com\/magazines\/sante\/infos\/personnalites\/d\/biologie-jack-guichard-1245\/\"><strong>futurasciences<\/strong><\/a><\/p>\n<p><a href=\"https:\/\/www.radiofrance.fr\/franceinter\/podcasts\/du-vent-dans-les-synapses\/la-naissance-d-un-volcan-sous-la-mer-5973905\">10 mai 2018 : Du vent dans les synapses (radio france)\u00a0<\/a><a href=\"http:\/\/jackguichard.fr\/?attachment_id=614\" rel=\"attachment wp-att-614\"><br \/><\/a>Revue de presse<\/p>\n<p>&#8211; f\u00eate de la science 2017\u00a0<img loading=\"lazy\" decoding=\"async\" class=\"alignleft size-large wp-image-1718\" src=\"http:\/\/jackguichard.fr\/wp-content\/uploads\/2011\/10\/HS-06-10-17-F\u00eate-de-la-SCIENCE-MHS-985x1024.jpg\" alt=\"\" width=\"590\" height=\"613\" srcset=\"https:\/\/www.jackguichard.fr\/wp-content\/uploads\/2011\/10\/HS-06-10-17-F\u00eate-de-la-SCIENCE-MHS-985x1024.jpg 985w, https:\/\/www.jackguichard.fr\/wp-content\/uploads\/2011\/10\/HS-06-10-17-F\u00eate-de-la-SCIENCE-MHS-289x300.jpg 289w, https:\/\/www.jackguichard.fr\/wp-content\/uploads\/2011\/10\/HS-06-10-17-F\u00eate-de-la-SCIENCE-MHS-768x798.jpg 768w, https:\/\/www.jackguichard.fr\/wp-content\/uploads\/2011\/10\/HS-06-10-17-F\u00eate-de-la-SCIENCE-MHS.jpg 1625w\" sizes=\"auto, (max-width: 590px) 100vw, 590px\" \/><\/p>\n<p>&#8211; invit\u00e9 avec Arielle Dombasle de\u00a0<a style=\"font-weight: bold;\" href=\"http:\/\/www.franceinter.fr\/player\/reecouter?play=665536\">France Inter \u00e9mission \u00ab\u00a0on va tous y passer \u00bb \u2013 25 Juin<\/a><\/p>\n<p><strong>&#8211;\u00a0<\/strong>sur\u00a0<a href=\"http:\/\/podcast.rcf.fr\/emission\/188713\/604832\">RCF \u00ab Open Book \u00bb \u2013 26 Juin 2013\u00a0&#8211;\u00a0Interview\u00a0Jack Guichard<\/a><\/p>\n<p>&#8211; dans\u00a0<a href=\"http:\/\/www.femininbio.com\/maison-jardin\/conseils-astuces\/experience-jardin-ballon-increvable-68971\">Femininbio.com \u2013 16 Juin<\/a><\/p>\n<p><img loading=\"lazy\" decoding=\"async\" class=\"alignleft size-large wp-image-1666\" src=\"http:\/\/jackguichard.fr\/wp-content\/uploads\/2011\/10\/IMG_6920-808x1024.jpg\" alt=\"\" width=\"590\" height=\"748\" srcset=\"https:\/\/www.jackguichard.fr\/wp-content\/uploads\/2011\/10\/IMG_6920-808x1024.jpg 808w, https:\/\/www.jackguichard.fr\/wp-content\/uploads\/2011\/10\/IMG_6920-237x300.jpg 237w, https:\/\/www.jackguichard.fr\/wp-content\/uploads\/2011\/10\/IMG_6920-768x974.jpg 768w, https:\/\/www.jackguichard.fr\/wp-content\/uploads\/2011\/10\/IMG_6920.jpg 1849w\" sizes=\"auto, (max-width: 590px) 100vw, 590px\" \/><\/p>\n<p>&#8211; une page dans le T\u00e9l\u00e9gramme de Brest<a href=\"http:\/\/jackguichard.fr\/?attachment_id=1289\" rel=\"attachment wp-att-1289\"><img loading=\"lazy\" decoding=\"async\" class=\"alignleft size-full wp-image-1289\" title=\"telegrammebrest\" src=\"http:\/\/jackguichard.fr\/wp-content\/uploads\/2011\/10\/telegrammebrest.png\" alt=\"\" width=\"754\" height=\"1119\" srcset=\"https:\/\/www.jackguichard.fr\/wp-content\/uploads\/2011\/10\/telegrammebrest.png 754w, https:\/\/www.jackguichard.fr\/wp-content\/uploads\/2011\/10\/telegrammebrest-202x300.png 202w, https:\/\/www.jackguichard.fr\/wp-content\/uploads\/2011\/10\/telegrammebrest-689x1024.png 689w\" sizes=\"auto, (max-width: 754px) 100vw, 754px\" \/><\/a><\/p>\n<p>&#8211; dans Vie \u00e0 la campagne \u2013 Juin 2013<\/p>\n<p>&#8211; sur futura-sciences <a href=\"http:\/\/www.futura-sciences.com\/fr\/doc\/t\/physique\/d\/experiences-epater-amis-a-table_1645\/c3\/221\/p1\/\">en mars 2013<\/a><\/p>\n<p>&#8211; France culture: \u00ab\u00a0Continent science\u00a0\u00bb avec St\u00e9phane Deligeorges le 30 janvier :\u00a0<a href=\"http:\/\/www.franceculture.fr\/emission-continent-sciences-jeux-de-physique-avec-les-mains-2012-01-30\">\u00e9couter<\/a><\/p>\n<p>&#8211; T\u00e9l\u00e9matin sur France 2 :\u00a0<a href=\"http:\/\/telematin.france2.fr\/?page=chronique&amp;id_article=33632\">reportage de Laurence Beauvillard\u00a0<\/a><\/p>\n<p>&#8211; JT de\u00a0France 3\u00a0Paris-IDF du 17 dec 2011 : <a href=\"http:\/\/www.google.com\/url?sa=X&amp;q=http:\/\/paris-ile-de-france.france3.fr\/info\/les-lois-elementaires-de-la-physique-71719462.html&amp;ct=ga&amp;cad=CAcQARgBIAAoATAAOABAjN6x9wRIAVgBYgVmci1GUg&amp;cd=DCiMHyNPX5U&amp;usg=AFQjCNE4icfm3QD9mYZLb_vapaRCCVdUJA\">Les lois \u00e9l\u00e9mentaires de la physique!<\/a>\u00a0<em>Dans le livre,\u00a050 exp\u00e9riences\u00a0pour \u00e9pater vos amis \u00e0 table, aux \u00e9ditions\u00a0&#8230;\u00a0Jack Guichard\u00a0et Guy Simonin nous livrent les secrets de dr\u00f4les d&rsquo;exp\u00e9riences.\u00a0<\/em>&#8230;<a href=\"http:\/\/wp.me\/P1LMt2-dx\">voir le reportage<\/a><\/p>\n<p>&#8211; Une heure sur RFI le 21 oct 2011:\u00a0<strong><strong>Et si on s&rsquo;amusait un peu? \u00a0avec\u00a0Jean-Yves Casgha<br \/><\/strong><\/strong><a href=\"http:\/\/www.rfi.fr\/emission\/20111021-1-on-s-amusait-peu\" target=\"_blank\" rel=\"noopener noreferrer\">\u00e9couter la premi\u00e8re partie<\/a>\u00a0puis\u00a0<a href=\"http:\/\/www.rfi.fr\/emission\/20111021-2-on-s-amusait-peu\" target=\"_blank\" rel=\"noopener noreferrer\">\u00e9couter la seconde partie<\/a><\/p>\n<p>&#8211; articles de presse sur le livre 50 exp\u00e9riences (le Dauphin\u00e9 lib\u00e9r\u00e9; Pour la science;\u00a0sciences et avenir)\u00a0:<a href=\"http:\/\/wp.me\/P1LMt2-bh\">\u00a0lire\u00a0<\/a><\/p>\n<p>&#8211; article de \u00ab\u00a0la lettre de l&rsquo;AFAS\u00a0\u00bb : <a href=\"http:\/\/wp.me\/P1LMt2-cu\">lire<\/a><\/p>\n<p>&#8211; <strong>\u00e9mission \u00ab\u00a0La t\u00eate au carr\u00e9\u00a0\u00bb<\/strong> de Daniel Fi\u00e9vet le 2 novembre : <a href=\"http:\/\/www.franceinter.fr\/emission-la-tete-au-carre-de-daniel-fievet-comment-parler-de-sciences-aux-enfants\">\u00e9couter<\/a><\/p>\n<p>&#8211; intervention sur France Inter le 27 octobre dans\u00a0Ouvert la nuit : Rencontre avec Guy Simonin :\u00a0<a title=\"http:\/\/www.franceinter.fr\/player\/direct?play=200399\" href=\"http:\/\/www.franceinter.fr\/emission-ouvert-la-nuit-rencontre-avec-guy-simonin-elephanz-live-et-marie-rose-moro\" target=\"_blank\" rel=\"noopener noreferrer\">\u00e9couter<\/a><\/p>\n<p>&#8211; coup de coeur sur <a href=\"http:\/\/wp.me\/P1LMt2-bW\">fnac.com<\/a><\/p>\n<p>&#8211; chronique de Marie-Odile Monchicourt sur France-Info le 11 novembre 2011: <a href=\"http:\/\/www.franceinfo.fr\/sciences-sante-experiences\/info-sciences\/voulez-vous-epater-vos-copains-443341-2011-11-10\">\u00e9couter<\/a><\/p>\n<p>&#8211; interventions : \u00e0 <a href=\"http:\/\/lehavre.fr\/agenda\/jack-guichard-a-la-galerne\">la Galerne au Havre<\/a>,<\/p>\n<p><strong>\u00a0et sur YouTube : <\/strong><a href=\"http:\/\/wp.me\/P1LMt2-eU\">voir sur YouTube<\/a><\/p>\n<p>&#8211; article page 14 dans le <a href=\"www.journaldesremparts.com\/journaldesremparts_fev2013.pdf\" target=\"_blank\" rel=\"noopener noreferrer\">journal de saint-Malo<\/a> en f\u00e9vrier 2013<\/p>\n<div style=\"position: absolute; overflow: hidden; width: 2px; height: 1px; left: -288; top: -277; z-index: 177;\"><a href=\"http:\/\/acaiberry-cleanse.todd-shelton.com\">acai berry<\/a><\/div>","protected":false},"excerpt":{"rendered":"<p>21 d\u00e9cembre 2024 :&nbsp;Jack pr\u00e9sente les dinosaures et la ria du Payr\u00e9 sur JT de TF1 11 d\u00e9cembre 2024 :&nbsp;sur TV Vend\u00e9e, Jack pr\u00e9sente les activit\u00e9s de l\u2019association estuaire dans le domaine maritime 4 avril 2024 : Sur BFM TV jack pr\u00e9sente les dinosaures du Veillon Vendredi 7 juillet 2023 : \u00ab\u00a0Les Balades de Jack\u00a0\u00bb &hellip;<br \/><a href=\"https:\/\/www.jackguichard.fr\/?page_id=609\">Read more <span class=\"meta-nav\">&rarr;<\/span><\/a><\/p>\n","protected":false},"author":8,"featured_media":0,"parent":0,"menu_order":5,"comment_status":"closed","ping_status":"closed","template":"template-full.php","meta":{"footnotes":""},"class_list":["post-609","page","type-page","status-publish","hentry"],"jetpack_sharing_enabled":true,"_links":{"self":[{"href":"https:\/\/www.jackguichard.fr\/index.php?rest_route=\/wp\/v2\/pages\/609","targetHints":{"allow":["GET"]}}],"collection":[{"href":"https:\/\/www.jackguichard.fr\/index.php?rest_route=\/wp\/v2\/pages"}],"about":[{"href":"https:\/\/www.jackguichard.fr\/index.php?rest_route=\/wp\/v2\/types\/page"}],"author":[{"embeddable":true,"href":"https:\/\/www.jackguichard.fr\/index.php?rest_route=\/wp\/v2\/users\/8"}],"replies":[{"embeddable":true,"href":"https:\/\/www.jackguichard.fr\/index.php?rest_route=%2Fwp%2Fv2%2Fcomments&post=609"}],"version-history":[{"count":204,"href":"https:\/\/www.jackguichard.fr\/index.php?rest_route=\/wp\/v2\/pages\/609\/revisions"}],"predecessor-version":[{"id":3038,"href":"https:\/\/www.jackguichard.fr\/index.php?rest_route=\/wp\/v2\/pages\/609\/revisions\/3038"}],"wp:attachment":[{"href":"https:\/\/www.jackguichard.fr\/index.php?rest_route=%2Fwp%2Fv2%2Fmedia&parent=609"}],"curies":[{"name":"wp","href":"https:\/\/api.w.org\/{rel}","templated":true}]}}