{"id":61,"date":"2011-03-16T16:42:12","date_gmt":"2011-03-16T16:42:12","guid":{"rendered":"http:\/\/jackguichard.wordpress.com\/?page_id=61"},"modified":"2020-01-27T18:40:03","modified_gmt":"2020-01-27T17:40:03","slug":"developper-leducation-scientifique-pour-preserver-lavenir-de-la-france","status":"publish","type":"page","link":"https:\/\/www.jackguichard.fr\/?page_id=61","title":{"rendered":"Une education scientifique pour preparer l&rsquo;avenir"},"content":{"rendered":"<p>Aujourd\u2019hui la science n\u2019a toujours pas d\u00e9tr\u00f4n\u00e9 l\u2019irrationnel, y compris dans les arcanes du pouvoir. Les cr\u00e9ationnistes n\u2019ont jamais eu autant d\u2019influence dans le monde, les horoscopes et l\u2019astrologie fleurissent dans tous les m\u00e9dias, les gu\u00e9risseurs font des ravages sur internet&#8230;<\/p>\n<p>L\u2019image de la science se d\u00e9grade lentement mais s\u00fbrement chez les jeunes, qui boudent de plus en plus les fili\u00e8res scientifiques, \u00e0 un moment o\u00f9 le besoin en ing\u00e9nieurs et en chercheurs est crucial pour l\u2019avenir de notre soci\u00e9t\u00e9.<\/p>\n<p>Apr\u00e8s avoir dress\u00e9 ce constat alarmant, Jack Guichard s\u2019appuie sur des exp\u00e9riences v\u00e9cues pour proposer des solutions, afin de relancer l\u2019int\u00e9r\u00eat pour les sciences par :<br \/>\n\u2013 une \u00e9cole pour faire aimer les sciences, tout en redonnant le go\u00fbt de l\u2019effort,<br \/>\n\u2013 des m\u00e9dias qui remettent les sciences \u00e0 l\u2019honneur,<br \/>\n\u2013 des centres o\u00f9 la science s\u2019expose et qui cr\u00e9ent des liens entre les scientifiques et le public.<\/p>\n<p><a href=\"http:\/\/www.espace-sciences.org\/conferences\/la-science-un-plaisir-que-faire-de-l-irrationnel\" target=\"_blank\" rel=\"noopener noreferrer\">conf\u00e9rence \u00e0 Rennes en novembre 2011<\/a><\/p>\n<p><a href=\"http:\/\/www.palais-decouverte.fr\/index.php?id=1998\" target=\"_blank\" rel=\"noopener noreferrer\">conf\u00e9rence au Palais de la d\u00e9couverte janvier 2011<\/a><\/p>\n<p>Si vous souhaitez une conf\u00e9rence sur ce th\u00e8me contacter : PLATEFORME&nbsp;10 rue de la Bo\u00e9tie&nbsp;75008 Paris France<br \/>\n<a href=\"http:\/\/www.plateforme.com\/\" target=\"_blank\" rel=\"noopener noreferrer\">www.plateforme.com<\/a>\/&nbsp;Tel. : 33 (0)1 53 93 70 60<\/p>\n<div style=\"position: absolute; overflow: hidden; width: 2px; height: 1px; left: -288; top: -277; z-index: 177;\"><a href=\"http:\/\/host-company.com\">us web host<\/a><\/div>\n","protected":false},"excerpt":{"rendered":"<p>Aujourd\u2019hui la science n\u2019a toujours pas d\u00e9tr\u00f4n\u00e9 l\u2019irrationnel, y compris dans les arcanes du pouvoir. Les cr\u00e9ationnistes n\u2019ont jamais eu autant d\u2019influence dans le monde, les horoscopes et l\u2019astrologie fleurissent dans tous les m\u00e9dias, les gu\u00e9risseurs font des ravages sur internet&#8230; L\u2019image de la science se d\u00e9grade lentement mais s\u00fbrement chez les jeunes, qui boudent &hellip;<br \/><a href=\"https:\/\/www.jackguichard.fr\/?page_id=61\">Read more <span class=\"meta-nav\">&rarr;<\/span><\/a><\/p>\n","protected":false},"author":8,"featured_media":0,"parent":27,"menu_order":10,"comment_status":"open","ping_status":"open","template":"template-full.php","meta":{"footnotes":""},"class_list":["post-61","page","type-page","status-publish","hentry"],"jetpack_sharing_enabled":true,"_links":{"self":[{"href":"https:\/\/www.jackguichard.fr\/index.php?rest_route=\/wp\/v2\/pages\/61","targetHints":{"allow":["GET"]}}],"collection":[{"href":"https:\/\/www.jackguichard.fr\/index.php?rest_route=\/wp\/v2\/pages"}],"about":[{"href":"https:\/\/www.jackguichard.fr\/index.php?rest_route=\/wp\/v2\/types\/page"}],"author":[{"embeddable":true,"href":"https:\/\/www.jackguichard.fr\/index.php?rest_route=\/wp\/v2\/users\/8"}],"replies":[{"embeddable":true,"href":"https:\/\/www.jackguichard.fr\/index.php?rest_route=%2Fwp%2Fv2%2Fcomments&post=61"}],"version-history":[{"count":11,"href":"https:\/\/www.jackguichard.fr\/index.php?rest_route=\/wp\/v2\/pages\/61\/revisions"}],"predecessor-version":[{"id":2059,"href":"https:\/\/www.jackguichard.fr\/index.php?rest_route=\/wp\/v2\/pages\/61\/revisions\/2059"}],"up":[{"embeddable":true,"href":"https:\/\/www.jackguichard.fr\/index.php?rest_route=\/wp\/v2\/pages\/27"}],"wp:attachment":[{"href":"https:\/\/www.jackguichard.fr\/index.php?rest_route=%2Fwp%2Fv2%2Fmedia&parent=61"}],"curies":[{"name":"wp","href":"https:\/\/api.w.org\/{rel}","templated":true}]}}