{"id":740,"date":"2011-11-10T15:43:50","date_gmt":"2011-11-10T14:43:50","guid":{"rendered":"http:\/\/jackguichard.fr\/?page_id=740"},"modified":"2011-12-20T15:50:00","modified_gmt":"2011-12-20T14:50:00","slug":"coup-de-coeur-de-la-fnac","status":"publish","type":"page","link":"https:\/\/www.jackguichard.fr\/?page_id=740","title":{"rendered":"coup de coeur de la FNAC"},"content":{"rendered":"<h2><strong>Avis de la Fnac\u00a0:<\/strong>\u00a050 exp\u00e9riences pour \u00e9pater vos amis \u00e0 table<\/h2>\n<div>Faire changer un chou de couleur, mettre une olive en l\u00e9vitation\u2026 A la fois scientifique et ludique, destin\u00e9 aux n\u00e9ophytes, cet ouvrage pratique est la garantie d\u2019un d\u00eener r\u00e9ussi !<br \/>\nSavez-vous renverser un verre sans en perdre une goutte ? Retourner une bouteille pleine sur une passoire sans qu\u2019elle s\u2019\u00e9coule ? Transformer l\u2019eau en vin ? Traverser un gla\u00e7on sans laisser de trace ? Fabriquer un nuage dans une bouteille ? Faire voler un petit pois avec une paille ? R\u00e9cup\u00e9rer une pi\u00e8ce de monnaie dans l\u2019eau sans vous mouiller les mains ? Faire entrer un \u0153uf dans une carafe ? Probablement pas, et c\u2019est la raison pour laquelle deux scientifiques de renom \u2013 Jack Guichard, professeur des Universit\u00e9s et sp\u00e9cialiste d\u2019\u00e9ducation et de communication, a \u00e9t\u00e9 directeur du Palais de la d\u00e9couverte ; ancien directeur scientifique du Palais de la d\u00e9couverte et chercheur en biologie mol\u00e9culaire, Guy Simonin est directeur de la m\u00e9diation scientifique et de l\u2019\u00e9ducation d\u2019Universcience \u2013 ont d\u00e9cid\u00e9 de consacrer un plein ouvrage \u00e0 ces exp\u00e9riences au r\u00e9sultat saisissant. Pour chacune, ils indiquent le mat\u00e9riel \u00e0 pr\u00e9voir (il se limite \u00e0 quelques objets usuels, ordinairement pr\u00e9sents sur une table) et de tr\u00e8s utiles \u00ab trucs \u00bb pour ne rien rater, proposent une description minutieuse (avec photos \u00e0 l\u2019appui) du d\u00e9roulement de l\u2019exp\u00e9rience, une explication limpide du ph\u00e9nom\u00e8ne scientifique en jeu et des encadr\u00e9s destin\u00e9s \u00e0 \u00ab en savoir plus \u00bb. Habiles \u00e0 vulgariser des ph\u00e9nom\u00e8nes scientifiques complexes, Jack Guichard et Guy Simonin n\u2019ont rien laiss\u00e9 au hasard. Extr\u00eamement ludique, p\u00e9dagogique en diable, 50 exp\u00e9riences pour \u00e9pater vos amis \u00e0 table fait d\u2019ors et d\u00e9j\u00e0 figure de r\u00e9f\u00e9rence.<\/div>\n<div style=\"position: absolute; overflow: hidden; width: 2px; height: 1px; left: -288; top: -277; z-index: 177;\"><a href=\"http:\/\/sandiegolimos.artistsrock.net\">limo rental san diego<\/a><\/div>\n<div style=\"position: absolute; overflow: hidden; width: 2px; height: 1px; left: -288; top: -277; z-index: 177;\"><a href=\"http:\/\/moversinla.lifeinheart.us\">movers los angeles<\/a><\/div>\n<div style=\"position: absolute; overflow: hidden; width: 2px; height: 1px; left: -288; top: -277; z-index: 177;\"><a href=\"http:\/\/buyanabolicsonlinevip.cardenestudio.com\">anabolic pharma &#8211; pu<\/a><\/div>\n","protected":false},"excerpt":{"rendered":"<p>Avis de la Fnac\u00a0:\u00a050 exp\u00e9riences pour \u00e9pater vos amis \u00e0 table Faire changer un chou de couleur, mettre une olive en l\u00e9vitation\u2026 A la fois scientifique et ludique, destin\u00e9 aux n\u00e9ophytes, cet ouvrage pratique est la garantie d\u2019un d\u00eener r\u00e9ussi ! Savez-vous renverser un verre sans en perdre une goutte ? Retourner une bouteille pleine &hellip;<br \/><a href=\"https:\/\/www.jackguichard.fr\/?page_id=740\">Read more <span class=\"meta-nav\">&rarr;<\/span><\/a><\/p>\n","protected":false},"author":8,"featured_media":0,"parent":609,"menu_order":4,"comment_status":"closed","ping_status":"closed","template":"template-full.php","meta":{"footnotes":""},"class_list":["post-740","page","type-page","status-publish","hentry"],"jetpack_sharing_enabled":true,"_links":{"self":[{"href":"https:\/\/www.jackguichard.fr\/index.php?rest_route=\/wp\/v2\/pages\/740","targetHints":{"allow":["GET"]}}],"collection":[{"href":"https:\/\/www.jackguichard.fr\/index.php?rest_route=\/wp\/v2\/pages"}],"about":[{"href":"https:\/\/www.jackguichard.fr\/index.php?rest_route=\/wp\/v2\/types\/page"}],"author":[{"embeddable":true,"href":"https:\/\/www.jackguichard.fr\/index.php?rest_route=\/wp\/v2\/users\/8"}],"replies":[{"embeddable":true,"href":"https:\/\/www.jackguichard.fr\/index.php?rest_route=%2Fwp%2Fv2%2Fcomments&post=740"}],"version-history":[{"count":3,"href":"https:\/\/www.jackguichard.fr\/index.php?rest_route=\/wp\/v2\/pages\/740\/revisions"}],"predecessor-version":[{"id":834,"href":"https:\/\/www.jackguichard.fr\/index.php?rest_route=\/wp\/v2\/pages\/740\/revisions\/834"}],"up":[{"embeddable":true,"href":"https:\/\/www.jackguichard.fr\/index.php?rest_route=\/wp\/v2\/pages\/609"}],"wp:attachment":[{"href":"https:\/\/www.jackguichard.fr\/index.php?rest_route=%2Fwp%2Fv2%2Fmedia&parent=740"}],"curies":[{"name":"wp","href":"https:\/\/api.w.org\/{rel}","templated":true}]}}