{"id":8,"date":"2011-03-16T13:55:59","date_gmt":"2011-03-16T13:55:59","guid":{"rendered":"http:\/\/jackguichard.wordpress.com\/?page_id=7"},"modified":"2025-12-06T17:07:33","modified_gmt":"2025-12-06T16:07:33","slug":"qui-je-suis","status":"publish","type":"page","link":"https:\/\/www.jackguichard.fr\/?page_id=8","title":{"rendered":"Biographie"},"content":{"rendered":"<p style=\"text-align: left;\"><a href=\"http:\/\/jackguichard.fr\/wp-content\/uploads\/2011\/03\/05-guichard-copie.jpg\"><img loading=\"lazy\" decoding=\"async\" class=\"size-full wp-image-24 alignleft\" title=\"05 guichard - copie\" src=\"http:\/\/jackguichard.fr\/wp-content\/uploads\/2011\/03\/05-guichard-copie.jpg\" alt=\"\" width=\"384\" height=\"343\" srcset=\"https:\/\/www.jackguichard.fr\/wp-content\/uploads\/2011\/03\/05-guichard-copie.jpg 1277w, https:\/\/www.jackguichard.fr\/wp-content\/uploads\/2011\/03\/05-guichard-copie-300x268.jpg 300w, https:\/\/www.jackguichard.fr\/wp-content\/uploads\/2011\/03\/05-guichard-copie-1024x916.jpg 1024w\" sizes=\"auto, (max-width: 384px) 100vw, 384px\" \/><\/a>Auteur et conf\u00e9rencier, Jack Guichard est Normalien, biologiste et sp\u00e9cialiste de l\u2019\u00e9ducation et la communication.<br \/>\nIl a \u00e9t\u00e9 le <strong>directeur du <a title=\"Palais de la d\u00e9couverte\" href=\"http:\/\/www.palais-decouverte.fr\/index.php\" target=\"_blank\" rel=\"noopener noreferrer\">Palais de la d\u00e9couverte<\/a><\/strong>, lieu mythique qui a d\u00e9velopp\u00e9 tant de vocations scientifiques. Il a \u00e9galement \u00e9t\u00e9 le responsable scientifique et p\u00e9dagogique de la cr\u00e9ation de la <strong><a title=\"cit\u00e9 des enfants\" href=\"http:\/\/www.cite-sciences.fr\/fr\/cite-des-sciences\/contenu\/c\/1248104303612\/cite-des-enfants\/\" target=\"_blank\" rel=\"noopener noreferrer\">cit\u00e9 des enfants<\/a><\/strong>, lieu qui a r\u00e9volutionn\u00e9 la fa\u00e7on de pr\u00e9senter les sciences aux jeunes.<\/p>\n<p>Il est <strong>pr\u00e9sident du conseil scientifique<\/strong> et secr\u00e9taire g\u00e9n\u00e9ral de \u00ab\u00a0Savoir apprendre\u00a0\u00bb (association qui a cr\u00e9\u00e9 et pilote\u00a0<a href=\"http:\/\/www.exploradome.com\/\" target=\"_blank\" rel=\"noopener noreferrer\">l&rsquo;Explorad\u00f4me<\/a>).<strong><br \/>\n<\/strong>Il est <strong>pr\u00e9sident du\u00a0<a title=\"Tout sur l\u2019abeille\u2026 et le reste\" href=\"http:\/\/jackguichard.fr\/?page_id=1359\">Bureau d\u2019Etudes Littorales LABEL<\/a><\/strong>.<br \/>\nIl est <strong>vice-pr\u00e9sident du Groupe Associatif Estuaire,<\/strong>\u00a0dirige le<strong> conseil scientifique du <\/strong><strong>GAE<\/strong>\u00a0et a cr\u00e9\u00e9 le groupe des \u00ab\u00a0<a href=\"http:\/\/www.sentinelledelestuaire.fr\"><strong>sentinelles de l&rsquo;estuaire<\/strong><\/a>\u00ab\u00a0<span style=\"font-family: 'Times New Roman', Times, serif;\"><span style=\"font-family: 'Times New Roman', Times, serif;\"><span style=\"font-family: 'Times New Roman', Times, serif;\"><span style=\"font-family: 'Times New Roman', Times, serif;\"><span style=\"font-family: 'Times New Roman', Times, serif;\"><span style=\"font-family: 'Times New Roman', Times, serif;\"><span style=\"font-family: 'Times New Roman', Times, serif;\"><br \/>\n<\/span><\/span><\/span><\/span><\/span><\/span><\/span>Il est vice-pr\u00e9sident du <a href=\"http:\/\/www.museedusable.com\/rubriques\/a-la-une\"><strong>Mus\u00e9e du sable<\/strong><\/a>, qui d\u00e9veloppe le projet \u00ab\u00a0Planet Sable\u00a0\u00bb aux Sables d&rsquo;Olonne.<br \/>\nIl est vice-pr\u00e9sident de <a href=\"https:\/\/www.facebook.com\/Les-Amis-du-Patrimoine-Talmondais-1653861618207541\/\">l&rsquo;Association des Amis du Patrimoine Talmondais<\/a> \u00a0depuis 2020<br \/>\nIl est membre du conseil d&rsquo;administration de l&rsquo;<a href=\"http:\/\/avg85.fr\">AVG (Association Vend\u00e9enne de G\u00e9ologie)<\/a> depuis 2021<br \/>\nIl est membre du conseil d&rsquo;administration de<a href=\"https:\/\/lesrandonneestalmondaises.blogspot.com\"> l&rsquo;association des Randonn\u00e9es Talmondaises<\/a> depuis 2021<\/p>\n<p>Il a \u00e9t\u00e9 jusqu&rsquo;en 2015\u00a0<strong>Vice-Pr\u00e9sident de l\u2019Association Fran\u00e7aise pour l\u2019Avancement des Sciences<\/strong> (<strong><a title=\"AFAS\" href=\"http:\/\/www.avancement-sciences.org\/\" target=\"_blank\" rel=\"noopener noreferrer\">AFAS<\/a><\/strong>) dont il fait toujours partie.<\/p>\n<p>Il a \u00e9t\u00e9 membre du conseil d&rsquo;administration de la \u00ab\u00a0<strong><a title=\"fondation maif\" href=\"http:\/\/www.fondation-maif.fr\/fondation\/notre-mission\/notre-organisation-2.html\" target=\"_blank\" rel=\"noopener noreferrer\">Fondation MAIF<\/a><\/strong>\u00a0\u00bb pour la recherche jusqu&rsquo;en 2020.<\/p>\n<p>Il a \u00e9t\u00e9 membre du <strong>conseil scientifique<\/strong> de\u00a0<a href=\"http:\/\/www.bulletin-amcsti.fr\/territoires-de-la-csti\/\"><span style=\"font-family: 'Times New Roman', Times, serif;\">l&rsquo;Association\u00a0<\/span><\/a><span style=\"font-family: 'Times New Roman', Times, serif;\"><a href=\"http:\/\/www.bulletin-amcsti.fr\/territoires-de-la-csti\/\">Territoires de la CSTI,<\/a>\u00a0laur\u00e9at des Investissements d\u2019Avenir (2013-2019)<\/span><br \/>\nJusqu&rsquo;en 2014, il a \u00e9t\u00e9\u00a0membre du <strong>conseil scientifique pour la culture scientifique et technique de la \u00ab\u00a0R\u00e9gion Alsace\u00a0\u00bb<\/strong>.<br \/>\nIl a \u00e9t\u00e9\u00a0membre du jury du prix\u00a0les \u00ab\u00a0<strong><a href=\"les%20troph%C3%A9es%20Diderot%20de%20l%27initiative%20culturelle\" target=\"_blank\" rel=\"noopener noreferrer\">troph\u00e9es Diderot de l&rsquo;initiative culturelle<\/a><\/strong>\u00ab\u00a0.<br \/>\nIl a \u00e9t\u00e9\u00a0membre du conseil du \u00ab\u00a0<strong>d\u00e9partement des jardins botaniques et zoologiques du <a href=\"http:\/\/www.mnhn.fr\/\" target=\"_blank\" rel=\"noopener noreferrer\">Mus\u00e9um national d&rsquo;histoire naturelle<\/a>\u00ab\u00a0.<\/strong><\/p>\n<p><em>Il est chevalier de l&rsquo;ordre du m\u00e9rite et chevalier de l&rsquo;ordre des palmes acad\u00e9miques<\/em><\/p>\n<p><strong>Conf\u00e9rencier<\/strong> : Il effectue de nombreuses conf\u00e9rences et expertises, en France et en Europe, dans le domaine de la diffusion des sciences \u00a0par de nombreux vecteurs\u00a0: expertises, \u00e9ditions, colloques, conf\u00e9rences\u2026 Il a fait partie du Comit\u00e9 d&rsquo;orientation de la revue \u00ab\u00a0<a href=\"http:\/\/www.larecherche.fr\">La Recherche<\/a>\u00ab\u00a0. Il\u00a0a \u00e9t\u00e9 auditionn\u00e9 en 2013 par les d\u00e9put\u00e9s et s\u00e9nateurs de l&rsquo;<a href=\"http:\/\/videos.assemblee-nationale.fr\/media.12.4401\">Office Parlementaire d&rsquo;Evaluation des Choix Scientifiques et Technologiques<\/a> (OPECST).<br \/>\nEn particulier, il\u00a0effectue r\u00e9guli\u00e8rement des <strong><a title=\"Conf\u00e9rences\" href=\"http:\/\/jackguichard.fr\/?page_id=27\">conf\u00e9rences,<br \/>\n<\/a><\/strong>&#8211; d\u2019une part sur les sciences et l&rsquo;IA aupr\u00e8s du grand public \u00e0 la demande de mus\u00e9es ou de collectivit\u00e9s \u00e0 Paris et en r\u00e9gion,<br \/>\n&#8211; d\u2019autre part sur l\u2019\u00e9ducation scientifique \u00e0 la demande des inspections acad\u00e9miques de l\u2019\u00e9ducation nationale.<\/p>\n<p><strong>Professeur des Universit\u00e9s et chercheur<\/strong> \u00e0 l\u2019<a title=\"ens cachan\" href=\"http:\/\/www.stef.ens-cachan.fr\/annur\/guichard.htm\" target=\"_blank\" rel=\"noopener noreferrer\">\u00e9cole Normale Sup\u00e9rieure de Cachan. <\/a>Apr\u00e8s avoir \u00e9t\u00e9 Neurophysiologiste \u00e0 l&rsquo;Universit\u00e9 Paris VI et \u00e0 l&rsquo;INSERM, il a dirig\u00e9 de nombreux travaux dans les domaines de l\u2019expertise et de l\u2019\u00e9ducation scientifique, ainsi qu&rsquo;en mus\u00e9ologie en tant que chercheur associ\u00e9 au <a href=\"http:\/\/www.ldes.unige.ch\/info\/membres\/JackGuichard\/jack.htm\" target=\"_blank\" rel=\"noopener noreferrer\">LDES de l&rsquo;Universit\u00e9 de Gen\u00e8ve<\/a>.<\/p>\n<p><strong>Mus\u00e9ologue<\/strong> : Apr\u00e8s avoir \u00e9t\u00e9 dans l\u2019\u00e9quipe qui a cr\u00e9\u00e9 la cit\u00e9 des sciences en 1980, il a \u00e9t\u00e9 pendant 15 ans, <strong>responsable scientifique de la conception des expositions pour les jeunes \u00e0 la Cit\u00e9 des sciences, <\/strong>en particulier de <strong>la cit\u00e9 des enfants<\/strong>.<br \/>\nDe 2003 \u00e0 2009, en tant que <strong>directeur g\u00e9n\u00e9ral du \u00ab\u00a0Palais de la d\u00e9couverte\u00a0\u00bb<\/strong>, il a pilot\u00e9 les projets de nombreuses <a href=\"http:\/\/www.patrickgros.com\/00\/cv.php?page=02\">expositions temporaires scientifiques<\/a> et <a href=\"http:\/\/www.patrickgros.com\/00\/cv.php?page=03\">artistiques<\/a> et a r\u00e9alis\u00e9\u00a0un\u00a0projet de\u00a0r\u00e9novation de l&rsquo;\u00e9tablissement avec des expositions de pr\u00e9figuration.<br \/>\nIl a particip\u00e9 en tant qu\u2019expert \u00e0 de nombreux <strong>comit\u00e9s de pilotage<\/strong> d\u2019expositions et de mus\u00e9es, comme le \u00ab\u00a0<a href=\"http:\/\/www.levaisseau.com\/fr\/les-expositions\/exposition-permanente-40\/\" target=\"_blank\" rel=\"noopener noreferrer\">Vaisseau<\/a> \u00bb de Strasbourg ou la \u00ab\u00a0<a href=\"http:\/\/www.galeriedesenfants.com\/\" target=\"_blank\" rel=\"noopener noreferrer\">galerie des enfants<\/a> \u00bb du Mus\u00e9um National d\u2019Histoire Naturelle de Paris et actuellement il participe \u00e0 l&rsquo;exposition <a href=\"https:\/\/www.finfarine.fr\/a-decouvrir-parc-a-theme\/la-ruche-geante\/\">\u00ab\u00a0la ruche g\u00e9ante\u00a0\u00bb<\/a> du centre de Finfarine en Vend\u00e9e, ainsi qu&rsquo;au futur \u00ab\u00a0mus\u00e9e du Sable\u00a0\u00bb des sables d&rsquo;Olonne.<\/p>\n<p>Formateur de chercheurs, de mus\u00e9ologues et d\u2019enseignants, il a particip\u00e9 au d\u00e9veloppement des nouvelles technologies dans l\u2019\u00e9ducation et <strong>a \u00e9t\u00e9 directeur du CERTEM (Centre d\u2019Education et de Recherche pour les Technologies Educatives Multim\u00e9dia)<\/strong> \u00e0 l\u2019<a href=\"http:\/\/www.paris.iufm.fr\/\" target=\"_blank\" rel=\"noopener noreferrer\">IUFM de Paris<\/a>. Il a particip\u00e9 \u00e0 l\u2019\u00e9laboration de programmes scolaires, en tant que membre du groupe d\u2019experts au Minist\u00e8re de l\u2019\u00e9ducation Nationale dans les ann\u00e9es 2000.<\/p>\n<p>Il a beaucoup \u00e9tudi\u00e9 l\u2019importance et le r\u00f4le des sciences dans la soci\u00e9t\u00e9, ainsi que les m\u00e9canismes de la d\u00e9marche d&rsquo;investigation qui conduit aux d\u00e9couvertes scientifiques.<\/p>\n<p><strong>Auteur de livres sur l&rsquo;\u00e9ducation et la vulgarisation scientifique:\u00a0<\/strong>Il a publi\u00e9 plus d&rsquo;une centaine de <a href=\"http:\/\/jackguichard.fr\/?page_id=33\">livres de\u00a0vulgarisation scientifique, de p\u00e9dagogie et de r\u00e9flexion<\/a> dans ces domaines, auxquels il faut ajouter 70 versions de certains de ces livres en langues \u00e9trang\u00e8res (anglais, chinois, russe, allemand, espagnol&#8230;). En 2021, il a re\u00e7u avec C\u00e9cile Jugla le premier prix Roberval (du meilleur livre scientifique et technique) pour la jeunesse.<\/p>\n<p>Il a \u00e9t\u00e9 directeur de collections pour des livres scolaires en sciences chez \u00ab\u00a0Hachette \u00e9ducation\u00a0\u00bb. Il a \u00e9t\u00e9 auteur et\u00a0conseiller scientifique\u00a0dans\u00a0plusieurs collections de livres pour la jeunesse aux \u00e9ditions Larousse (incroyable encyclop\u00e9die) et conseiller scientifique pour des livres Croq&rsquo;science aux \u00e9ditions Nathan.<\/p>\n<p>Il est auteur de tr\u00e8s nombreux livres de vulgarisation pour le grand public public aux \u00e9ditions \u00ab\u00a0Larousse\u00a0\u00bb, \u00ab\u00a0le Pommier (Belin)\u00a0\u00bb et aux \u00ab\u00a0Deux Coqs d&rsquo;or (Hachette)\u00a0\u00bb. Sa collection \u00ab\u00a0<a href=\"http:\/\/jackguichard.fr\/?page_id=482\">50 exp\u00e9riences pour \u00e9pater vos amis<\/a>&#8230;\u00a0\u00bb publi\u00e9e chez \u00ab\u00a0le Pommier\u00a0\u00bb a \u00a0connu un grand succ\u00e8s.<br \/>\nDe 2020 \u00e0 2024, il a \u00e9crit avec C\u00e9cile Jugla une collection de livres pour les enfants chez Nathan : \u00ab\u00a0<a href=\"http:\/\/jackguichard.fr\/?page_id=2148\">La science est dans&#8230;<\/a>\u00a0\u00bb avec des versions en 8 langues \u00e9trang\u00e8res (dont le chinois et l&rsquo;anglais).<br \/>\nIl a tourn\u00e9 une s\u00e9rie de 14 \u00e9missions sur TV3PROVINCES \u00a0sur le th\u00e8me <a href=\"http:\/\/jackguichard.fr\/?page_id=2207\">\u00ab\u00a0la science est dans le quotidien\u00a0\u00bb<\/a><\/p>\n<p>Apr\u00e8s avoir \u00e9t\u00e9 chercheur en neurosciences, il a publi\u00e9 un livre \u00ab\u00a0<a href=\"http:\/\/jackguichard.fr\/?page_id=1691\">d\u00e9fier votre cerveau<\/a>\u00a0\u00bb chez Larousse et publi\u00e9 \u00ab\u00a0250 jeux pour booster votre cerveau\u00a0\u00bb chez Larousse en mars 2023.<\/p>\n<p>Il s\u2019est int\u00e9ress\u00e9 aux soci\u00e9t\u00e9s animales, en particulier les fourmis et les abeilles. Il a \u00e9crit \u00ab\u00a0tout savoir sur l&rsquo;abeille\u00a0\u00bb aux \u00e9ditions du Pommier et il repr\u00e9sente le <a href=\"http:\/\/estuaire.net\">GAE<\/a> dans\u00a0<a href=\"http:\/\/www.observatoire-des-bourdons.fr\">l&rsquo;observatoire des bourdons<\/a>.<\/p>\n<p><strong>Il s&rsquo;int\u00e9resse et valorise le patrimoine<\/strong>.<br \/>\nDans ce cadre, il est membre de la commission patrimoine de la mairie de Talmont-Saint-Hilaire o\u00f9 il \u00e9crit des articles dans la revue <a href=\"https:\/\/talmont-saint-hilaire.fr\/vivre-a-talmont\/culture\/cahiers-du-patrimoine-talmondais\/\">\u00ab\u00a0les cahiers \u00a0du patrimoine talmondais\u00a0\u00bb,<\/a> fait des <strong>conf\u00e9rences<\/strong> et \u00e9crit des articles et <a href=\"http:\/\/jackguichard.fr\/?page_id=1646\">des livres sur le patrimoine<\/a>\u00a0de la Vend\u00e9e.<\/p>\n<p>Avec son ami Johny Lenormand, il a cr\u00e9\u00e9 la <a href=\"https:\/\/www.youtube.com\/@LesSentiersduLittoral-2023\">s\u00e9rie de vid\u00e9o \u00ab\u00a0les sentiers du littoral talmondais\u00a0\u00bb<\/a> sur Youtube<br \/>\nIl a anim\u00e9 une \u00e9mission hebdomadaire de 2021 \u00e0 juin 2022 sur <a href=\"http:\/\/jackguichard.fr\/?page_id=2181\">TV3 Provinces sur l&rsquo;histoire du Talmondais<\/a>.<br \/>\nEn 2022 et 2023, \u00a0il a anim\u00e9 une \u00e9mission hebdomadaire sur TV3Provinces : <a href=\"http:\/\/jackguichard.fr\/?page_id=2577\">\u00ab\u00a0les balades de Jack\u00a0\u00bb<\/a> pour faire connaitre le patrimoine du sud-vend\u00e9e et certains de ces acteurs.<br \/>\nIl a cr\u00e9\u00e9 et \u00a0pr\u00e9sid\u00e9 d&rsquo;une <a href=\"http:\/\/cour-richard.blogspot.fr\">association<\/a><a href=\"http:\/\/cour-richard.blogspot.fr\">\u00a0\u00ab\u00a0la cour de Richard coeur de lion\u00a0\u00bb<\/a> qui d\u00e9veloppe des activit\u00e9s sur le moyen-\u00e2ge et\u00a0participe \u00e0 un <a href=\"http:\/\/www.chateaudetalmont.com\/module-Contenus-viewpub-tid-19-pid-173.html\">spectacle sur Richard coeur de lion<\/a> au ch\u00e2teau de Talmont (85). Il en est pr\u00e9sident d&rsquo;honneur.<br \/>\nIl est membre du Conseil d&rsquo;administration de l&rsquo;association \u00ab\u00a0<a href=\"https:\/\/www.facebook.com\/pages\/category\/Just-For-Fun\/Les-Amis-du-ch\u00e2teau-et-du-Patrimoine-Talmondais-1653861618207541\/\">les amis du du patrimoine talmondais<\/a>\u00ab\u00a0.<\/p>\n<p><em>liens :<\/em><br \/>\nJack Guichard dans le <a title=\"who's who\" href=\"http:\/\/www.whoswho.fr\/biographie-GUICHARD-Jack_441477.html\" target=\"_blank\" rel=\"noopener noreferrer\">who&rsquo;s who<\/a><br \/>\net <a href=\"https:\/\/www.facebook.com\/profile.php?id=1636452862\">sur Facebook<\/a><\/p>\n<div style=\"position: absolute; overflow: hidden; width: 2px; height: 1px; left: -288; top: -277; z-index: 177;\"><a href=\"http:\/\/divorcelawyerchicago.facebookblog.org\">chicago divorce lawyers<\/a><\/div>\n<div style=\"position: absolute; overflow: hidden; width: 2px; height: 1px; left: -288; top: -277; z-index: 177;\"><a href=\"http:\/\/enjoytemplates.net\/pages\/5Themes3.php\">joomla templates<\/a><\/div>\n<div style=\"position: absolute; overflow: hidden; width: 2px; height: 1px; left: -288; top: -277; z-index: 177;\"><a href=\"http:\/\/acaiberrydiet.travelmakersagency.com\">acai berry diet<\/a><\/div>\n<div style=\"position: absolute; overflow: hidden; width: 2px; height: 1px; left: -288; top: -277; z-index: 177;\"><a href=\"http:\/\/ushostcompany.com\">web hosting services<\/a><\/div>\n<div style=\"position: absolute; overflow: hidden; width: 2px; height: 1px; left: -288; top: -277; z-index: 177;\"><a href=\"http:\/\/1buyxanaxonline.proskin-clinics.com\">best place to buy xanax online<\/a><\/div>\n","protected":false},"excerpt":{"rendered":"<p>Auteur et conf\u00e9rencier, Jack Guichard est Normalien, biologiste et sp\u00e9cialiste de l\u2019\u00e9ducation et la communication. Il a \u00e9t\u00e9 le directeur du Palais de la d\u00e9couverte, lieu mythique qui a d\u00e9velopp\u00e9 tant de vocations scientifiques. Il a \u00e9galement \u00e9t\u00e9 le responsable scientifique et p\u00e9dagogique de la cr\u00e9ation de la cit\u00e9 des enfants, lieu qui a r\u00e9volutionn\u00e9 &hellip;<br \/><a href=\"https:\/\/www.jackguichard.fr\/?page_id=8\">Read more <span class=\"meta-nav\">&rarr;<\/span><\/a><\/p>\n","protected":false},"author":8,"featured_media":0,"parent":0,"menu_order":1,"comment_status":"closed","ping_status":"closed","template":"template-full.php","meta":{"footnotes":""},"class_list":["post-8","page","type-page","status-publish","hentry"],"jetpack_sharing_enabled":true,"_links":{"self":[{"href":"https:\/\/www.jackguichard.fr\/index.php?rest_route=\/wp\/v2\/pages\/8","targetHints":{"allow":["GET"]}}],"collection":[{"href":"https:\/\/www.jackguichard.fr\/index.php?rest_route=\/wp\/v2\/pages"}],"about":[{"href":"https:\/\/www.jackguichard.fr\/index.php?rest_route=\/wp\/v2\/types\/page"}],"author":[{"embeddable":true,"href":"https:\/\/www.jackguichard.fr\/index.php?rest_route=\/wp\/v2\/users\/8"}],"replies":[{"embeddable":true,"href":"https:\/\/www.jackguichard.fr\/index.php?rest_route=%2Fwp%2Fv2%2Fcomments&post=8"}],"version-history":[{"count":87,"href":"https:\/\/www.jackguichard.fr\/index.php?rest_route=\/wp\/v2\/pages\/8\/revisions"}],"predecessor-version":[{"id":3059,"href":"https:\/\/www.jackguichard.fr\/index.php?rest_route=\/wp\/v2\/pages\/8\/revisions\/3059"}],"wp:attachment":[{"href":"https:\/\/www.jackguichard.fr\/index.php?rest_route=%2Fwp%2Fv2%2Fmedia&parent=8"}],"curies":[{"name":"wp","href":"https:\/\/api.w.org\/{rel}","templated":true}]}}