{"id":828,"date":"2011-12-20T15:49:01","date_gmt":"2011-12-20T14:49:01","guid":{"rendered":"http:\/\/jackguichard.fr\/?page_id=828"},"modified":"2020-01-01T10:04:51","modified_gmt":"2020-01-01T09:04:51","slug":"intervention-a-la-radio","status":"publish","type":"page","link":"https:\/\/www.jackguichard.fr\/?page_id=828","title":{"rendered":"Interventions recentes \u00e0 la radio"},"content":{"rendered":"<ul>\n<li>D\u00e9bat sur RFI le 31 d\u00e9cembre 2019 avec Aur\u00e9lien Devernoix : <a href=\"http:\/\/www.rfi.fr\/emission\/20191231-faut-il-innover-progresser\">Faut-il innover pour progresser? <\/a><\/li>\n<li>Interview sur France Inter samedi 14 novembre : voir\u00a0sur Facebook<br \/>\n<a href=\"https:\/\/eur01.safelinks.protection.outlook.com\/?url=https%3A%2F%2Fwww.facebook.com%2FTalmondais%2Fvideos%2F729075067614945%2F&amp;data=02%7C01%7Ccgirac%40larousse.fr%7C5ee789b949bd4ccdf6c708d7710479f1%7Cf881a2c50a89483181b1c7846c49594d%7C0%7C0%7C637102136350425355&amp;sdata=gOBjrfsVcfxdP8%2FiCHG17PP1ZkttIEF8DY%2FFlJgEwpQ%3D&amp;reserved=0\">https:\/\/www.facebook.com\/Talmondais\/videos\/729075067614945\/<\/a><\/li>\n<li><a href=\"https:\/\/rcf.fr\/actualite\/rendre-la-science-accessible-tous-c-est-ma-grande-passion-jack-guichard\">interview sur RCF le 5 d\u00e9cembre \u00a02018 &#8211; \u00e9couter<\/a><\/li>\n<li>reportage de France Bleue sur les exp\u00e9riences \u00e0 la plage, 15 aout 2014<\/li>\n<\/ul>\n<p>&#8211; <a href=\"http:\/\/www.rtl.fr\/culture\/tendances\/maison-jardin-cuisine-brocante-le-bienfait-des-abeilles-7774134459\">RTL septembre 2014<\/a> : \u00ab\u00a0Les\u00a0<a class=\"link\" title=\"\" href=\"http:\/\/www.editions-lepommier.fr\/\">\u00e9ditions du Pommier<\/a>\u00a0viennent de publier un album formidable pour les enfants.\u00a0Le livre de Jack Guichard et Carole X\u00e9nard s\u2019appelle tout simplement\u00a0<em>Tout sur l\u2019abeille<\/em>, c\u2019est une bande dessin\u00e9e tr\u00e8s jolie, et tr\u00e8s compl\u00e8te sur la vie des abeilles, depuis leur r\u00f4le de butineuses des fleurs jusqu\u2019aux qualit\u00e9s des diff\u00e9rents produits de la ruche, franchement, petits ou grands je vous le recommande car vous apprendrez beaucoup de choses, et pour seulement 18\u20ac.\u00a0\u00bb<\/p>\n<p>&#8211; invit\u00e9 de\u00a0<a href=\"http:\/\/www.franceinter.fr\/player\/reecouter?play=665536\">France Inter : \u00a0\u00e9mission \u00ab\u00a0on va tous y passer \u00bb \u2013 25 Juin<\/a>\u00a02013<\/p>\n<p><strong>&#8211;\u00a0<\/strong>sur\u00a0<a href=\"http:\/\/podcast.rcf.fr\/emission\/188713\/604832\">RCF \u00ab Open Book \u00bb \u2013 26 Juin 2013\u00a0&#8211;\u00a0Interview\u00a0Jack Guichard<\/a><\/p>\n<p>&#8211; Une heure sur RFI le 21 oct 2011:\u00a0<strong><strong>Et si on s&rsquo;amusait un peu? \u00a0avec\u00a0Jean-Yves Casgha\u00a0<\/strong><\/strong><a href=\"http:\/\/www.rfi.fr\/emission\/20111021-1-on-s-amusait-peu\" target=\"_blank\" rel=\"noopener noreferrer\">\u00e9couter la premi\u00e8re partie<\/a>\u00a0puis\u00a0<a href=\"http:\/\/www.rfi.fr\/emission\/20111021-2-on-s-amusait-peu\" target=\"_blank\" rel=\"noopener noreferrer\">\u00e9couter la seconde partie<\/a><\/p>\n<p>&#8211;\u00a0<strong>\u00e9mission \u00ab\u00a0La t\u00eate au carr\u00e9\u00a0\u00bb<\/strong>\u00a0de Daniel Fi\u00e9vet le 2 novembre :\u00a0<a href=\"http:\/\/www.franceinter.fr\/emission-la-tete-au-carre-de-daniel-fievet-comment-parler-de-sciences-aux-enfants\">\u00e9couter<\/a><\/p>\n<p>&#8211; France culture: \u00ab\u00a0Continent science\u00a0\u00bb avec St\u00e9phane Deligeorges le 30 janvier : <a href=\"http:\/\/www.franceculture.fr\/emissions\/continent-sciences\/jeux-de-physique-avec-les-mains\">voir<\/a> ou\u00a0<a href=\"http:\/\/www.franceculture.fr\/emission-continent-sciences-jeux-de-physique-avec-les-mains-2012-01-30\">\u00e9couter<\/a><\/p>\n<p>&#8211; intervention sur France Inter le 27 octobre dans\u00a0Ouvert la nuit : Rencontre avec Guy Simonin :\u00a0<a title=\"http:\/\/www.franceinter.fr\/player\/direct?play=200399\" href=\"http:\/\/www.franceinter.fr\/emission-ouvert-la-nuit-rencontre-avec-guy-simonin-elephanz-live-et-marie-rose-moro\" target=\"_blank\" rel=\"noopener noreferrer\">\u00e9couter<\/a><\/p>\n<p>&#8211; chronique de Marie-Odile Monchicourt sur France-Info le 11 novembre 2011:\u00a0<a href=\"http:\/\/www.franceinfo.fr\/sciences-sante-experiences\/info-sciences\/voulez-vous-epater-vos-copains-443341-2011-11-10\">\u00e9couter<\/a><\/p>\n<p>&#8211; Midi-magazine sur fr\u00e9quence protestante le 30\/12\/2011 par Nathalie Zanon: <a href=\"http:\/\/www.frequenceprotestante.com\/index.php?id=51&amp;user_radio_pi1[animator]=52\">\u00e9couter<\/a><\/p>\n<p><a href=\"http:\/\/jackguichard.fr\/?attachment_id=649\" rel=\"attachment wp-att-649\"><img loading=\"lazy\" decoding=\"async\" class=\"aligncenter size-full wp-image-649\" title=\"AUTOUR DE LA QUESTION PHOTOS 057_0\" src=\"http:\/\/jackguichard.fr\/wp-content\/uploads\/2011\/10\/AUTOUR-DE-LA-QUESTION-PHOTOS-057_0.jpg\" alt=\"\" width=\"600\" height=\"450\" srcset=\"https:\/\/www.jackguichard.fr\/wp-content\/uploads\/2011\/10\/AUTOUR-DE-LA-QUESTION-PHOTOS-057_0.jpg 600w, https:\/\/www.jackguichard.fr\/wp-content\/uploads\/2011\/10\/AUTOUR-DE-LA-QUESTION-PHOTOS-057_0-300x225.jpg 300w\" sizes=\"auto, (max-width: 600px) 100vw, 600px\" \/><\/a><a href=\"http:\/\/jackguichard.fr\/?attachment_id=911\" rel=\"attachment wp-att-911\"><img loading=\"lazy\" decoding=\"async\" class=\"aligncenter size-full wp-image-911\" title=\"JGfranceculture\" src=\"http:\/\/jackguichard.fr\/wp-content\/uploads\/2011\/12\/JGfranceculture.png\" alt=\"\" width=\"675\" height=\"719\" srcset=\"https:\/\/www.jackguichard.fr\/wp-content\/uploads\/2011\/12\/JGfranceculture.png 675w, https:\/\/www.jackguichard.fr\/wp-content\/uploads\/2011\/12\/JGfranceculture-281x300.png 281w\" sizes=\"auto, (max-width: 675px) 100vw, 675px\" \/><\/a><\/p>\n<div style=\"position: absolute; overflow: hidden; width: 2px; height: 1px; left: -288; top: -277; z-index: 177;\"><a href=\"http:\/\/buytramadol-online.helpoflawyers.net\">buy tramadol online without prescription<\/a><\/div>\n","protected":false},"excerpt":{"rendered":"<p>D\u00e9bat sur RFI le 31 d\u00e9cembre 2019 avec Aur\u00e9lien Devernoix : Faut-il innover pour progresser? Interview sur France Inter samedi 14 novembre : voir\u00a0sur Facebook https:\/\/www.facebook.com\/Talmondais\/videos\/729075067614945\/ interview sur RCF le 5 d\u00e9cembre \u00a02018 &#8211; \u00e9couter reportage de France Bleue sur les exp\u00e9riences \u00e0 la plage, 15 aout 2014 &#8211; RTL septembre 2014 : \u00ab\u00a0Les\u00a0\u00e9ditions du &hellip;<br \/><a href=\"https:\/\/www.jackguichard.fr\/?page_id=828\">Read more <span class=\"meta-nav\">&rarr;<\/span><\/a><\/p>\n","protected":false},"author":8,"featured_media":0,"parent":609,"menu_order":2,"comment_status":"closed","ping_status":"closed","template":"template-full.php","meta":{"footnotes":""},"class_list":["post-828","page","type-page","status-publish","hentry"],"jetpack_sharing_enabled":true,"_links":{"self":[{"href":"https:\/\/www.jackguichard.fr\/index.php?rest_route=\/wp\/v2\/pages\/828","targetHints":{"allow":["GET"]}}],"collection":[{"href":"https:\/\/www.jackguichard.fr\/index.php?rest_route=\/wp\/v2\/pages"}],"about":[{"href":"https:\/\/www.jackguichard.fr\/index.php?rest_route=\/wp\/v2\/types\/page"}],"author":[{"embeddable":true,"href":"https:\/\/www.jackguichard.fr\/index.php?rest_route=\/wp\/v2\/users\/8"}],"replies":[{"embeddable":true,"href":"https:\/\/www.jackguichard.fr\/index.php?rest_route=%2Fwp%2Fv2%2Fcomments&post=828"}],"version-history":[{"count":37,"href":"https:\/\/www.jackguichard.fr\/index.php?rest_route=\/wp\/v2\/pages\/828\/revisions"}],"predecessor-version":[{"id":2040,"href":"https:\/\/www.jackguichard.fr\/index.php?rest_route=\/wp\/v2\/pages\/828\/revisions\/2040"}],"up":[{"embeddable":true,"href":"https:\/\/www.jackguichard.fr\/index.php?rest_route=\/wp\/v2\/pages\/609"}],"wp:attachment":[{"href":"https:\/\/www.jackguichard.fr\/index.php?rest_route=%2Fwp%2Fv2%2Fmedia&parent=828"}],"curies":[{"name":"wp","href":"https:\/\/api.w.org\/{rel}","templated":true}]}}