{"id":930,"date":"2012-02-18T09:49:10","date_gmt":"2012-02-18T08:49:10","guid":{"rendered":"http:\/\/jackguichard.fr\/?page_id=930"},"modified":"2023-10-20T12:10:45","modified_gmt":"2023-10-20T10:10:45","slug":"publications-sur-les-musees-et-expositions-scientifiques-pour-les-jeunes","status":"publish","type":"page","link":"https:\/\/www.jackguichard.fr\/?page_id=930","title":{"rendered":"Publications scientifiques"},"content":{"rendered":"<p><strong><a href=\"http:\/\/ife.ens-lyon.fr\/edition-electronique\/archives\/aster\/web\/auteur.php?id_aut=2637\">&#8211; dans la revue Aster<\/a><\/strong><\/p>\n<p>&#8211; <a href=\"http:\/\/ife.ens-lyon.fr\/publications\/edition-electronique\/aster\/RA024-06.pdf\">des objets mus\u00e9ologiques pour traiter des obstacles ensemences et techniques<\/a>\u00a0(par Jack et Fran\u00e7oise Guichard, ASTER 1997)<\/p>\n<p>&#8211;<a href=\"http:\/\/ife.ens-lyon.fr\/publications\/edition-electronique\/aster\/RA029-08.pdf\"> fruits d&rsquo;un partenariat \u00e9cole-mus\u00e9e, des expositions pour participer \u00e0 la formation scientifique des \u00e9l\u00e8ves (Aster 1999)<\/a><\/p>\n<p><a class=\"js-work-strip-work-link text-gray-darker\" href=\"https:\/\/www.academia.edu\/73582799\/D%C3%A9marche_p%C3%A9dagogique_et_autonomie_de_lenfant_dans_une_exposition_scientifique\">D\u00e9marche p\u00e9dagogique et autonomie de l&rsquo;enfant dans une exposition scientifique (Aster 1989)<\/a><\/p>\n<p><a href=\"https:\/\/www.academia.edu\/65633796\/Repr\u00e9sentations_des_enfants_\u00e0_propos_des_fourmis_et_conception_dun_outil_mus\u00e9ologique\">Repr\u00e9sentations des enfants \u00e0 propos des fourmis et conception d&rsquo;un outil mus\u00e9ologique<\/a><\/p>\n<p><a class=\"js-work-strip-work-link text-gray-darker\" href=\"https:\/\/www.academia.edu\/53909535\/Simuler_un_ph_nom_ne_biologique\">Simuler un ph\u00e9nom\u00e8ne biologique<\/a>: cas de la flexion-extension du bras (Aster 2006)<\/p>\n<p>&#8211; <strong>dans la revue \u00ab\u00a0Recherches en communication<\/strong><br \/>\n<a href=\"http:\/\/jackguichard.fr\/wp-content\/uploads\/2022\/11\/La_prise_en_compte_des_rapports_au_savoi.pdf\">La_prise_en_compte_des_rapports_au_savoir en m\u00e9diatique<\/a>\u00a0<a class=\"js-work-strip-work-link text-gray-darker\" href=\"https:\/\/www.academia.edu\/85644865\/La_prise_en_compte_des_rapports_au_savoir_en_m%C3%A9diatique\" data-click-track=\"profile-work-strip-title\">La prise en compte des rapports au savoir en m\u00e9diatique<\/a><\/p>\n<p><a href=\"http:\/\/doc.ocim.fr\/opac_css\/index.php?lvl=author_see&amp;id=488\">&#8211;<strong> dans la lettre de l&rsquo;OCIM<\/strong><\/a><\/p>\n<p><strong><a href=\"http:\/\/wp.me\/P1LMt2-iu\">&#8211; dans \u00ab\u00a0Publics et mus\u00e9e\u00a0\u00bb revue internationale de mus\u00e9ologie<\/a>\u00a0:<\/strong><\/p>\n<p><em>\u00a0&#8211;\u00a0<a href=\"http:\/\/www.persee.fr\/web\/revues\/home\/prescript\/article\/pumus_1164-5385_1995_num_7_1_1057\">N\u00e9cessit\u00e9 d&rsquo;une recherche \u00e9ducative dans les expositions \u00e0 caract\u00e8re scientifique et technique<\/a><\/em><\/p>\n<p><em>&#8211;\u00a0<a class=\"fiche_titre\" href=\"http:\/\/www.persee.fr\/web\/revues\/home\/prescript\/article\/pumus_1164-5385_1993_num_3_1_1026\" target=\"_blank\" rel=\"noopener noreferrer\">Visiteurs et conception mus\u00e9ographique (1993)<\/a><\/em><\/p>\n<p><strong>&#8211; dans la \u00ab\u00a0Revue canadienne de l\u2019enseignement des sciences, des math\u00e9matiques et des technologies\u00a0\u00bb<\/strong> : 2004, GUICHARD J., LECHAUDEL A., \u00a0<a href=\"http:\/\/jackguichard.fr\/wp-content\/uploads\/2012\/02\/didaskaliareelvirtuel.pdf\">\u00ab\u00a0manipulations d&rsquo;objets ou simulations informatiques pour les apprentissages scientifiques.\u00a0\u00bb<\/a><\/p>\n<p><a class=\"js-work-strip-work-link text-gray-darker\" href=\"https:\/\/www.academia.edu\/73582797\/Simulations_informatiques_versus_manipulations_dobjets_pour_les_apprentissages_scientifiques_%C3%A0_l%C3%A9cole_primaire\">Simulations informatiques versus manipulations d&rsquo;objets pour les apprentissages scientifiques \u00e0 l&rsquo;\u00e9cole primaire<\/a>\u00a0(Canadian Journal of Science, Mathematics and Technology Education, 2005)<\/p>\n<p>&#8211; <a href=\"http:\/\/jackguichard.fr\/wp-content\/uploads\/2012\/02\/articlemusee\u00e9coleGuichard.pdf\"><strong>\u00ab\u00a0Quand loisirs et \u00e9ducation scientifique font bon m\u00e9nage\u00a0\u00bb<\/strong><\/a> article 2009 revue mus\u00e9ologie<\/p>\n<p><strong><a href=\"http:\/\/www.persee.fr\/web\/revues\/home\/prescript\/article\/pumus_1164-5385_1992_num_1_1_1355\">&#8211;\u00a0U<\/a>niversit\u00e9 de Gen\u00e8ve\u00a0:<\/strong>\u00a0<a href=\"http:\/\/www.persee.fr\/web\/revues\/home\/prescript\/article\/pumus_1164-5385_1992_num_1_1_1355\">Diagnostic didactique pour la production d&rsquo;un objet mus\u00e9ologique. R\u00e9sum\u00e9 de la Th\u00e8se de doctorat es sciences de l&rsquo;\u00e9ducation \u00e0 l&rsquo;universit\u00e9 de Gen\u00e8ve (octobre 1990)<\/a><br \/>\n<a href=\"https:\/\/www.jackguichard.fr\/?page_id=2809\"><em>lire la th\u00e8se<\/em><\/a><\/p>\n<p><a href=\"http:\/\/www.larecherche.fr\/actualite\/cerveau\/jack-guichard-reel-est-plus-formateur-virtuel-01-04-2004-78430\">&#8211; Le r\u00e9el plus formateur que le virtuel (article de \u00ab\u00a0la Recherche\u00a0\u00bb)<\/a><\/p>\n<p><a class=\"js-work-strip-work-link text-gray-darker\" href=\"https:\/\/www.academia.edu\/53909531\/Designing_tools_to_develop_the_conception_of_learners\">Designing tools to develop the conception of learners<\/a>\u00a0(International Journal of Science Education, 1995)<\/p>\n<h3><span style=\"color: #ff0000;\">\u00a0\u00a0<a href=\"http:\/\/www.amazon.fr\/M\u00e9diatique-sciences-Guichard\/dp\/2130501931\"><span style=\"color: #ff0000;\">livre<\/span> <span style=\"color: #ff0000;\">\u00ab\u00a0M\u00e9diatique des sciences\u00a0\u00bb \u00e9diteur PUF\u00a0<\/span><\/a><\/span><\/h3>\n<p><em>De l&rsquo;enseignement \u00e0 la diffusion des sciences&#8230; il y a plus d&rsquo;un pas ! Trop fr\u00e9quemment, on veut penser la vulgarisation, l&rsquo;exposition ou l&rsquo;animation scientifiques comme si elles \u00e9taient seulement des moyens d&rsquo;\u00e9ducation mieux immerg\u00e9s dans la vie sociale et culturelle que l&rsquo;\u00e9cole. En r\u00e9alit\u00e9, ces formes m\u00e9diatiques s&rsquo;inscrivent dans d&rsquo;autres institutions, suscitent d&rsquo;autres pratiques structur\u00e9es par les modes de fonctionnement qu&rsquo;imposent les sp\u00e9cificit\u00e9s du m\u00e9dia.\u00a0<\/em><br \/>\n<em>En didactique des sciences, la responsabilit\u00e9 par rapport aux contenus s&rsquo;investit dans la recherche, en \u00e9pousant les formes de l&rsquo;enseignement scolaire. De son c\u00f4t\u00e9 la m\u00e9diatique des sciences, \u00e0 laquelle les auteurs souhaitent contribuer, veut conjuguer l&rsquo;ambition du partage de la science comme savoir et comme pouvoir. Elle cherche \u00e0 le faire en d\u00e9veloppant toutes les possibilit\u00e9s qu&rsquo;offre chaque dispositif m\u00e9diatique.<\/em><br \/>\n<em>Dans cet esprit, les auteurs mettent \u00e0 profit leur exp\u00e9rience de conception et d&rsquo;exploitation de produits de m\u00e9diation scientifique, ainsi que leur pratique de recherche sur la diffusion et l&rsquo;\u00e9ducation.<\/em><br \/>\n<em>Ils \u00e9tudient les interactions entre mise en sc\u00e8ne et \u00e9mergence des messages, le \u00a0\u00bb fa\u00e7onnage \u00a0\u00bb de leurs publics par les m\u00e9dias eux-m\u00eames, les proc\u00e9d\u00e9s de transposition m\u00e9diatique et d&rsquo;induction du sens dont disposent les concepteurs, et enfin les rapports au savoir et \u00e0 l&rsquo;ignorance, qui constituent un des enjeux majeurs des m\u00e9diations.)<\/em><\/p>\n<p><a href=\"http:\/\/jackguichard.fr\/wp-content\/uploads\/2012\/02\/HDRJG.pdf\">Habilitation \u00e0 diriger des recherches : \u00ab\u00a0<strong>vers une m\u00e9diatique des sciences<\/strong>\u00a0\u00bb 1998 ENSCachan\u00a0<\/a><\/p>\n<p><a href=\"https:\/\/ojs.uclouvain.be\/index.php\/rec\/article\/view\/47523\/45723\">La prise en compte des rapports au savoir en m\u00e9diatique <\/a>(Recherches en Communication, n\u00b015, 2001)<\/p>\n<h3><span style=\"color: #ff0000;\"><strong><a href=\"http:\/\/www.decitre.fr\/livres\/des-idees-pour-apprendre-9782206083179.html\"><span style=\"color: #ff0000;\">livre<\/span> <span style=\"color: #ff0000;\">\u00ab\u00a0des id\u00e9es pour apprendre\u00a0\u00bb<\/span><\/a><\/strong><\/span><\/h3>\n<p><a href=\"http:\/\/www7.inra.fr\/opie-insectes\/pdf\/i75guichard.pdf\">la m\u00e9galopolis des fourmis <\/a>(revue INRA)<\/p>\n<p><a title=\"Observer pour comprendre\" href=\"http:\/\/jackguichard.fr\/?page_id=167\" target=\"_blank\" rel=\"noopener noreferrer\">\u2013 <\/a><strong><a title=\"Observer pour comprendre\" href=\"http:\/\/jackguichard.fr\/?page_id=167\" target=\"_blank\" rel=\"noopener noreferrer\">Observer pour comprendre les sciences<\/a><\/strong>, Hachette, 1998<\/p>\n<p><a href=\"http:\/\/jackguichard.fr\/?page_id=2430\"><strong>Publications scientifiques sur la vision<\/strong><\/a><\/p>\n<p><a href=\"http:\/\/jackguichard.fr\/?page_id=2430\">Visual receptive fields of single cells in the pigeon&rsquo;s optic tectum<\/a>, Guichard, Jack, 1972, Brain Research<\/p>\n<p class=\"Paper-Title-cls2-1TyV Paper-Title-cls1-2w-Z\">&#8211; <a href=\"http:\/\/jackguichard.fr\/?page_id=2430\">Localization of directionally selective and movement sensitive cells in the optic tectum of the pigeon (D. Jassikgerschenfeld,<\/a> <strong>J. Guichard<\/strong>, Y. Tessier) 1975, Vision research<\/p>\n<div style=\"position: absolute; overflow: hidden; width: 2px; height: 1px; left: -288; top: -277; z-index: 177;\"><a href=\"http:\/\/buy-tramadol-online.jasonmrazsongs.net\/ \">generic tramadol<\/a><\/div>\n","protected":false},"excerpt":{"rendered":"<p>&#8211; dans la revue Aster &#8211; des objets mus\u00e9ologiques pour traiter des obstacles ensemences et techniques\u00a0(par Jack et Fran\u00e7oise Guichard, ASTER 1997) &#8211; fruits d&rsquo;un partenariat \u00e9cole-mus\u00e9e, des expositions pour participer \u00e0 la formation scientifique des \u00e9l\u00e8ves (Aster 1999) D\u00e9marche p\u00e9dagogique et autonomie de l&rsquo;enfant dans une exposition scientifique (Aster 1989) Repr\u00e9sentations des enfants \u00e0 &hellip;<br \/><a href=\"https:\/\/www.jackguichard.fr\/?page_id=930\">Read more <span class=\"meta-nav\">&rarr;<\/span><\/a><\/p>\n","protected":false},"author":8,"featured_media":0,"parent":33,"menu_order":10,"comment_status":"closed","ping_status":"closed","template":"template-full.php","meta":{"footnotes":""},"class_list":["post-930","page","type-page","status-publish","hentry"],"jetpack_sharing_enabled":true,"_links":{"self":[{"href":"https:\/\/www.jackguichard.fr\/index.php?rest_route=\/wp\/v2\/pages\/930","targetHints":{"allow":["GET"]}}],"collection":[{"href":"https:\/\/www.jackguichard.fr\/index.php?rest_route=\/wp\/v2\/pages"}],"about":[{"href":"https:\/\/www.jackguichard.fr\/index.php?rest_route=\/wp\/v2\/types\/page"}],"author":[{"embeddable":true,"href":"https:\/\/www.jackguichard.fr\/index.php?rest_route=\/wp\/v2\/users\/8"}],"replies":[{"embeddable":true,"href":"https:\/\/www.jackguichard.fr\/index.php?rest_route=%2Fwp%2Fv2%2Fcomments&post=930"}],"version-history":[{"count":49,"href":"https:\/\/www.jackguichard.fr\/index.php?rest_route=\/wp\/v2\/pages\/930\/revisions"}],"predecessor-version":[{"id":2826,"href":"https:\/\/www.jackguichard.fr\/index.php?rest_route=\/wp\/v2\/pages\/930\/revisions\/2826"}],"up":[{"embeddable":true,"href":"https:\/\/www.jackguichard.fr\/index.php?rest_route=\/wp\/v2\/pages\/33"}],"wp:attachment":[{"href":"https:\/\/www.jackguichard.fr\/index.php?rest_route=%2Fwp%2Fv2%2Fmedia&parent=930"}],"curies":[{"name":"wp","href":"https:\/\/api.w.org\/{rel}","templated":true}]}}