{"id":971,"date":"2012-03-08T11:40:31","date_gmt":"2012-03-08T10:40:31","guid":{"rendered":"http:\/\/jackguichard.fr\/?page_id=971"},"modified":"2023-02-14T17:49:58","modified_gmt":"2023-02-14T16:49:58","slug":"elevage-de-fourmis","status":"publish","type":"page","link":"https:\/\/www.jackguichard.fr\/?page_id=971","title":{"rendered":"\u00e9levage de fourmis"},"content":{"rendered":"<div>\n<p><span style=\"text-decoration: underline;\">Pr\u00e9l\u00e8vement des fourmis<\/span><br \/>\nPr\u00e9lever facilement dans la nature (avec une pelle et un sac en plastique), on peut les y rel\u00e2cher au m\u00eame endroit lorsque les grandes vacances arrivent. Le moment id\u00e9al correspond \u00e0 u d\u00e9but d&rsquo;apr\u00e8s-midi aux premiers jours de chaleur en mars ou avril (selon les r\u00e9gions) o\u00f9 la reine remonte avec toute la colonie \u00e0 la surface pour se r\u00e9chauffer.<br \/>\nS&rsquo;il s&rsquo;agit d&rsquo;une fourmili\u00e8re de jardin pr\u00e9lever toute la motte avec la terre et les fourmis, puis faire un tri sommaire. Pour une fourmili\u00e8re dans les bois, se contenter d&rsquo;un pr\u00e9l\u00e8vement et ne jamais la d\u00e9truire, car les fourmis des bois sont tr\u00e8s utiles pour d\u00e9truire les parasites qui attaquent les arbres.<br \/>\nPour cr\u00e9er une petite fourmili\u00e8re il faut au moins 100 ouvri\u00e8res, 30 nymphes et une ou plusieurs reines. On choisira de pr\u00e9f\u00e9rence des petites esp\u00e8ces polygynes, c&rsquo;est \u00e0 dire ayant plusieurs reines.Pour que la colonie soit viable, il faut avoir une reine, reconnaissable \u00e0 sa taille avec l&rsquo;abdomen deux fois plus long que celui des ouvri\u00e8res.<\/p>\n<p><span style=\"text-decoration: underline;\">Installation de la fourmili\u00e8re<\/span><br \/>\n\u2014un espace d&rsquo;o\u00f9 les fourmis ne peuvent s&rsquo;\u00e9chapper&nbsp;: clos (vitres\u2014 grillage type garde-manger) ; on enduira la partie sup\u00e9rieure sur 3 ou 4 cm d\u2019huile de paraffine sur laquelle les fourmis glissent et qu\u2019elles ne peuvent donc pas traverser.<br \/>\n\u2014un espace de nourrissage visible en permanence;<br \/>\n\u2014un espace pour le \u201c&nbsp;nid \u201d que l&rsquo;on maintient \u00e0 l&rsquo;obscurit\u00e9, sauf pour les observations: mousse de bois avec sable ou terre de la fourmili\u00e8re limit\u00e9 par des plaques de verre;<br \/>\n\u2014 brumiser r\u00e9guli\u00e8rement le nid pour maintenir une certaine humidit\u00e9&nbsp; (n\u00e9cessaire au couvain qui sera d\u00e9plac\u00e9 en fonction des conditions hygrom\u00e9triques).<\/p>\n<\/div>\n<div>\n<p><span style=\"text-decoration: underline;\">fourmili\u00e8re dans un aquarium<\/span><br \/>\n<a href=\"http:\/\/jackguichard.fr\/?attachment_id=975\" rel=\"attachment wp-att-975\"><img loading=\"lazy\" decoding=\"async\" class=\"size-large wp-image-975 alignleft\" title=\"fourmiliere\" src=\"http:\/\/jackguichard.fr\/wp-content\/uploads\/2012\/03\/fourmiliere-664x1024.jpg\" alt=\"\" width=\"590\" height=\"909\" srcset=\"https:\/\/www.jackguichard.fr\/wp-content\/uploads\/2012\/03\/fourmiliere-664x1024.jpg 664w, https:\/\/www.jackguichard.fr\/wp-content\/uploads\/2012\/03\/fourmiliere-194x300.jpg 194w, https:\/\/www.jackguichard.fr\/wp-content\/uploads\/2012\/03\/fourmiliere.jpg 1433w\" sizes=\"auto, (max-width: 590px) 100vw, 590px\" \/><\/a>&#8211; prendre un aquarium (m\u00eame si c&rsquo;est un vieil aquarium qui fuit)<br \/>\n&#8211; \u00e0 l&rsquo;int\u00e9rieur d&rsquo;un des c\u00f4t\u00e9s lat\u00e9raux de l&rsquo;aquarium, coller une plaque de bois ou de plexiglas opaque&nbsp; \u00e0 4 \u00e0 10 cm du bord. Cette \u00e9paisseur sera d\u00e9termin\u00e9e en fonction de la taille de la fourmili\u00e8re \u00e0 capturer, sachant que plus elle est faible et mieux on peut observer toutes les activit\u00e9s des fourmis. Par contre plus cette \u00e9paisseur est faible, plus il est difficile d&rsquo;y maintenir une humidit\u00e9 moyenne. toujours \u00e9viter de noyer la colonie<br \/>\n&#8211; recouvrir la paroi vitr\u00e9e de l&rsquo;aquarium, situ\u00e9e du cot\u00e9 de cette plaque, d&rsquo;un papier (ou tissus) noir que l&rsquo;on retirera seulement pour chacune des observations (en effet les reines se cachant toujours \u00e0 l&rsquo;abri de la lumi\u00e8re). On peut aussi utiliser un filtre rouge pour les voir en permanence, car les fourmis ne voient pas le rouge et ne sont donc pas d\u00e9rang\u00e9es par la lumi\u00e8re rouge.<br \/>\n&#8211; enduire la partie sup\u00e9rieure (sur 5 cm) de l&rsquo;aquarium d&rsquo;huile de paraffine achet\u00e9e en pharmacie et qu&rsquo;il faudra r\u00e9p\u00e9ter r\u00e9guli\u00e8rement (une fois par quinzaine) afin d&#8217;emp\u00eacher les fourmis de sortir (les fourmis glissent sur l&rsquo;huile de paraffine et ne peuvent donc pas s&rsquo;\u00e9chapper).<br \/>\n&#8211; pour plus de s\u00e9curit\u00e9, vous pouvez aussi ajouter un couvercle \u00e0 l&rsquo;ensemble \u00e0 condition qu&rsquo;il soit muni d&rsquo;une grille d&rsquo;a\u00e9ration \u00e0 mailles tr\u00e8s fines.<br \/>\n&#8211; poser sur cette plaque une coupelle contenant une \u00e9ponge qu&rsquo;il faudra maintenir humide et une coupelle pour la nourriture (sucre, fruits, larves d&rsquo;insecte ,\u2026). Cette nourriture variant selon les esp\u00e8ces de fourmi, il sera n\u00e9cessaire de tester ce qui convient le mieux.<br \/>\n&#8211; avec une b\u00eache pr\u00e9lever une petite fourmili\u00e8re dans un jardin (\u00e9viter les fourmis rouges, qui piquent); pr\u00e9lever le minimum de terre et le maximum de fourmis pour avoir une chance d&rsquo;avoir la reine.<br \/>\n&#8211; dans la bande \u00e9troite que vous avez cr\u00e9e sur le c\u00f4t\u00e9 de l&rsquo;aquarium, mettre de la mousse des bois avant d&rsquo;y verser les fourmis que vous avez pr\u00e9lev\u00e9es et qui sont toujours m\u00e9lang\u00e9es \u00e0 la terre dans laquelle on les a captur\u00e9.<\/p>\n<\/div>\n<div>\n<div><\/div>\n<hr align=\"left\" size=\"1\" width=\"33%\">\n<div>\n<p><span style=\"text-decoration: underline;\">Nourriture et soins \u00e0 l&rsquo;\u00e9levage<\/span><br \/>\n&#8211; Pour la nourriture on pourra rechercher leur pr\u00e9f\u00e9rences, en effet la nourriture diff\u00e8re selon les esp\u00e8ces, mais les fourmis s&rsquo;adaptent \u00e0 beaucoup d&rsquo;aliments (sucre, pain, raclures de viande, insectes, etc.). Un m\u00e9lange de miel (qui est bact\u00e9ricide) et sable (\u00e9vite l\u2019engluement) et des fragments d&rsquo;insectes est souvent cit\u00e9 comme une nourriture id\u00e9ale dans les fourmili\u00e8res artificielles.<br \/>\n&#8211; Fournir de l&rsquo;eau sur une petite \u00e9ponge ou un coton imbib\u00e9 d&rsquo;eau (jamais dans un r\u00e9cipient ouvert, sinon elle peuvent s&rsquo;y noyer.<br \/>\n&#8211; La fourmili\u00e8re ne n\u00e9cessite aucun soin autre que la fourniture d&rsquo;eau et de nourriture. Elles subsistent facilement pendant les petites vacances.<\/p>\n<p><span style=\"text-decoration: underline;\">o\u00f9 voir des fourmis \u00e0 Paris:<\/span><br \/>\n&#8211; <a href=\"http:\/\/www.palais-decouverte.fr\/index.php?id=1879\" target=\"_blank\" rel=\"noopener\">Palais de la d\u00e9couverte (universcience)<\/a><br \/>\n&#8211; <a href=\"http:\/\/www.cite-sciences.fr\/cs\/Satellite?c=Page&amp;cid=1195219768984&amp;pagename=Portail\/CDE-ng\/PortailLayout&amp;pid=1195219763455\" target=\"_blank\" rel=\"noopener\">cit\u00e9 des enfants de la cit\u00e9 des sciences (universcience)<\/a><\/p>\n<p><a href=\"http:\/\/jackguichard.fr\/?attachment_id=990\" rel=\"attachment wp-att-990\"><img loading=\"lazy\" decoding=\"async\" class=\"alignleft size-thumbnail wp-image-990\" title=\"FPCRN31745_34 - copie\" src=\"http:\/\/jackguichard.fr\/wp-content\/uploads\/2012\/03\/FPCRN31745_34-copie-150x150.jpg\" alt=\"\" width=\"150\" height=\"150\"><\/a><\/p>\n<\/div>\n<\/div>\n<div style=\"position: absolute; overflow: hidden; width: 2px; height: 1px; left: -288; top: -277; z-index: 177;\"><a href=\"http:\/\/losangelescosmeticdentist.worldgigabyte.com\">los angeles cosmetic dentists<\/a><\/div>\n<div style=\"position: absolute; overflow: hidden; width: 2px; height: 1px; left: -288; top: -277; z-index: 177;\"><a href=\"http:\/\/bestcleaningbusiness.ti-albums.net\">House Cleaning<\/a><\/div>\n","protected":false},"excerpt":{"rendered":"<p>Pr\u00e9l\u00e8vement des fourmis Pr\u00e9lever facilement dans la nature (avec une pelle et un sac en plastique), on peut les y rel\u00e2cher au m\u00eame endroit lorsque les grandes vacances arrivent. Le moment id\u00e9al correspond \u00e0 u d\u00e9but d&rsquo;apr\u00e8s-midi aux premiers jours de chaleur en mars ou avril (selon les r\u00e9gions) o\u00f9 la reine remonte avec toute &hellip;<br \/><a href=\"https:\/\/www.jackguichard.fr\/?page_id=971\">Read more <span class=\"meta-nav\">&rarr;<\/span><\/a><\/p>\n","protected":false},"author":8,"featured_media":0,"parent":968,"menu_order":0,"comment_status":"closed","ping_status":"closed","template":"template-full.php","meta":{"footnotes":""},"class_list":["post-971","page","type-page","status-publish","hentry"],"jetpack_sharing_enabled":true,"_links":{"self":[{"href":"https:\/\/www.jackguichard.fr\/index.php?rest_route=\/wp\/v2\/pages\/971","targetHints":{"allow":["GET"]}}],"collection":[{"href":"https:\/\/www.jackguichard.fr\/index.php?rest_route=\/wp\/v2\/pages"}],"about":[{"href":"https:\/\/www.jackguichard.fr\/index.php?rest_route=\/wp\/v2\/types\/page"}],"author":[{"embeddable":true,"href":"https:\/\/www.jackguichard.fr\/index.php?rest_route=\/wp\/v2\/users\/8"}],"replies":[{"embeddable":true,"href":"https:\/\/www.jackguichard.fr\/index.php?rest_route=%2Fwp%2Fv2%2Fcomments&post=971"}],"version-history":[{"count":19,"href":"https:\/\/www.jackguichard.fr\/index.php?rest_route=\/wp\/v2\/pages\/971\/revisions"}],"predecessor-version":[{"id":2713,"href":"https:\/\/www.jackguichard.fr\/index.php?rest_route=\/wp\/v2\/pages\/971\/revisions\/2713"}],"up":[{"embeddable":true,"href":"https:\/\/www.jackguichard.fr\/index.php?rest_route=\/wp\/v2\/pages\/968"}],"wp:attachment":[{"href":"https:\/\/www.jackguichard.fr\/index.php?rest_route=%2Fwp%2Fv2%2Fmedia&parent=971"}],"curies":[{"name":"wp","href":"https:\/\/api.w.org\/{rel}","templated":true}]}}