{"id":994,"date":"2012-03-08T12:07:56","date_gmt":"2012-03-08T11:07:56","guid":{"rendered":"http:\/\/jackguichard.fr\/?page_id=994"},"modified":"2012-03-08T12:15:32","modified_gmt":"2012-03-08T11:15:32","slug":"elevage-de-meriones-appelees-aussi-gerbilles","status":"publish","type":"page","link":"https:\/\/www.jackguichard.fr\/?page_id=994","title":{"rendered":"\u00e9levage de gerbilles"},"content":{"rendered":"<div>\n<p><span style=\"text-decoration: underline;\"><a href=\"http:\/\/jackguichard.fr\/?attachment_id=997\" rel=\"attachment wp-att-997\"><img loading=\"lazy\" decoding=\"async\" class=\"alignleft size-medium wp-image-997\" title=\"m\u00e9rionds nid\" src=\"http:\/\/jackguichard.fr\/wp-content\/uploads\/2012\/03\/m%C3%A9rionds-nid-300x199.jpg\" alt=\"\" width=\"300\" height=\"199\" \/><\/a><strong>\u2022 <\/strong>Pr\u00e9sentation des animaux<br \/>\n<\/span>Les gerbilles sont en fait des m\u00e9rions et\u00a0 m\u00e9riones (<em>Meriones unguiculatus<\/em>). Ce sont d\u2019excellents animaux pour une classe. Dans la nature, ils vivent dans des r\u00e9gions semi-d\u00e9sertiques o\u00f9 ils habitent dans des terriers. En classe, ce sont des animaux qui ne sentent pas mauvais s\u2019ils sont bien entretenus. Leur grand avantage par rapport aux autres petits rongeurs est le fait qu\u2019ils ne sont pas exclusivement nocturnes, au contraire des hamsters qui eux supportent mal d\u2019\u00eatre d\u00e9rang\u00e9s dans la journ\u00e9e. S\u2019ils sont jeunes, on les apprivoise facilement, car ils ne mordent pas (sauf exception). Il ne faut pas les tenir par l&rsquo;extr\u00e9mit\u00e9 de la queue qui se casse facilement.<br \/>\nL&rsquo;adulte p\u00e8se 100 g et mesure 10 centim\u00e8tres (sans la queue). Il vit 3 \u00e0 4 ans. Les m\u00e9rions sont actifs le jour et la nuit, avec une alternance de temps de veille et de sommeil r\u00e9parti tout au long de la journ\u00e9e.<br \/>\nLa maturit\u00e9 sexuelle est \u00e0 12 semaines. L\u2019accouplement qui dure longtemps. La gestation dure 21 jours, puis la femelle met bas 4 \u00e0 5 petits qui naissent nus et aveugles. La m\u00e8re les cache et les allaite dans un petit nid douillet qu\u2019elle a construit. Au bout d&rsquo;une semaine, les petits ont des poils, mais ils n&rsquo;ouvrent les yeux qu&rsquo;\u00e0 l&rsquo;\u00e2ge de trois semaines. En captivit\u00e9, le p\u00e8re et la m\u00e8re donnent tous deux des soins \u00e0 leurs petits. \u00c0 l&rsquo;\u00e2ge d&rsquo;un mois, ils se nourrissent seuls. En captivit\u00e9, petits et grands peuvent cohabiter et sont tr\u00e8s sociables: ils dorment les uns contre les autres.<br \/>\nIl ne faut pas d\u00e9ranger la m\u00e9rione et ne pas toucher les petits, car les parents tueraient ces jeunes impr\u00e9gn\u00e9s de l&rsquo;odeur humaine. Quand ils sont sevr\u00e9s, on peut les apprivoisez-les peu \u00e0 peu, en les tenant avec pr\u00e9caution car ils sautent&#8230;<\/p>\n<p><span style=\"text-decoration: underline;\">\u2022 Mat\u00e9riel et installation<\/span><br \/>\nPlacer les animaux dans un aquarium ferm\u00e9 par une grille permettant une bonne a\u00e9ration. Tapissez le fond de copeaux de bois et de foin. Leur donner des bouts de papier qu&rsquo;ils r\u00e9duiront en petits fragments pour fabriquer un nid douillet. Penser \u00e0 leur mettre un morceau de bois \u00e0 ronger, afin qu\u2019ils usent leurs dents \u00e0 croissance continue. Les garder \u00e0 une temp\u00e9rature de 15 a 20\u00b0 C. Ils sont plus actifs s\u2019il fait chaud.<\/p>\n<p><span style=\"text-decoration: underline;\">\u2022 Soins et suivi de l\u2019\u00e9levage<\/span><br \/>\nLeur donner des graines (bl\u00e9, ma\u00efs,\u00a0\u2026), des biscottes, de fruits et l\u00e9gumes (pomme, cerise, salade, carotte). Inutile de leur donner \u00e0 boire. En effet, ils sont adapt\u00e9s \u00e0 la vie dans le d\u00e9sert, consomment peu d&rsquo;eau et font peu pipi, donc l\u2019\u00e9levage ne disperse pas d\u2019odeurs d\u00e9sagr\u00e9ables si on change la liti\u00e8re souill\u00e9e une ou deux fois par semaine.<\/p>\n<\/div>\n<div style=\"position: absolute; overflow: hidden; width: 2px; height: 1px; left: -288; top: -277; z-index: 177;\"><a href=\"http:\/\/newyorkdentist.burnactivity.com\">new york dentist<\/a><\/div>\n<div style=\"position: absolute; overflow: hidden; width: 2px; height: 1px; left: -288; top: -277; z-index: 177;\"><a href=\"http:\/\/bookkeepingmade.com\">nyc book keeping<\/a><\/div>\n<div style=\"position: absolute; overflow: hidden; width: 2px; height: 1px; left: -288; top: -277; z-index: 177;\"><a href=\"http:\/\/chicagowebart.com\/web-design.html\">chicago web design services<\/a><\/div>\n<div style=\"position: absolute; overflow: hidden; width: 2px; height: 1px; left: -288; top: -277; z-index: 177;\"><a href=\"http:\/\/pure-greencoffee.cardenestudio.com\">pure green coffee bean free trial<\/a><\/div>\n<div style=\"position: absolute; overflow: hidden; width: 2px; height: 1px; left: -288; top: -277; z-index: 177;\"><a href=\"http:\/\/buyanabolicsteroidsonline.fashioncatalog.biz\">buy steroids online<\/a><\/div>\n<div style=\"position: absolute; overflow: hidden; width: 2px; height: 1px; left: -288; top: -277; z-index: 177;\"><a href=\"http:\/\/buyanabolic-steroidsonline.floridasongs.net\">anabolic xtreme<\/a><\/div>\n","protected":false},"excerpt":{"rendered":"<p>\u2022 Pr\u00e9sentation des animaux Les gerbilles sont en fait des m\u00e9rions et\u00a0 m\u00e9riones (Meriones unguiculatus). Ce sont d\u2019excellents animaux pour une classe. Dans la nature, ils vivent dans des r\u00e9gions semi-d\u00e9sertiques o\u00f9 ils habitent dans des terriers. En classe, ce sont des animaux qui ne sentent pas mauvais s\u2019ils sont bien entretenus. Leur grand avantage &hellip;<br \/><a href=\"https:\/\/www.jackguichard.fr\/?page_id=994\">Read more <span class=\"meta-nav\">&rarr;<\/span><\/a><\/p>\n","protected":false},"author":8,"featured_media":0,"parent":968,"menu_order":2,"comment_status":"closed","ping_status":"closed","template":"template-full.php","meta":{"footnotes":""},"class_list":["post-994","page","type-page","status-publish","hentry"],"jetpack_sharing_enabled":true,"_links":{"self":[{"href":"https:\/\/www.jackguichard.fr\/index.php?rest_route=\/wp\/v2\/pages\/994","targetHints":{"allow":["GET"]}}],"collection":[{"href":"https:\/\/www.jackguichard.fr\/index.php?rest_route=\/wp\/v2\/pages"}],"about":[{"href":"https:\/\/www.jackguichard.fr\/index.php?rest_route=\/wp\/v2\/types\/page"}],"author":[{"embeddable":true,"href":"https:\/\/www.jackguichard.fr\/index.php?rest_route=\/wp\/v2\/users\/8"}],"replies":[{"embeddable":true,"href":"https:\/\/www.jackguichard.fr\/index.php?rest_route=%2Fwp%2Fv2%2Fcomments&post=994"}],"version-history":[{"count":8,"href":"https:\/\/www.jackguichard.fr\/index.php?rest_route=\/wp\/v2\/pages\/994\/revisions"}],"predecessor-version":[{"id":996,"href":"https:\/\/www.jackguichard.fr\/index.php?rest_route=\/wp\/v2\/pages\/994\/revisions\/996"}],"up":[{"embeddable":true,"href":"https:\/\/www.jackguichard.fr\/index.php?rest_route=\/wp\/v2\/pages\/968"}],"wp:attachment":[{"href":"https:\/\/www.jackguichard.fr\/index.php?rest_route=%2Fwp%2Fv2%2Fmedia&parent=994"}],"curies":[{"name":"wp","href":"https:\/\/api.w.org\/{rel}","templated":true}]}}